{"id":13107,"date":"2024-04-02T07:58:30","date_gmt":"2024-04-02T07:58:30","guid":{"rendered":"https:\/\/gumi.hu\/auto-gumi\/?page_id=13107"},"modified":"2024-11-12T10:51:09","modified_gmt":"2024-11-12T10:51:09","slug":"startoljon-el-a-pirellivel-es-nyerjen-f1-jegyeket","status":"publish","type":"page","link":"https:\/\/gumi.hu\/auto-gumi\/startoljon-el-a-pirellivel-es-nyerjen-f1-jegyeket\/","title":{"rendered":"Startolj el a Pirellivel \u00e9s nyerj F1 jegyeket!"},"content":{"rendered":"\t\t<div data-elementor-type=\"wp-page\" data-elementor-id=\"13107\" class=\"elementor elementor-13107\">\n\t\t\t\t\t\t<section class=\"elementor-section elementor-top-section elementor-element elementor-element-577cd68c elementor-section-boxed elementor-section-height-default elementor-section-height-default\" data-id=\"577cd68c\" data-element_type=\"section\">\n\t\t\t\t\t\t<div class=\"elementor-container elementor-column-gap-default\">\n\t\t\t\t\t<div class=\"elementor-column elementor-col-100 elementor-top-column elementor-element elementor-element-7aabd17a\" data-id=\"7aabd17a\" data-element_type=\"column\">\n\t\t\t<div class=\"elementor-widget-wrap elementor-element-populated\">\n\t\t\t\t\t\t<div class=\"elementor-element elementor-element-ae96721 elementor-widget elementor-widget-html\" data-id=\"ae96721\" data-element_type=\"widget\" data-widget_type=\"html.default\">\n\t\t\t\t<div class=\"elementor-widget-container\">\n\t\t\t\t\t <!-- Google Tag Manager -->\r\n    <script>(function (w, d, s, l, i) {\r\n                w[l] = w[l] || [];\r\n                w[l].push({\r\n                    'gtm.start':\r\n                        new Date().getTime(), event: 'gtm.js'\r\n                });\r\n                var f = d.getElementsByTagName(s)[0],\r\n                    j = d.createElement(s), dl = l != 'dataLayer' ? '&l=' + l : '';\r\n                j.async = true;\r\n                j.src =\r\n                    'https:\/\/www.googletagmanager.com\/gtm.js?id=' + i + dl;\r\n                f.parentNode.insertBefore(j, f);\r\n            })(window, document, 'script', 'dataLayer', 'GTM-5BVBK9T');\r\n    <\/script>\r\n    <!-- End Google Tag Manager -->\r\n\t<!-- Google Tag Manager (noscript) -->\r\n\t<noscript>\r\n\t\t<iframe src=\"https:\/\/www.googletagmanager.com\/ns.html?id=GTM-5BVBK9T\" height=\"0\" width=\"0\" style=\"display:none;visibility:hidden\"><\/iframe>\r\n\t<\/noscript>\r\n\t<!-- End Google Tag Manager (noscript) -->\t\t\t\t<\/div>\n\t\t\t\t<\/div>\n\t\t\t\t\t<\/div>\n\t\t<\/div>\n\t\t\t\t\t<\/div>\n\t\t<\/section>\n\t\t\t\t<section class=\"elementor-section elementor-top-section elementor-element elementor-element-102b8687 elementor-section-content-middle elementor-section-boxed elementor-section-height-default elementor-section-height-default\" data-id=\"102b8687\" data-element_type=\"section\" data-settings=\"{&quot;background_background&quot;:&quot;classic&quot;}\">\n\t\t\t\t\t\t<div class=\"elementor-container elementor-column-gap-no\">\n\t\t\t\t\t<div class=\"elementor-column elementor-col-100 elementor-top-column elementor-element elementor-element-9743388\" data-id=\"9743388\" data-element_type=\"column\">\n\t\t\t<div class=\"elementor-widget-wrap elementor-element-populated\">\n\t\t\t\t\t\t<div class=\"elementor-element elementor-element-10cd467b elementor-widget elementor-widget-image\" data-id=\"10cd467b\" data-element_type=\"widget\" data-widget_type=\"image.default\">\n\t\t\t\t<div class=\"elementor-widget-container\">\n\t\t\t\t\t\t\t\t\t\t\t\t\t\t\t<img decoding=\"async\" width=\"263\" height=\"81\" src=\"https:\/\/gumi.hu\/auto-gumi\/wp-content\/uploads\/2021\/06\/pirelli-logo.png\" class=\"attachment-large size-large wp-image-6197\" alt=\"\" \/>\t\t\t\t\t\t\t\t\t\t\t\t\t\t\t<\/div>\n\t\t\t\t<\/div>\n\t\t\t\t\t<\/div>\n\t\t<\/div>\n\t\t\t\t\t<\/div>\n\t\t<\/section>\n\t\t\t\t<section class=\"elementor-section elementor-top-section elementor-element elementor-element-436b9a2 elementor-section-content-middle elementor-section-boxed elementor-section-height-default elementor-section-height-default\" data-id=\"436b9a2\" data-element_type=\"section\" data-settings=\"{&quot;background_background&quot;:&quot;classic&quot;}\">\n\t\t\t\t\t\t<div class=\"elementor-container elementor-column-gap-no\">\n\t\t\t\t\t<div class=\"elementor-column elementor-col-100 elementor-top-column elementor-element elementor-element-5b6e871e\" data-id=\"5b6e871e\" data-element_type=\"column\">\n\t\t\t<div class=\"elementor-widget-wrap elementor-element-populated\">\n\t\t\t\t\t\t<div class=\"elementor-element elementor-element-de21602 elementor-widget elementor-widget-heading\" data-id=\"de21602\" data-element_type=\"widget\" data-widget_type=\"heading.default\">\n\t\t\t\t<div class=\"elementor-widget-container\">\n\t\t\t\t\t<h4 class=\"elementor-heading-title elementor-size-default\">STARTOLJON EL A PIRELLIVEL <br>\u00c9S NYERJEN F1 JEGYEKET!<\/h4>\t\t\t\t<\/div>\n\t\t\t\t<\/div>\n\t\t\t\t\t<\/div>\n\t\t<\/div>\n\t\t\t\t\t<\/div>\n\t\t<\/section>\n\t\t\t\t<section class=\"elementor-section elementor-top-section elementor-element elementor-element-5c3373c1 elementor-section-content-middle elementor-section-boxed elementor-section-height-default elementor-section-height-default\" data-id=\"5c3373c1\" data-element_type=\"section\">\n\t\t\t\t\t\t<div class=\"elementor-container elementor-column-gap-no\">\n\t\t\t\t\t<div class=\"elementor-column elementor-col-100 elementor-top-column elementor-element elementor-element-2a18c5e7\" data-id=\"2a18c5e7\" data-element_type=\"column\">\n\t\t\t<div class=\"elementor-widget-wrap elementor-element-populated\">\n\t\t\t\t\t\t<section class=\"elementor-section elementor-inner-section elementor-element elementor-element-84f7f60 elementor-section-content-middle elementor-section-boxed elementor-section-height-default elementor-section-height-default\" data-id=\"84f7f60\" data-element_type=\"section\">\n\t\t\t\t\t\t<div class=\"elementor-container elementor-column-gap-no\">\n\t\t\t\t\t<div class=\"elementor-column elementor-col-50 elementor-inner-column elementor-element elementor-element-13d1561a\" data-id=\"13d1561a\" data-element_type=\"column\">\n\t\t\t<div class=\"elementor-widget-wrap elementor-element-populated\">\n\t\t\t\t\t\t<div class=\"elementor-element elementor-element-2a8d02ec elementor-widget elementor-widget-image\" data-id=\"2a8d02ec\" data-element_type=\"widget\" data-widget_type=\"image.default\">\n\t\t\t\t<div class=\"elementor-widget-container\">\n\t\t\t\t\t\t\t\t\t\t\t\t\t\t\t<img fetchpriority=\"high\" decoding=\"async\" width=\"576\" height=\"1024\" src=\"https:\/\/gumi.hu\/auto-gumi\/wp-content\/uploads\/2024\/04\/Pirelli-Sell-out-kampany-KV-1080x1920px-v2-576x1024.jpg\" class=\"attachment-large size-large wp-image-13111\" alt=\"\" srcset=\"https:\/\/gumi.hu\/auto-gumi\/wp-content\/uploads\/2024\/04\/Pirelli-Sell-out-kampany-KV-1080x1920px-v2-576x1024.jpg 576w, https:\/\/gumi.hu\/auto-gumi\/wp-content\/uploads\/2024\/04\/Pirelli-Sell-out-kampany-KV-1080x1920px-v2-169x300.jpg 169w, https:\/\/gumi.hu\/auto-gumi\/wp-content\/uploads\/2024\/04\/Pirelli-Sell-out-kampany-KV-1080x1920px-v2-768x1365.jpg 768w, https:\/\/gumi.hu\/auto-gumi\/wp-content\/uploads\/2024\/04\/Pirelli-Sell-out-kampany-KV-1080x1920px-v2-864x1536.jpg 864w, https:\/\/gumi.hu\/auto-gumi\/wp-content\/uploads\/2024\/04\/Pirelli-Sell-out-kampany-KV-1080x1920px-v2.jpg 1080w\" sizes=\"(max-width: 576px) 100vw, 576px\" \/>\t\t\t\t\t\t\t\t\t\t\t\t\t\t\t<\/div>\n\t\t\t\t<\/div>\n\t\t\t\t\t<\/div>\n\t\t<\/div>\n\t\t\t\t<div class=\"elementor-column elementor-col-50 elementor-inner-column elementor-element elementor-element-4e2685a1\" data-id=\"4e2685a1\" data-element_type=\"column\">\n\t\t\t<div class=\"elementor-widget-wrap elementor-element-populated\">\n\t\t\t\t\t\t<div class=\"elementor-element elementor-element-5f88deab elementor-widget elementor-widget-heading\" data-id=\"5f88deab\" data-element_type=\"widget\" data-widget_type=\"heading.default\">\n\t\t\t\t<div class=\"elementor-widget-container\">\n\t\t\t\t\t<h2 class=\"elementor-heading-title elementor-size-default\"><span style=\"color: var( --e-global-color-7097095 );background-color: var(--base-2)\">V\u00e1s\u00e1roljon <\/span><span style=\"color: var( --e-global-color-7097095 );background-color: var(--base-2)\"><b>4 db 17 coll vagy 17 coll feletti Pirelli abroncsot <\/b><\/span><span style=\"color: var( --e-global-color-7097095 );background-color: var(--base-2)\">a <\/span><b>gumi.hu<\/b> web\u00e1ruh\u00e1zban.<br><\/h2>\t\t\t\t<\/div>\n\t\t\t\t<\/div>\n\t\t\t\t<div class=\"elementor-element elementor-element-8abc1b1 elementor-align-center elementor-widget elementor-widget-button\" data-id=\"8abc1b1\" data-element_type=\"widget\" data-settings=\"{&quot;_animation&quot;:&quot;none&quot;}\" data-widget_type=\"button.default\">\n\t\t\t\t<div class=\"elementor-widget-container\">\n\t\t\t\t\t\t\t\t\t<div class=\"elementor-button-wrapper\">\n\t\t\t\t\t<a class=\"elementor-button elementor-button-link elementor-size-sm elementor-animation-pulse\" href=\"https:\/\/gumi.hu\/autogumi\/nyari-gumi\/pirelli\" target=\"_blank\">\n\t\t\t\t\t\t<span class=\"elementor-button-content-wrapper\">\n\t\t\t\t\t\t\t\t\t<span class=\"elementor-button-text\">Pirelli ny\u00e1ri gumi<\/span>\n\t\t\t\t\t<\/span>\n\t\t\t\t\t<\/a>\n\t\t\t\t<\/div>\n\t\t\t\t\t\t\t\t<\/div>\n\t\t\t\t<\/div>\n\t\t\t\t<div class=\"elementor-element elementor-element-6f5778bc elementor-align-center elementor-widget elementor-widget-button\" data-id=\"6f5778bc\" data-element_type=\"widget\" data-widget_type=\"button.default\">\n\t\t\t\t<div class=\"elementor-widget-container\">\n\t\t\t\t\t\t\t\t\t<div class=\"elementor-button-wrapper\">\n\t\t\t\t\t<a class=\"elementor-button elementor-button-link elementor-size-sm elementor-animation-pulse\" href=\"https:\/\/gumi.hu\/autogumi\/negyevszakos\/pirelli\" target=\"_blank\">\n\t\t\t\t\t\t<span class=\"elementor-button-content-wrapper\">\n\t\t\t\t\t\t\t\t\t<span class=\"elementor-button-text\">Pirelli n\u00e9gy\u00e9vszakos gumi<\/span>\n\t\t\t\t\t<\/span>\n\t\t\t\t\t<\/a>\n\t\t\t\t<\/div>\n\t\t\t\t\t\t\t\t<\/div>\n\t\t\t\t<\/div>\n\t\t\t\t<div class=\"elementor-element elementor-element-7ab381c7 elementor-widget elementor-widget-heading\" data-id=\"7ab381c7\" data-element_type=\"widget\" data-widget_type=\"heading.default\">\n\t\t\t\t<div class=\"elementor-widget-container\">\n\t\t\t\t\t<h2 class=\"elementor-heading-title elementor-size-default\">Regisztr\u00e1ljon \u00e9s nyerjen <b>2 db bel\u00e9p\u0151jegyet <\/b>a <b>FORMULA 1 2024-es Magyar Nagyd\u00edj\u00e1ra<\/b>, tov\u00e1bb\u00e1 egy exkluz\u00edv k\u00f6z\u00f6s \u00e9lm\u00e9nyt <b>W\u00e9ber G\u00e1borral<\/b>.<\/h2>\t\t\t\t<\/div>\n\t\t\t\t<\/div>\n\t\t\t\t\t<\/div>\n\t\t<\/div>\n\t\t\t\t\t<\/div>\n\t\t<\/section>\n\t\t\t\t\t<\/div>\n\t\t<\/div>\n\t\t\t\t\t<\/div>\n\t\t<\/section>\n\t\t\t\t<section class=\"elementor-section elementor-top-section elementor-element elementor-element-31989e01 elementor-section-content-middle elementor-section-boxed elementor-section-height-default elementor-section-height-default\" data-id=\"31989e01\" data-element_type=\"section\" data-settings=\"{&quot;background_background&quot;:&quot;classic&quot;}\">\n\t\t\t\t\t\t<div class=\"elementor-container elementor-column-gap-no\">\n\t\t\t\t\t<div class=\"elementor-column elementor-col-100 elementor-top-column elementor-element elementor-element-1d9f056d\" data-id=\"1d9f056d\" data-element_type=\"column\">\n\t\t\t<div class=\"elementor-widget-wrap elementor-element-populated\">\n\t\t\t\t\t\t<div class=\"elementor-element elementor-element-6312b9dd elementor-widget elementor-widget-heading\" data-id=\"6312b9dd\" data-element_type=\"widget\" data-widget_type=\"heading.default\">\n\t\t\t\t<div class=\"elementor-widget-container\">\n\t\t\t\t\t<h2 class=\"elementor-heading-title elementor-size-default\">Hogyan vehet r\u00e9szt a nyerem\u00e9nyj\u00e1t\u00e9kban?<\/h2>\t\t\t\t<\/div>\n\t\t\t\t<\/div>\n\t\t\t\t<div class=\"elementor-element elementor-element-15e1f065 elementor-widget elementor-widget-text-editor\" data-id=\"15e1f065\" data-element_type=\"widget\" data-widget_type=\"text-editor.default\">\n\t\t\t\t<div class=\"elementor-widget-container\">\n\t\t\t\t\t\t\t\t\t<p>1. V\u00e1s\u00e1roljon a gumi.hu-n <b>4 db 17 coll vagy afeletti Pirelli<\/b> gumiabroncsot a <strong><a href=\"https:\/\/promo.pirelli.com\/tyres\/hu-HU\/car\/summer\/eligibletires\" target=\"_blank\" rel=\"noopener\">prom\u00f3ci\u00f3ban r\u00e9szt vev\u0151 term\u00e9kek<\/a><\/strong> k\u00f6z\u00fcl<span style=\"color: var( --e-global-color-53a31816 );\">,<\/span><\/p>\t\t\t\t\t\t\t\t<\/div>\n\t\t\t\t<\/div>\n\t\t\t\t<div class=\"elementor-element elementor-element-3447b4e elementor-widget elementor-widget-text-editor\" data-id=\"3447b4e\" data-element_type=\"widget\" data-widget_type=\"text-editor.default\">\n\t\t\t\t<div class=\"elementor-widget-container\">\n\t\t\t\t\t\t\t\t\t<p><span style=\"color: var( --e-global-color-53a31816 );\">2. <\/span><b style=\"color: var( --e-global-color-53a31816 );\">Regisztr\u00e1ljon<\/b><span style=\"color: var( --e-global-color-53a31816 );\"> az al\u00e1bbi linken:<\/span><\/p>\t\t\t\t\t\t\t\t<\/div>\n\t\t\t\t<\/div>\n\t\t\t\t<div class=\"elementor-element elementor-element-b52fc0e elementor-align-center elementor-widget elementor-widget-button\" data-id=\"b52fc0e\" data-element_type=\"widget\" data-widget_type=\"button.default\">\n\t\t\t\t<div class=\"elementor-widget-container\">\n\t\t\t\t\t\t\t\t\t<div class=\"elementor-button-wrapper\">\n\t\t\t\t\t<a class=\"elementor-button elementor-button-link elementor-size-lg elementor-animation-pulse\" href=\"https:\/\/promo.pirelli.com\/tyres\/hu-HU\/car\/summer\/overview\" target=\"_blank\">\n\t\t\t\t\t\t<span class=\"elementor-button-content-wrapper\">\n\t\t\t\t\t\t\t\t\t<span class=\"elementor-button-text\">REGISZTR\u00c1LOK<\/span>\n\t\t\t\t\t<\/span>\n\t\t\t\t\t<\/a>\n\t\t\t\t<\/div>\n\t\t\t\t\t\t\t\t<\/div>\n\t\t\t\t<\/div>\n\t\t\t\t<div class=\"elementor-element elementor-element-4187407 elementor-widget elementor-widget-text-editor\" data-id=\"4187407\" data-element_type=\"widget\" data-widget_type=\"text-editor.default\">\n\t\t\t\t<div class=\"elementor-widget-container\">\n\t\t\t\t\t\t\t\t\t<p>A prom\u00f3ci\u00f3 id\u0151tartama: <b>2024. \u00e1prilis 1. &#8211; 2024. m\u00e1jus 31.\u00a0<\/b><\/p>\t\t\t\t\t\t\t\t<\/div>\n\t\t\t\t<\/div>\n\t\t\t\t<div class=\"elementor-element elementor-element-20cb5786 elementor-align-center elementor-widget elementor-widget-button\" data-id=\"20cb5786\" data-element_type=\"widget\" data-widget_type=\"button.default\">\n\t\t\t\t<div class=\"elementor-widget-container\">\n\t\t\t\t\t\t\t\t\t<div class=\"elementor-button-wrapper\">\n\t\t\t\t\t<a class=\"elementor-button elementor-button-link elementor-size-lg elementor-animation-pulse\" href=\"https:\/\/promo.pirelli.com\/tyres\/hu-HU\/car\/summer\/how-to-participate\" target=\"_blank\">\n\t\t\t\t\t\t<span class=\"elementor-button-content-wrapper\">\n\t\t\t\t\t\t\t\t\t<span class=\"elementor-button-text\">Tov\u00e1bbi inform\u00e1ci\u00f3<\/span>\n\t\t\t\t\t<\/span>\n\t\t\t\t\t<\/a>\n\t\t\t\t<\/div>\n\t\t\t\t\t\t\t\t<\/div>\n\t\t\t\t<\/div>\n\t\t\t\t<div class=\"elementor-element elementor-element-170bd096 elementor-widget-divider--view-line elementor-widget elementor-widget-divider\" data-id=\"170bd096\" data-element_type=\"widget\" data-widget_type=\"divider.default\">\n\t\t\t\t<div class=\"elementor-widget-container\">\n\t\t\t\t\t\t\t<div class=\"elementor-divider\">\n\t\t\t<span class=\"elementor-divider-separator\">\n\t\t\t\t\t\t<\/span>\n\t\t<\/div>\n\t\t\t\t\t\t<\/div>\n\t\t\t\t<\/div>\n\t\t\t\t\t<\/div>\n\t\t<\/div>\n\t\t\t\t\t<\/div>\n\t\t<\/section>\n\t\t\t\t<\/div>\n\t\t","protected":false},"excerpt":{"rendered":"<p>STARTOLJON EL A PIRELLIVEL \u00c9S NYERJEN F1 JEGYEKET! V\u00e1s\u00e1roljon 4 db 17 coll vagy 17 coll feletti Pirelli abroncsot a gumi.hu web\u00e1ruh\u00e1zban. Pirelli ny\u00e1ri gumi Pirelli n\u00e9gy\u00e9vszakos gumi Regisztr\u00e1ljon \u00e9s nyerjen 2 db bel\u00e9p\u0151jegyet a FORMULA 1 2024-es Magyar Nagyd\u00edj\u00e1ra, tov\u00e1bb\u00e1 egy exkluz\u00edv k\u00f6z\u00f6s \u00e9lm\u00e9nyt W\u00e9ber G\u00e1borral. Hogyan vehet r\u00e9szt a nyerem\u00e9nyj\u00e1t\u00e9kban? 1. V\u00e1s\u00e1roljon a &#8230; <a title=\"Startolj el a Pirellivel \u00e9s nyerj F1 jegyeket!\" class=\"read-more\" href=\"https:\/\/gumi.hu\/auto-gumi\/startoljon-el-a-pirellivel-es-nyerjen-f1-jegyeket\/\" aria-label=\"Read more about Startolj el a Pirellivel \u00e9s nyerj F1 jegyeket!\">Olvass tov\u00e1bb<\/a><\/p>\n","protected":false},"author":18,"featured_media":13108,"parent":0,"menu_order":0,"comment_status":"closed","ping_status":"closed","template":"elementor_canvas","meta":{"footnotes":""},"class_list":["post-13107","page","type-page","status-publish","has-post-thumbnail"],"yoast_head":"<!-- This site is optimized with the Yoast SEO plugin v26.7 - https:\/\/yoast.com\/wordpress\/plugins\/seo\/ -->\n<title>Startolj el a Pirellivel \u00e9s nyerj F1 jegyeket! - Gumi.hu<\/title>\n<meta name=\"robots\" content=\"noindex, follow\" \/>\n<meta property=\"og:locale\" content=\"hu_HU\" \/>\n<meta property=\"og:type\" content=\"article\" \/>\n<meta property=\"og:title\" content=\"Startolj el a Pirellivel \u00e9s nyerj F1 jegyeket! - Gumi.hu\" \/>\n<meta property=\"og:description\" content=\"STARTOLJON EL A PIRELLIVEL \u00c9S NYERJEN F1 JEGYEKET! V\u00e1s\u00e1roljon 4 db 17 coll vagy 17 coll feletti Pirelli abroncsot a gumi.hu web\u00e1ruh\u00e1zban. Pirelli ny\u00e1ri gumi Pirelli n\u00e9gy\u00e9vszakos gumi Regisztr\u00e1ljon \u00e9s nyerjen 2 db bel\u00e9p\u0151jegyet a FORMULA 1 2024-es Magyar Nagyd\u00edj\u00e1ra, tov\u00e1bb\u00e1 egy exkluz\u00edv k\u00f6z\u00f6s \u00e9lm\u00e9nyt W\u00e9ber G\u00e1borral. Hogyan vehet r\u00e9szt a nyerem\u00e9nyj\u00e1t\u00e9kban? 1. V\u00e1s\u00e1roljon a ... Olvass tov\u00e1bb\" \/>\n<meta property=\"og:url\" content=\"https:\/\/gumi.hu\/auto-gumi\/startoljon-el-a-pirellivel-es-nyerjen-f1-jegyeket\/\" \/>\n<meta property=\"og:site_name\" content=\"Gumi.hu\" \/>\n<meta property=\"article:publisher\" content=\"https:\/\/www.facebook.com\/akhautoszerviz\/\" \/>\n<meta property=\"article:modified_time\" content=\"2024-11-12T10:51:09+00:00\" \/>\n<meta property=\"og:image\" content=\"https:\/\/gumi.hu\/auto-gumi\/wp-content\/uploads\/2024\/04\/Pirelli-Sell-out-kampany-KV-1920x1080px-v2.jpg\" \/>\n\t<meta property=\"og:image:width\" content=\"1920\" \/>\n\t<meta property=\"og:image:height\" content=\"1080\" \/>\n\t<meta property=\"og:image:type\" content=\"image\/jpeg\" \/>\n<meta name=\"twitter:card\" content=\"summary_large_image\" \/>\n<meta name=\"twitter:label1\" content=\"Becs\u00fclt olvas\u00e1si id\u0151\" \/>\n\t<meta name=\"twitter:data1\" content=\"1 perc\" \/>\n<script type=\"application\/ld+json\" class=\"yoast-schema-graph\">{\"@context\":\"https:\/\/schema.org\",\"@graph\":[{\"@type\":\"WebPage\",\"@id\":\"https:\/\/gumi.hu\/auto-gumi\/startoljon-el-a-pirellivel-es-nyerjen-f1-jegyeket\/\",\"url\":\"https:\/\/gumi.hu\/auto-gumi\/startoljon-el-a-pirellivel-es-nyerjen-f1-jegyeket\/\",\"name\":\"Startolj el a Pirellivel \u00e9s nyerj F1 jegyeket! - Gumi.hu\",\"isPartOf\":{\"@id\":\"https:\/\/gumi.hu\/auto-gumi\/#website\"},\"primaryImageOfPage\":{\"@id\":\"https:\/\/gumi.hu\/auto-gumi\/startoljon-el-a-pirellivel-es-nyerjen-f1-jegyeket\/#primaryimage\"},\"image\":{\"@id\":\"https:\/\/gumi.hu\/auto-gumi\/startoljon-el-a-pirellivel-es-nyerjen-f1-jegyeket\/#primaryimage\"},\"thumbnailUrl\":\"https:\/\/gumi.hu\/auto-gumi\/wp-content\/uploads\/2024\/04\/Pirelli-Sell-out-kampany-KV-1920x1080px-v2.jpg\",\"datePublished\":\"2024-04-02T07:58:30+00:00\",\"dateModified\":\"2024-11-12T10:51:09+00:00\",\"breadcrumb\":{\"@id\":\"https:\/\/gumi.hu\/auto-gumi\/startoljon-el-a-pirellivel-es-nyerjen-f1-jegyeket\/#breadcrumb\"},\"inLanguage\":\"hu\",\"potentialAction\":[{\"@type\":\"ReadAction\",\"target\":[\"https:\/\/gumi.hu\/auto-gumi\/startoljon-el-a-pirellivel-es-nyerjen-f1-jegyeket\/\"]}]},{\"@type\":\"ImageObject\",\"inLanguage\":\"hu\",\"@id\":\"https:\/\/gumi.hu\/auto-gumi\/startoljon-el-a-pirellivel-es-nyerjen-f1-jegyeket\/#primaryimage\",\"url\":\"https:\/\/gumi.hu\/auto-gumi\/wp-content\/uploads\/2024\/04\/Pirelli-Sell-out-kampany-KV-1920x1080px-v2.jpg\",\"contentUrl\":\"https:\/\/gumi.hu\/auto-gumi\/wp-content\/uploads\/2024\/04\/Pirelli-Sell-out-kampany-KV-1920x1080px-v2.jpg\",\"width\":1920,\"height\":1080,\"caption\":\"Pirelli F1\"},{\"@type\":\"BreadcrumbList\",\"@id\":\"https:\/\/gumi.hu\/auto-gumi\/startoljon-el-a-pirellivel-es-nyerjen-f1-jegyeket\/#breadcrumb\",\"itemListElement\":[{\"@type\":\"ListItem\",\"position\":1,\"name\":\"Kezd\u0151lap\",\"item\":\"https:\/\/gumi.hu\/auto-gumi\/\"},{\"@type\":\"ListItem\",\"position\":2,\"name\":\"Startolj el a Pirellivel \u00e9s nyerj F1 jegyeket!\"}]},{\"@type\":\"WebSite\",\"@id\":\"https:\/\/gumi.hu\/auto-gumi\/#website\",\"url\":\"https:\/\/gumi.hu\/auto-gumi\/\",\"name\":\"Gumi.hu\",\"description\":\"\",\"publisher\":{\"@id\":\"https:\/\/gumi.hu\/auto-gumi\/#organization\"},\"potentialAction\":[{\"@type\":\"SearchAction\",\"target\":{\"@type\":\"EntryPoint\",\"urlTemplate\":\"https:\/\/gumi.hu\/auto-gumi\/?s={search_term_string}\"},\"query-input\":{\"@type\":\"PropertyValueSpecification\",\"valueRequired\":true,\"valueName\":\"search_term_string\"}}],\"inLanguage\":\"hu\"},{\"@type\":\"Organization\",\"@id\":\"https:\/\/gumi.hu\/auto-gumi\/#organization\",\"name\":\"Gumi.hu\",\"url\":\"https:\/\/gumi.hu\/auto-gumi\/\",\"logo\":{\"@type\":\"ImageObject\",\"inLanguage\":\"hu\",\"@id\":\"https:\/\/gumi.hu\/auto-gumi\/#\/schema\/logo\/image\/\",\"url\":\"https:\/\/gumi.hu\/auto-gumi\/wp-content\/uploads\/2021\/12\/cropped-gumi.hulogo.png\",\"contentUrl\":\"https:\/\/gumi.hu\/auto-gumi\/wp-content\/uploads\/2021\/12\/cropped-gumi.hulogo.png\",\"width\":597,\"height\":256,\"caption\":\"Gumi.hu\"},\"image\":{\"@id\":\"https:\/\/gumi.hu\/auto-gumi\/#\/schema\/logo\/image\/\"},\"sameAs\":[\"https:\/\/www.facebook.com\/akhautoszerviz\/\",\"https:\/\/www.instagram.com\/gumi.hu_poweredbyakh\/\",\"https:\/\/www.youtube.com\/channel\/UCyYJ0QGG6gLMXAADVRYY6_w\"]}]}<\/script>\n<!-- \/ Yoast SEO plugin. -->","yoast_head_json":{"title":"Startolj el a Pirellivel \u00e9s nyerj F1 jegyeket! - Gumi.hu","robots":{"index":"noindex","follow":"follow"},"og_locale":"hu_HU","og_type":"article","og_title":"Startolj el a Pirellivel \u00e9s nyerj F1 jegyeket! - Gumi.hu","og_description":"STARTOLJON EL A PIRELLIVEL \u00c9S NYERJEN F1 JEGYEKET! V\u00e1s\u00e1roljon 4 db 17 coll vagy 17 coll feletti Pirelli abroncsot a gumi.hu web\u00e1ruh\u00e1zban. Pirelli ny\u00e1ri gumi Pirelli n\u00e9gy\u00e9vszakos gumi Regisztr\u00e1ljon \u00e9s nyerjen 2 db bel\u00e9p\u0151jegyet a FORMULA 1 2024-es Magyar Nagyd\u00edj\u00e1ra, tov\u00e1bb\u00e1 egy exkluz\u00edv k\u00f6z\u00f6s \u00e9lm\u00e9nyt W\u00e9ber G\u00e1borral. Hogyan vehet r\u00e9szt a nyerem\u00e9nyj\u00e1t\u00e9kban? 1. V\u00e1s\u00e1roljon a ... Olvass tov\u00e1bb","og_url":"https:\/\/gumi.hu\/auto-gumi\/startoljon-el-a-pirellivel-es-nyerjen-f1-jegyeket\/","og_site_name":"Gumi.hu","article_publisher":"https:\/\/www.facebook.com\/akhautoszerviz\/","article_modified_time":"2024-11-12T10:51:09+00:00","og_image":[{"width":1920,"height":1080,"url":"https:\/\/gumi.hu\/auto-gumi\/wp-content\/uploads\/2024\/04\/Pirelli-Sell-out-kampany-KV-1920x1080px-v2.jpg","type":"image\/jpeg"}],"twitter_card":"summary_large_image","twitter_misc":{"Becs\u00fclt olvas\u00e1si id\u0151":"1 perc"},"schema":{"@context":"https:\/\/schema.org","@graph":[{"@type":"WebPage","@id":"https:\/\/gumi.hu\/auto-gumi\/startoljon-el-a-pirellivel-es-nyerjen-f1-jegyeket\/","url":"https:\/\/gumi.hu\/auto-gumi\/startoljon-el-a-pirellivel-es-nyerjen-f1-jegyeket\/","name":"Startolj el a Pirellivel \u00e9s nyerj F1 jegyeket! - Gumi.hu","isPartOf":{"@id":"https:\/\/gumi.hu\/auto-gumi\/#website"},"primaryImageOfPage":{"@id":"https:\/\/gumi.hu\/auto-gumi\/startoljon-el-a-pirellivel-es-nyerjen-f1-jegyeket\/#primaryimage"},"image":{"@id":"https:\/\/gumi.hu\/auto-gumi\/startoljon-el-a-pirellivel-es-nyerjen-f1-jegyeket\/#primaryimage"},"thumbnailUrl":"https:\/\/gumi.hu\/auto-gumi\/wp-content\/uploads\/2024\/04\/Pirelli-Sell-out-kampany-KV-1920x1080px-v2.jpg","datePublished":"2024-04-02T07:58:30+00:00","dateModified":"2024-11-12T10:51:09+00:00","breadcrumb":{"@id":"https:\/\/gumi.hu\/auto-gumi\/startoljon-el-a-pirellivel-es-nyerjen-f1-jegyeket\/#breadcrumb"},"inLanguage":"hu","potentialAction":[{"@type":"ReadAction","target":["https:\/\/gumi.hu\/auto-gumi\/startoljon-el-a-pirellivel-es-nyerjen-f1-jegyeket\/"]}]},{"@type":"ImageObject","inLanguage":"hu","@id":"https:\/\/gumi.hu\/auto-gumi\/startoljon-el-a-pirellivel-es-nyerjen-f1-jegyeket\/#primaryimage","url":"https:\/\/gumi.hu\/auto-gumi\/wp-content\/uploads\/2024\/04\/Pirelli-Sell-out-kampany-KV-1920x1080px-v2.jpg","contentUrl":"https:\/\/gumi.hu\/auto-gumi\/wp-content\/uploads\/2024\/04\/Pirelli-Sell-out-kampany-KV-1920x1080px-v2.jpg","width":1920,"height":1080,"caption":"Pirelli F1"},{"@type":"BreadcrumbList","@id":"https:\/\/gumi.hu\/auto-gumi\/startoljon-el-a-pirellivel-es-nyerjen-f1-jegyeket\/#breadcrumb","itemListElement":[{"@type":"ListItem","position":1,"name":"Kezd\u0151lap","item":"https:\/\/gumi.hu\/auto-gumi\/"},{"@type":"ListItem","position":2,"name":"Startolj el a Pirellivel \u00e9s nyerj F1 jegyeket!"}]},{"@type":"WebSite","@id":"https:\/\/gumi.hu\/auto-gumi\/#website","url":"https:\/\/gumi.hu\/auto-gumi\/","name":"Gumi.hu","description":"","publisher":{"@id":"https:\/\/gumi.hu\/auto-gumi\/#organization"},"potentialAction":[{"@type":"SearchAction","target":{"@type":"EntryPoint","urlTemplate":"https:\/\/gumi.hu\/auto-gumi\/?s={search_term_string}"},"query-input":{"@type":"PropertyValueSpecification","valueRequired":true,"valueName":"search_term_string"}}],"inLanguage":"hu"},{"@type":"Organization","@id":"https:\/\/gumi.hu\/auto-gumi\/#organization","name":"Gumi.hu","url":"https:\/\/gumi.hu\/auto-gumi\/","logo":{"@type":"ImageObject","inLanguage":"hu","@id":"https:\/\/gumi.hu\/auto-gumi\/#\/schema\/logo\/image\/","url":"https:\/\/gumi.hu\/auto-gumi\/wp-content\/uploads\/2021\/12\/cropped-gumi.hulogo.png","contentUrl":"https:\/\/gumi.hu\/auto-gumi\/wp-content\/uploads\/2021\/12\/cropped-gumi.hulogo.png","width":597,"height":256,"caption":"Gumi.hu"},"image":{"@id":"https:\/\/gumi.hu\/auto-gumi\/#\/schema\/logo\/image\/"},"sameAs":["https:\/\/www.facebook.com\/akhautoszerviz\/","https:\/\/www.instagram.com\/gumi.hu_poweredbyakh\/","https:\/\/www.youtube.com\/channel\/UCyYJ0QGG6gLMXAADVRYY6_w"]}]}},"_links":{"self":[{"href":"https:\/\/gumi.hu\/auto-gumi\/wp-json\/wp\/v2\/pages\/13107","targetHints":{"allow":["GET"]}}],"collection":[{"href":"https:\/\/gumi.hu\/auto-gumi\/wp-json\/wp\/v2\/pages"}],"about":[{"href":"https:\/\/gumi.hu\/auto-gumi\/wp-json\/wp\/v2\/types\/page"}],"author":[{"embeddable":true,"href":"https:\/\/gumi.hu\/auto-gumi\/wp-json\/wp\/v2\/users\/18"}],"replies":[{"embeddable":true,"href":"https:\/\/gumi.hu\/auto-gumi\/wp-json\/wp\/v2\/comments?post=13107"}],"version-history":[{"count":40,"href":"https:\/\/gumi.hu\/auto-gumi\/wp-json\/wp\/v2\/pages\/13107\/revisions"}],"predecessor-version":[{"id":14946,"href":"https:\/\/gumi.hu\/auto-gumi\/wp-json\/wp\/v2\/pages\/13107\/revisions\/14946"}],"wp:featuredmedia":[{"embeddable":true,"href":"https:\/\/gumi.hu\/auto-gumi\/wp-json\/wp\/v2\/media\/13108"}],"wp:attachment":[{"href":"https:\/\/gumi.hu\/auto-gumi\/wp-json\/wp\/v2\/media?parent=13107"}],"curies":[{"name":"wp","href":"https:\/\/api.w.org\/{rel}","templated":true}]}}