{"id":15277,"date":"2025-02-14T13:23:00","date_gmt":"2025-02-14T13:23:00","guid":{"rendered":"https:\/\/gumi.hu\/auto-gumi\/?page_id=15277"},"modified":"2025-02-24T13:19:43","modified_gmt":"2025-02-24T13:19:43","slug":"orszagboltja-2024","status":"publish","type":"page","link":"https:\/\/gumi.hu\/auto-gumi\/orszagboltja-2024\/","title":{"rendered":"orsz\u00e1gboltja 2024."},"content":{"rendered":"\t\t<div data-elementor-type=\"wp-page\" data-elementor-id=\"15277\" class=\"elementor elementor-15277\">\n\t\t\t\t\t\t<section class=\"elementor-section elementor-top-section elementor-element elementor-element-e02f146 elementor-section-content-middle elementor-section-boxed elementor-section-height-default elementor-section-height-default\" data-id=\"e02f146\" data-element_type=\"section\" data-settings=\"{&quot;background_background&quot;:&quot;classic&quot;}\">\n\t\t\t\t\t\t<div class=\"elementor-container elementor-column-gap-no\">\n\t\t\t\t\t<div class=\"elementor-column elementor-col-100 elementor-top-column elementor-element elementor-element-2835169d\" data-id=\"2835169d\" data-element_type=\"column\">\n\t\t\t<div class=\"elementor-widget-wrap\">\n\t\t\t\t\t\t\t<\/div>\n\t\t<\/div>\n\t\t\t\t\t<\/div>\n\t\t<\/section>\n\t\t\t\t<section class=\"elementor-section elementor-top-section elementor-element elementor-element-57c0396c elementor-section-content-middle elementor-section-boxed elementor-section-height-default elementor-section-height-default\" data-id=\"57c0396c\" data-element_type=\"section\" data-settings=\"{&quot;background_background&quot;:&quot;slideshow&quot;,&quot;background_slideshow_gallery&quot;:[{&quot;id&quot;:15283,&quot;url&quot;:&quot;https:\\\/\\\/gumi.hu\\\/auto-gumi\\\/wp-content\\\/uploads\\\/2025\\\/02\\\/freepik_edit_The-style-is-candid-image-photography-with-natural-1-1.png&quot;}],&quot;background_slideshow_loop&quot;:&quot;yes&quot;,&quot;background_slideshow_slide_duration&quot;:5000,&quot;background_slideshow_slide_transition&quot;:&quot;fade&quot;,&quot;background_slideshow_transition_duration&quot;:500}\">\n\t\t\t\t\t\t\t<div class=\"elementor-background-overlay\"><\/div>\n\t\t\t\t\t\t\t<div class=\"elementor-container elementor-column-gap-no\">\n\t\t\t\t\t<div class=\"elementor-column elementor-col-100 elementor-top-column elementor-element elementor-element-5dd7689c\" data-id=\"5dd7689c\" data-element_type=\"column\">\n\t\t\t<div class=\"elementor-widget-wrap elementor-element-populated\">\n\t\t\t\t\t\t<div class=\"elementor-element elementor-element-3949bbf0 elementor-widget__width-initial elementor-widget elementor-widget-heading\" data-id=\"3949bbf0\" data-element_type=\"widget\" data-widget_type=\"heading.default\">\n\t\t\t\t<div class=\"elementor-widget-container\">\n\t\t\t\t\t<h4 class=\"elementor-heading-title elementor-size-default\">A gumi.hu a min\u0151s\u00e9gi d\u00edj 2. hely\u00e9t szerezte meg az Orsz\u00e1g Boltja 2024. versenyen, az aut\u00f3-motor kateg\u00f3ri\u00e1ban!<\/h4>\t\t\t\t<\/div>\n\t\t\t\t<\/div>\n\t\t\t\t<div class=\"elementor-element elementor-element-402f22e elementor-widget elementor-widget-image\" data-id=\"402f22e\" data-element_type=\"widget\" data-widget_type=\"image.default\">\n\t\t\t\t<div class=\"elementor-widget-container\">\n\t\t\t\t\t\t\t\t\t\t\t\t\t\t\t<img fetchpriority=\"high\" decoding=\"async\" width=\"1024\" height=\"683\" src=\"https:\/\/gumi.hu\/auto-gumi\/wp-content\/uploads\/2025\/02\/OB24_minosegi_II_OB2024_minosegi_II_3-1024x683.jpg\" class=\"attachment-large size-large wp-image-15282\" alt=\"\" srcset=\"https:\/\/gumi.hu\/auto-gumi\/wp-content\/uploads\/2025\/02\/OB24_minosegi_II_OB2024_minosegi_II_3-1024x683.jpg 1024w, https:\/\/gumi.hu\/auto-gumi\/wp-content\/uploads\/2025\/02\/OB24_minosegi_II_OB2024_minosegi_II_3-300x200.jpg 300w, https:\/\/gumi.hu\/auto-gumi\/wp-content\/uploads\/2025\/02\/OB24_minosegi_II_OB2024_minosegi_II_3-768x512.jpg 768w, https:\/\/gumi.hu\/auto-gumi\/wp-content\/uploads\/2025\/02\/OB24_minosegi_II_OB2024_minosegi_II_3-1536x1024.jpg 1536w, https:\/\/gumi.hu\/auto-gumi\/wp-content\/uploads\/2025\/02\/OB24_minosegi_II_OB2024_minosegi_II_3-2048x1365.jpg 2048w\" sizes=\"(max-width: 1024px) 100vw, 1024px\" \/>\t\t\t\t\t\t\t\t\t\t\t\t\t\t\t<\/div>\n\t\t\t\t<\/div>\n\t\t\t\t<div class=\"elementor-element elementor-element-6159be1 elementor-widget__width-initial elementor-widget elementor-widget-heading\" data-id=\"6159be1\" data-element_type=\"widget\" data-widget_type=\"heading.default\">\n\t\t\t\t<div class=\"elementor-widget-container\">\n\t\t\t\t\t<h4 class=\"elementor-heading-title elementor-size-default\">A gumi.hu az orsz\u00e1g gumiabroncs webshopja!<\/h4>\t\t\t\t<\/div>\n\t\t\t\t<\/div>\n\t\t\t\t<div class=\"elementor-element elementor-element-fe00ba6 elementor-widget__width-initial elementor-widget elementor-widget-heading\" data-id=\"fe00ba6\" data-element_type=\"widget\" data-widget_type=\"heading.default\">\n\t\t\t\t<div class=\"elementor-widget-container\">\n\t\t\t\t\t<h4 class=\"elementor-heading-title elementor-size-default\">Ez az elismer\u00e9s k\u00fcl\u00f6n\u00f6sen \u00e9rt\u00e9kes, hiszen ebben a kateg\u00f3ri\u00e1ban olyan webshopokkal versenyezt\u00fcnk, amelyek eg\u00e9sz \u00e9vben sz\u00e9les term\u00e9kk\u00edn\u00e1lattal rendelkeznek. Mi viszont kiz\u00e1r\u00f3lag gumiabroncsot \u00e9rt\u00e9kes\u00edt\u00fcnk, \u00e9s \u00edgy is ott vagyunk a legjobbak k\u00f6z\u00f6tt!<\/h4>\t\t\t\t<\/div>\n\t\t\t\t<\/div>\n\t\t\t\t\t<\/div>\n\t\t<\/div>\n\t\t\t\t\t<\/div>\n\t\t<\/section>\n\t\t\t\t<section class=\"elementor-section elementor-top-section elementor-element elementor-element-c9e8b6b elementor-section-content-middle elementor-section-boxed elementor-section-height-default elementor-section-height-default\" data-id=\"c9e8b6b\" data-element_type=\"section\" data-settings=\"{&quot;background_background&quot;:&quot;classic&quot;}\">\n\t\t\t\t\t\t<div class=\"elementor-container elementor-column-gap-no\">\n\t\t\t\t\t<div class=\"elementor-column elementor-col-100 elementor-top-column elementor-element elementor-element-10ed909d\" data-id=\"10ed909d\" data-element_type=\"column\">\n\t\t\t<div class=\"elementor-widget-wrap elementor-element-populated\">\n\t\t\t\t\t\t<section class=\"elementor-section elementor-inner-section elementor-element elementor-element-f6fc4cd elementor-section-boxed elementor-section-height-default elementor-section-height-default\" data-id=\"f6fc4cd\" data-element_type=\"section\">\n\t\t\t\t\t\t<div class=\"elementor-container elementor-column-gap-default\">\n\t\t\t\t\t<div class=\"elementor-column elementor-col-50 elementor-inner-column elementor-element elementor-element-aa91c50\" data-id=\"aa91c50\" data-element_type=\"column\">\n\t\t\t<div class=\"elementor-widget-wrap elementor-element-populated\">\n\t\t\t\t\t\t<div class=\"elementor-element elementor-element-b01aa04 elementor-widget__width-initial elementor-widget elementor-widget-heading\" data-id=\"b01aa04\" data-element_type=\"widget\" data-widget_type=\"heading.default\">\n\t\t\t\t<div class=\"elementor-widget-container\">\n\t\t\t\t\t<h4 class=\"elementor-heading-title elementor-size-default\">K\u00f6sz\u00f6nj\u00fck, hogy r\u00e1nk szavazott!<\/h4>\t\t\t\t<\/div>\n\t\t\t\t<\/div>\n\t\t\t\t<div class=\"elementor-element elementor-element-35125843 elementor-widget-divider--view-line elementor-widget elementor-widget-divider\" data-id=\"35125843\" data-element_type=\"widget\" data-widget_type=\"divider.default\">\n\t\t\t\t<div class=\"elementor-widget-container\">\n\t\t\t\t\t\t\t<div class=\"elementor-divider\">\n\t\t\t<span class=\"elementor-divider-separator\">\n\t\t\t\t\t\t<\/span>\n\t\t<\/div>\n\t\t\t\t\t\t<\/div>\n\t\t\t\t<\/div>\n\t\t\t\t\t<\/div>\n\t\t<\/div>\n\t\t\t\t<div class=\"elementor-column elementor-col-50 elementor-inner-column elementor-element elementor-element-0c880e6\" data-id=\"0c880e6\" data-element_type=\"column\">\n\t\t\t<div class=\"elementor-widget-wrap elementor-element-populated\">\n\t\t\t\t\t\t<div class=\"elementor-element elementor-element-ad87a02 elementor-widget elementor-widget-image\" data-id=\"ad87a02\" data-element_type=\"widget\" data-widget_type=\"image.default\">\n\t\t\t\t<div class=\"elementor-widget-container\">\n\t\t\t\t\t\t\t\t\t\t\t\t\t\t\t<img decoding=\"async\" width=\"707\" height=\"1024\" src=\"https:\/\/gumi.hu\/auto-gumi\/wp-content\/uploads\/2025\/02\/Image.jpg\" class=\"attachment-large size-large wp-image-15331\" alt=\"\" srcset=\"https:\/\/gumi.hu\/auto-gumi\/wp-content\/uploads\/2025\/02\/Image.jpg 707w, https:\/\/gumi.hu\/auto-gumi\/wp-content\/uploads\/2025\/02\/Image-207x300.jpg 207w\" sizes=\"(max-width: 707px) 100vw, 707px\" \/>\t\t\t\t\t\t\t\t\t\t\t\t\t\t\t<\/div>\n\t\t\t\t<\/div>\n\t\t\t\t\t<\/div>\n\t\t<\/div>\n\t\t\t\t\t<\/div>\n\t\t<\/section>\n\t\t\t\t\t<\/div>\n\t\t<\/div>\n\t\t\t\t\t<\/div>\n\t\t<\/section>\n\t\t\t\t<\/div>\n\t\t","protected":false},"excerpt":{"rendered":"<p>A gumi.hu a min\u0151s\u00e9gi d\u00edj 2. hely\u00e9t szerezte meg az Orsz\u00e1g Boltja 2024. versenyen, az aut\u00f3-motor kateg\u00f3ri\u00e1ban! A gumi.hu az orsz\u00e1g gumiabroncs webshopja! Ez az elismer\u00e9s k\u00fcl\u00f6n\u00f6sen \u00e9rt\u00e9kes, hiszen ebben a kateg\u00f3ri\u00e1ban olyan webshopokkal versenyezt\u00fcnk, amelyek eg\u00e9sz \u00e9vben sz\u00e9les term\u00e9kk\u00edn\u00e1lattal rendelkeznek. Mi viszont kiz\u00e1r\u00f3lag gumiabroncsot \u00e9rt\u00e9kes\u00edt\u00fcnk, \u00e9s \u00edgy is ott vagyunk a legjobbak k\u00f6z\u00f6tt! K\u00f6sz\u00f6nj\u00fck, &#8230; <a title=\"orsz\u00e1gboltja 2024.\" class=\"read-more\" href=\"https:\/\/gumi.hu\/auto-gumi\/orszagboltja-2024\/\" aria-label=\"Read more about orsz\u00e1gboltja 2024.\">Olvass tov\u00e1bb<\/a><\/p>\n","protected":false},"author":21,"featured_media":0,"parent":0,"menu_order":0,"comment_status":"closed","ping_status":"closed","template":"elementor_canvas","meta":{"footnotes":""},"class_list":["post-15277","page","type-page","status-publish"],"yoast_head":"<!-- This site is optimized with the Yoast SEO plugin v26.7 - https:\/\/yoast.com\/wordpress\/plugins\/seo\/ -->\n<title>orsz\u00e1gboltja 2024. - Gumi.hu<\/title>\n<meta name=\"robots\" content=\"index, follow, max-snippet:-1, max-image-preview:large, max-video-preview:-1\" \/>\n<link rel=\"canonical\" href=\"https:\/\/gumi.hu\/auto-gumi\/orszagboltja-2024\/\" \/>\n<meta property=\"og:locale\" content=\"hu_HU\" \/>\n<meta property=\"og:type\" content=\"article\" \/>\n<meta property=\"og:title\" content=\"orsz\u00e1gboltja 2024. - Gumi.hu\" \/>\n<meta property=\"og:description\" content=\"A gumi.hu a min\u0151s\u00e9gi d\u00edj 2. hely\u00e9t szerezte meg az Orsz\u00e1g Boltja 2024. versenyen, az aut\u00f3-motor kateg\u00f3ri\u00e1ban! A gumi.hu az orsz\u00e1g gumiabroncs webshopja! Ez az elismer\u00e9s k\u00fcl\u00f6n\u00f6sen \u00e9rt\u00e9kes, hiszen ebben a kateg\u00f3ri\u00e1ban olyan webshopokkal versenyezt\u00fcnk, amelyek eg\u00e9sz \u00e9vben sz\u00e9les term\u00e9kk\u00edn\u00e1lattal rendelkeznek. Mi viszont kiz\u00e1r\u00f3lag gumiabroncsot \u00e9rt\u00e9kes\u00edt\u00fcnk, \u00e9s \u00edgy is ott vagyunk a legjobbak k\u00f6z\u00f6tt! K\u00f6sz\u00f6nj\u00fck, ... Olvass tov\u00e1bb\" \/>\n<meta property=\"og:url\" content=\"https:\/\/gumi.hu\/auto-gumi\/orszagboltja-2024\/\" \/>\n<meta property=\"og:site_name\" content=\"Gumi.hu\" \/>\n<meta property=\"article:publisher\" content=\"https:\/\/www.facebook.com\/akhautoszerviz\/\" \/>\n<meta property=\"article:modified_time\" content=\"2025-02-24T13:19:43+00:00\" \/>\n<meta property=\"og:image\" content=\"https:\/\/gumi.hu\/auto-gumi\/wp-content\/uploads\/2025\/02\/OB24_minosegi_II_OB2024_minosegi_II_3-1024x683.jpg\" \/>\n<meta name=\"twitter:card\" content=\"summary_large_image\" \/>\n<meta name=\"twitter:label1\" content=\"Becs\u00fclt olvas\u00e1si id\u0151\" \/>\n\t<meta name=\"twitter:data1\" content=\"1 perc\" \/>\n<script type=\"application\/ld+json\" class=\"yoast-schema-graph\">{\"@context\":\"https:\/\/schema.org\",\"@graph\":[{\"@type\":\"WebPage\",\"@id\":\"https:\/\/gumi.hu\/auto-gumi\/orszagboltja-2024\/\",\"url\":\"https:\/\/gumi.hu\/auto-gumi\/orszagboltja-2024\/\",\"name\":\"orsz\u00e1gboltja 2024. - Gumi.hu\",\"isPartOf\":{\"@id\":\"https:\/\/gumi.hu\/auto-gumi\/#website\"},\"primaryImageOfPage\":{\"@id\":\"https:\/\/gumi.hu\/auto-gumi\/orszagboltja-2024\/#primaryimage\"},\"image\":{\"@id\":\"https:\/\/gumi.hu\/auto-gumi\/orszagboltja-2024\/#primaryimage\"},\"thumbnailUrl\":\"https:\/\/gumi.hu\/auto-gumi\/wp-content\/uploads\/2025\/02\/OB24_minosegi_II_OB2024_minosegi_II_3-1024x683.jpg\",\"datePublished\":\"2025-02-14T13:23:00+00:00\",\"dateModified\":\"2025-02-24T13:19:43+00:00\",\"breadcrumb\":{\"@id\":\"https:\/\/gumi.hu\/auto-gumi\/orszagboltja-2024\/#breadcrumb\"},\"inLanguage\":\"hu\",\"potentialAction\":[{\"@type\":\"ReadAction\",\"target\":[\"https:\/\/gumi.hu\/auto-gumi\/orszagboltja-2024\/\"]}]},{\"@type\":\"ImageObject\",\"inLanguage\":\"hu\",\"@id\":\"https:\/\/gumi.hu\/auto-gumi\/orszagboltja-2024\/#primaryimage\",\"url\":\"https:\/\/gumi.hu\/auto-gumi\/wp-content\/uploads\/2025\/02\/OB24_minosegi_II_OB2024_minosegi_II_3-scaled.jpg\",\"contentUrl\":\"https:\/\/gumi.hu\/auto-gumi\/wp-content\/uploads\/2025\/02\/OB24_minosegi_II_OB2024_minosegi_II_3-scaled.jpg\",\"width\":2560,\"height\":1706},{\"@type\":\"BreadcrumbList\",\"@id\":\"https:\/\/gumi.hu\/auto-gumi\/orszagboltja-2024\/#breadcrumb\",\"itemListElement\":[{\"@type\":\"ListItem\",\"position\":1,\"name\":\"Kezd\u0151lap\",\"item\":\"https:\/\/gumi.hu\/auto-gumi\/\"},{\"@type\":\"ListItem\",\"position\":2,\"name\":\"orsz\u00e1gboltja 2024.\"}]},{\"@type\":\"WebSite\",\"@id\":\"https:\/\/gumi.hu\/auto-gumi\/#website\",\"url\":\"https:\/\/gumi.hu\/auto-gumi\/\",\"name\":\"Gumi.hu\",\"description\":\"\",\"publisher\":{\"@id\":\"https:\/\/gumi.hu\/auto-gumi\/#organization\"},\"potentialAction\":[{\"@type\":\"SearchAction\",\"target\":{\"@type\":\"EntryPoint\",\"urlTemplate\":\"https:\/\/gumi.hu\/auto-gumi\/?s={search_term_string}\"},\"query-input\":{\"@type\":\"PropertyValueSpecification\",\"valueRequired\":true,\"valueName\":\"search_term_string\"}}],\"inLanguage\":\"hu\"},{\"@type\":\"Organization\",\"@id\":\"https:\/\/gumi.hu\/auto-gumi\/#organization\",\"name\":\"Gumi.hu\",\"url\":\"https:\/\/gumi.hu\/auto-gumi\/\",\"logo\":{\"@type\":\"ImageObject\",\"inLanguage\":\"hu\",\"@id\":\"https:\/\/gumi.hu\/auto-gumi\/#\/schema\/logo\/image\/\",\"url\":\"https:\/\/gumi.hu\/auto-gumi\/wp-content\/uploads\/2021\/12\/cropped-gumi.hulogo.png\",\"contentUrl\":\"https:\/\/gumi.hu\/auto-gumi\/wp-content\/uploads\/2021\/12\/cropped-gumi.hulogo.png\",\"width\":597,\"height\":256,\"caption\":\"Gumi.hu\"},\"image\":{\"@id\":\"https:\/\/gumi.hu\/auto-gumi\/#\/schema\/logo\/image\/\"},\"sameAs\":[\"https:\/\/www.facebook.com\/akhautoszerviz\/\",\"https:\/\/www.instagram.com\/gumi.hu_poweredbyakh\/\",\"https:\/\/www.youtube.com\/channel\/UCyYJ0QGG6gLMXAADVRYY6_w\"]}]}<\/script>\n<!-- \/ Yoast SEO plugin. -->","yoast_head_json":{"title":"orsz\u00e1gboltja 2024. - Gumi.hu","robots":{"index":"index","follow":"follow","max-snippet":"max-snippet:-1","max-image-preview":"max-image-preview:large","max-video-preview":"max-video-preview:-1"},"canonical":"https:\/\/gumi.hu\/auto-gumi\/orszagboltja-2024\/","og_locale":"hu_HU","og_type":"article","og_title":"orsz\u00e1gboltja 2024. - Gumi.hu","og_description":"A gumi.hu a min\u0151s\u00e9gi d\u00edj 2. hely\u00e9t szerezte meg az Orsz\u00e1g Boltja 2024. versenyen, az aut\u00f3-motor kateg\u00f3ri\u00e1ban! A gumi.hu az orsz\u00e1g gumiabroncs webshopja! Ez az elismer\u00e9s k\u00fcl\u00f6n\u00f6sen \u00e9rt\u00e9kes, hiszen ebben a kateg\u00f3ri\u00e1ban olyan webshopokkal versenyezt\u00fcnk, amelyek eg\u00e9sz \u00e9vben sz\u00e9les term\u00e9kk\u00edn\u00e1lattal rendelkeznek. Mi viszont kiz\u00e1r\u00f3lag gumiabroncsot \u00e9rt\u00e9kes\u00edt\u00fcnk, \u00e9s \u00edgy is ott vagyunk a legjobbak k\u00f6z\u00f6tt! K\u00f6sz\u00f6nj\u00fck, ... Olvass tov\u00e1bb","og_url":"https:\/\/gumi.hu\/auto-gumi\/orszagboltja-2024\/","og_site_name":"Gumi.hu","article_publisher":"https:\/\/www.facebook.com\/akhautoszerviz\/","article_modified_time":"2025-02-24T13:19:43+00:00","og_image":[{"url":"https:\/\/gumi.hu\/auto-gumi\/wp-content\/uploads\/2025\/02\/OB24_minosegi_II_OB2024_minosegi_II_3-1024x683.jpg","type":"","width":"","height":""}],"twitter_card":"summary_large_image","twitter_misc":{"Becs\u00fclt olvas\u00e1si id\u0151":"1 perc"},"schema":{"@context":"https:\/\/schema.org","@graph":[{"@type":"WebPage","@id":"https:\/\/gumi.hu\/auto-gumi\/orszagboltja-2024\/","url":"https:\/\/gumi.hu\/auto-gumi\/orszagboltja-2024\/","name":"orsz\u00e1gboltja 2024. - Gumi.hu","isPartOf":{"@id":"https:\/\/gumi.hu\/auto-gumi\/#website"},"primaryImageOfPage":{"@id":"https:\/\/gumi.hu\/auto-gumi\/orszagboltja-2024\/#primaryimage"},"image":{"@id":"https:\/\/gumi.hu\/auto-gumi\/orszagboltja-2024\/#primaryimage"},"thumbnailUrl":"https:\/\/gumi.hu\/auto-gumi\/wp-content\/uploads\/2025\/02\/OB24_minosegi_II_OB2024_minosegi_II_3-1024x683.jpg","datePublished":"2025-02-14T13:23:00+00:00","dateModified":"2025-02-24T13:19:43+00:00","breadcrumb":{"@id":"https:\/\/gumi.hu\/auto-gumi\/orszagboltja-2024\/#breadcrumb"},"inLanguage":"hu","potentialAction":[{"@type":"ReadAction","target":["https:\/\/gumi.hu\/auto-gumi\/orszagboltja-2024\/"]}]},{"@type":"ImageObject","inLanguage":"hu","@id":"https:\/\/gumi.hu\/auto-gumi\/orszagboltja-2024\/#primaryimage","url":"https:\/\/gumi.hu\/auto-gumi\/wp-content\/uploads\/2025\/02\/OB24_minosegi_II_OB2024_minosegi_II_3-scaled.jpg","contentUrl":"https:\/\/gumi.hu\/auto-gumi\/wp-content\/uploads\/2025\/02\/OB24_minosegi_II_OB2024_minosegi_II_3-scaled.jpg","width":2560,"height":1706},{"@type":"BreadcrumbList","@id":"https:\/\/gumi.hu\/auto-gumi\/orszagboltja-2024\/#breadcrumb","itemListElement":[{"@type":"ListItem","position":1,"name":"Kezd\u0151lap","item":"https:\/\/gumi.hu\/auto-gumi\/"},{"@type":"ListItem","position":2,"name":"orsz\u00e1gboltja 2024."}]},{"@type":"WebSite","@id":"https:\/\/gumi.hu\/auto-gumi\/#website","url":"https:\/\/gumi.hu\/auto-gumi\/","name":"Gumi.hu","description":"","publisher":{"@id":"https:\/\/gumi.hu\/auto-gumi\/#organization"},"potentialAction":[{"@type":"SearchAction","target":{"@type":"EntryPoint","urlTemplate":"https:\/\/gumi.hu\/auto-gumi\/?s={search_term_string}"},"query-input":{"@type":"PropertyValueSpecification","valueRequired":true,"valueName":"search_term_string"}}],"inLanguage":"hu"},{"@type":"Organization","@id":"https:\/\/gumi.hu\/auto-gumi\/#organization","name":"Gumi.hu","url":"https:\/\/gumi.hu\/auto-gumi\/","logo":{"@type":"ImageObject","inLanguage":"hu","@id":"https:\/\/gumi.hu\/auto-gumi\/#\/schema\/logo\/image\/","url":"https:\/\/gumi.hu\/auto-gumi\/wp-content\/uploads\/2021\/12\/cropped-gumi.hulogo.png","contentUrl":"https:\/\/gumi.hu\/auto-gumi\/wp-content\/uploads\/2021\/12\/cropped-gumi.hulogo.png","width":597,"height":256,"caption":"Gumi.hu"},"image":{"@id":"https:\/\/gumi.hu\/auto-gumi\/#\/schema\/logo\/image\/"},"sameAs":["https:\/\/www.facebook.com\/akhautoszerviz\/","https:\/\/www.instagram.com\/gumi.hu_poweredbyakh\/","https:\/\/www.youtube.com\/channel\/UCyYJ0QGG6gLMXAADVRYY6_w"]}]}},"_links":{"self":[{"href":"https:\/\/gumi.hu\/auto-gumi\/wp-json\/wp\/v2\/pages\/15277","targetHints":{"allow":["GET"]}}],"collection":[{"href":"https:\/\/gumi.hu\/auto-gumi\/wp-json\/wp\/v2\/pages"}],"about":[{"href":"https:\/\/gumi.hu\/auto-gumi\/wp-json\/wp\/v2\/types\/page"}],"author":[{"embeddable":true,"href":"https:\/\/gumi.hu\/auto-gumi\/wp-json\/wp\/v2\/users\/21"}],"replies":[{"embeddable":true,"href":"https:\/\/gumi.hu\/auto-gumi\/wp-json\/wp\/v2\/comments?post=15277"}],"version-history":[{"count":24,"href":"https:\/\/gumi.hu\/auto-gumi\/wp-json\/wp\/v2\/pages\/15277\/revisions"}],"predecessor-version":[{"id":15347,"href":"https:\/\/gumi.hu\/auto-gumi\/wp-json\/wp\/v2\/pages\/15277\/revisions\/15347"}],"wp:attachment":[{"href":"https:\/\/gumi.hu\/auto-gumi\/wp-json\/wp\/v2\/media?parent=15277"}],"curies":[{"name":"wp","href":"https:\/\/api.w.org\/{rel}","templated":true}]}}