{"id":18264,"date":"2026-03-05T09:19:33","date_gmt":"2026-03-05T08:19:33","guid":{"rendered":"https:\/\/gumi.hu\/auto-gumi\/?page_id=18264"},"modified":"2026-04-08T07:02:19","modified_gmt":"2026-04-08T06:02:19","slug":"hozott-gumicsere-akcio","status":"publish","type":"page","link":"https:\/\/gumi.hu\/auto-gumi\/hozott-gumicsere-akcio\/","title":{"rendered":"hozott gumicsere akci\u00f3"},"content":{"rendered":"\t\t<div data-elementor-type=\"wp-page\" data-elementor-id=\"18264\" class=\"elementor elementor-18264\">\n\t\t\t\t\t\t<section class=\"elementor-section elementor-top-section elementor-element elementor-element-19cc6c04 elementor-section-full_width elementor-section-height-default elementor-section-height-default\" data-id=\"19cc6c04\" data-element_type=\"section\">\n\t\t\t\t\t\t\t<div class=\"elementor-background-overlay\"><\/div>\n\t\t\t\t\t\t\t<div class=\"elementor-container elementor-column-gap-default\">\n\t\t\t\t\t<div class=\"elementor-column elementor-col-100 elementor-top-column elementor-element elementor-element-68e47f1b\" data-id=\"68e47f1b\" data-element_type=\"column\">\n\t\t\t<div class=\"elementor-widget-wrap elementor-element-populated\">\n\t\t\t\t\t\t<div class=\"elementor-element elementor-element-1ce2490 elementor-widget elementor-widget-image\" data-id=\"1ce2490\" data-element_type=\"widget\" data-widget_type=\"image.default\">\n\t\t\t\t<div class=\"elementor-widget-container\">\n\t\t\t\t\t\t\t\t\t\t\t\t\t\t\t<img fetchpriority=\"high\" decoding=\"async\" width=\"900\" height=\"205\" src=\"https:\/\/gumi.hu\/auto-gumi\/wp-content\/uploads\/2024\/02\/AKH-gumi_hu-co-branded-logo-1-1024x233.jpg\" class=\"attachment-large size-large wp-image-12407\" alt=\"\" srcset=\"https:\/\/gumi.hu\/auto-gumi\/wp-content\/uploads\/2024\/02\/AKH-gumi_hu-co-branded-logo-1-1024x233.jpg 1024w, https:\/\/gumi.hu\/auto-gumi\/wp-content\/uploads\/2024\/02\/AKH-gumi_hu-co-branded-logo-1-300x68.jpg 300w, https:\/\/gumi.hu\/auto-gumi\/wp-content\/uploads\/2024\/02\/AKH-gumi_hu-co-branded-logo-1-768x174.jpg 768w, https:\/\/gumi.hu\/auto-gumi\/wp-content\/uploads\/2024\/02\/AKH-gumi_hu-co-branded-logo-1-1536x349.jpg 1536w, https:\/\/gumi.hu\/auto-gumi\/wp-content\/uploads\/2024\/02\/AKH-gumi_hu-co-branded-logo-1.jpg 1920w\" sizes=\"(max-width: 900px) 100vw, 900px\" \/>\t\t\t\t\t\t\t\t\t\t\t\t\t\t\t<\/div>\n\t\t\t\t<\/div>\n\t\t\t\t<div class=\"elementor-element elementor-element-4eae1699 elementor-widget elementor-widget-html\" data-id=\"4eae1699\" data-element_type=\"widget\" data-widget_type=\"html.default\">\n\t\t\t\t<div class=\"elementor-widget-container\">\n\t\t\t\t\t<!-- Google Tag Manager -->\r\n    <script type=\"text\/javascript\">\r\n\r\n\r\n        var IS_DEV = false;\r\n        var GTM_ID = 'GTM-5BVBK9T';\r\n        \/\/var GTM_LC = ( IS_DEV?'EN':'HU' ); \/* HU||EN *\/\r\n        var GTM_LC = 'EN'; \/* HU||EN *\/\r\n        var DL_USER_ID = 'undefined';\r\n        var DL_LOGINSTATUS = 'unsigned'; \r\n        var DL_PAGETYPE = 'main'; \r\n        var DL_TIMESTAMP = 1744374952; \r\n        var DL_CURRENCY = 'HUF'; \r\n        var DL_VAT = '0.27'; \r\n        var DL_LOG = false;\r\n        var DL_LANG_CODE = 'hu';\r\n\r\n       \r\n            \r\n    \r\n       \r\n        window.dataLayer = window.dataLayer || [];\r\n        function addGTMDataLayer(dataLayerObj, log) {\r\n            if ( typeof dataLayerObj === 'object' ) {\r\n                window.dataLayer.push(dataLayerObj);\r\n                if ( log ) {\r\n                    console.log('addGTMDataLayer', dataLayerObj);\r\n                    console.log('window.dataLayer', window.dataLayer);\r\n                }\r\n            }\r\n        }\r\n   \r\n        window.dLayer.addUser({\r\n            'User id': DL_USER_ID,\r\n            'loginStatus': DL_LOGINSTATUS,\r\n            'pageType': DL_PAGETYPE,\r\n            'timestamp': DL_TIMESTAMP,\r\n            'languageCode': DL_LANG_CODE\r\n        });\r\n         \r\n   \r\n        \r\n        \r\n    \r\n    <\/script>\r\n<!-- End Google Tag Manager -->\t\t\t\t<\/div>\n\t\t\t\t<\/div>\n\t\t\t\t\t<\/div>\n\t\t<\/div>\n\t\t\t\t\t<\/div>\n\t\t<\/section>\n\t\t\t\t<section class=\"elementor-section elementor-top-section elementor-element elementor-element-1c54386c elementor-section-boxed elementor-section-height-default elementor-section-height-default\" data-id=\"1c54386c\" data-element_type=\"section\">\n\t\t\t\t\t\t\t<div class=\"elementor-background-overlay\"><\/div>\n\t\t\t\t\t\t\t<div class=\"elementor-container elementor-column-gap-default\">\n\t\t\t\t\t<div class=\"elementor-column elementor-col-100 elementor-top-column elementor-element elementor-element-286c0ce0\" data-id=\"286c0ce0\" data-element_type=\"column\">\n\t\t\t<div class=\"elementor-widget-wrap elementor-element-populated\">\n\t\t\t\t\t\t<div class=\"elementor-element elementor-element-8f892b9 elementor-widget elementor-widget-heading\" data-id=\"8f892b9\" data-element_type=\"widget\" data-widget_type=\"heading.default\">\n\t\t\t\t<div class=\"elementor-widget-container\">\n\t\t\t\t\t<h1 class=\"elementor-heading-title elementor-size-default\">Zsebelje be a kuponk\u00f3dot aut\u00f3szerviz szolg\u00e1ltat\u00e1sra!<\/h1>\t\t\t\t<\/div>\n\t\t\t\t<\/div>\n\t\t\t\t\t<\/div>\n\t\t<\/div>\n\t\t\t\t\t<\/div>\n\t\t<\/section>\n\t\t\t\t<section class=\"elementor-section elementor-top-section elementor-element elementor-element-72e72613 elementor-section-boxed elementor-section-height-default elementor-section-height-default\" data-id=\"72e72613\" data-element_type=\"section\">\n\t\t\t\t\t\t\t<div class=\"elementor-background-overlay\"><\/div>\n\t\t\t\t\t\t\t<div class=\"elementor-container elementor-column-gap-default\">\n\t\t\t\t\t<div class=\"elementor-column elementor-col-100 elementor-top-column elementor-element elementor-element-5524e7ac\" data-id=\"5524e7ac\" data-element_type=\"column\">\n\t\t\t<div class=\"elementor-widget-wrap elementor-element-populated\">\n\t\t\t\t\t\t<div class=\"elementor-element elementor-element-54b8d08c elementor-position-left elementor-vertical-align-top elementor-widget elementor-widget-image-box\" data-id=\"54b8d08c\" data-element_type=\"widget\" data-widget_type=\"image-box.default\">\n\t\t\t\t<div class=\"elementor-widget-container\">\n\t\t\t\t\t<div class=\"elementor-image-box-wrapper\"><figure class=\"elementor-image-box-img\"><a href=\"https:\/\/gumi.hu\/autogumi\/nyari-gumi\" tabindex=\"-1\"><img decoding=\"async\" width=\"1024\" height=\"1024\" src=\"https:\/\/gumi.hu\/auto-gumi\/wp-content\/uploads\/2026\/02\/ChatGPT-Image-2026.-febr.-17.-13_46_19.png\" class=\"attachment-full size-full wp-image-18270\" alt=\"ChatGPT Image 2026. febr. 17. 13 46 19\" srcset=\"https:\/\/gumi.hu\/auto-gumi\/wp-content\/uploads\/2026\/02\/ChatGPT-Image-2026.-febr.-17.-13_46_19.png 1024w, https:\/\/gumi.hu\/auto-gumi\/wp-content\/uploads\/2026\/02\/ChatGPT-Image-2026.-febr.-17.-13_46_19-300x300.png 300w, https:\/\/gumi.hu\/auto-gumi\/wp-content\/uploads\/2026\/02\/ChatGPT-Image-2026.-febr.-17.-13_46_19-150x150.png 150w, https:\/\/gumi.hu\/auto-gumi\/wp-content\/uploads\/2026\/02\/ChatGPT-Image-2026.-febr.-17.-13_46_19-768x768.png 768w\" sizes=\"(max-width: 1024px) 100vw, 1024px\" \/><\/a><\/figure><div class=\"elementor-image-box-content\"><h2 class=\"elementor-image-box-title\"><a href=\"https:\/\/gumi.hu\/autogumi\/nyari-gumi\"><span style=\"font-size: 30px;font-weight: 700;line-height: 1.4\">Szereltesse \u00e1t megl\u00e9v\u0151 abroncsait \u00e1prilis 8. \u00e9s m\u00e1jus 29. k\u00f6z\u00f6tt az AKH szervizek egyik\u00e9ben \u00e9s jogosult lesz egy 4.000 Ft \u00e9rt\u00e9k\u0171 kuponra! <\/span><\/a><\/h2><p class=\"elementor-image-box-description\"><span style=\"font-weight: 700;font-size:22px\">A  4.000 Ft \u00e9rt\u00e9k\u0171 kupont a k\u00f6vetkez\u0151 szolg\u00e1ltat\u00e1sokra tudja ig\u00e9nybe venni:<\/span> <br>\n<span>\n\u2022\tRapid olajcsere munkad\u00edj\u00e1b\u00f3l <br>\n\u2022\tKl\u00edma t\u00f6lt\u00e9s-kl\u00edma tiszt\u00edt\u00e1s<br>\n\u2022\tFut\u00f3m\u0171 \u00e1ll\u00edt\u00e1s<br>\n\u2022\tAutomatav\u00e1lt\u00f3 olajcsere (AKH Feh\u00e9rv\u00e1ri \u00fat vagy AKH Mexik\u00f3i \u00fat)<br>\n\u2022\tM\u0171szaki vizsga (AKH Mexik\u00f3i \u00fat vagy AKH \u00c1rp\u00e1d fejedelem \u00fatja)<br><br>\n\n<span style=\"font-weight: 700\">Int\u00e9zze aut\u00f3szervizes \u00fcgyeit otthon\u00e1b\u00f3l \u00e9s jelentkezzen be k\u00e9nyelmesen online az AKH szervizeibe. <\/span> <\/p><\/div><\/div>\t\t\t\t<\/div>\n\t\t\t\t<\/div>\n\t\t\t\t<div class=\"elementor-element elementor-element-26bdb3a elementor-button-success elementor-align-center elementor-widget elementor-widget-button\" data-id=\"26bdb3a\" data-element_type=\"widget\" data-widget_type=\"button.default\">\n\t\t\t\t<div class=\"elementor-widget-container\">\n\t\t\t\t\t\t\t\t\t<div class=\"elementor-button-wrapper\">\n\t\t\t\t\t<a class=\"elementor-button elementor-button-link elementor-size-lg elementor-animation-pulse-grow\" href=\"https:\/\/gumi.hu\/idopontfoglalas\" target=\"_blank\">\n\t\t\t\t\t\t<span class=\"elementor-button-content-wrapper\">\n\t\t\t\t\t\t\t\t\t<span class=\"elementor-button-text\">Id\u0151pontot foglalok<\/span>\n\t\t\t\t\t<\/span>\n\t\t\t\t\t<\/a>\n\t\t\t\t<\/div>\n\t\t\t\t\t\t\t\t<\/div>\n\t\t\t\t<\/div>\n\t\t\t\t\t<\/div>\n\t\t<\/div>\n\t\t\t\t\t<\/div>\n\t\t<\/section>\n\t\t\t\t<section class=\"elementor-section elementor-top-section elementor-element elementor-element-2e0dab49 elementor-section-boxed elementor-section-height-default elementor-section-height-default\" data-id=\"2e0dab49\" data-element_type=\"section\" data-settings=\"{&quot;background_background&quot;:&quot;classic&quot;}\">\n\t\t\t\t\t\t\t<div class=\"elementor-background-overlay\"><\/div>\n\t\t\t\t\t\t\t<div class=\"elementor-container elementor-column-gap-default\">\n\t\t\t\t\t<div class=\"elementor-column elementor-col-100 elementor-top-column elementor-element elementor-element-2cd031ab\" data-id=\"2cd031ab\" data-element_type=\"column\">\n\t\t\t<div class=\"elementor-widget-wrap elementor-element-populated\">\n\t\t\t\t\t\t<div class=\"elementor-element elementor-element-62f5794 elementor-widget elementor-widget-text-editor\" data-id=\"62f5794\" data-element_type=\"widget\" data-widget_type=\"text-editor.default\">\n\t\t\t\t<div class=\"elementor-widget-container\">\n\t\t\t\t\t\t\t\t\t<p><b>Szereltesse \u00e1t abroncsait 2026.04.08. &#8211; 2026.05.29. k\u00f6z\u00f6tt.<\/b><\/p>\n<p>A szolg\u00e1ltat\u00e1sokra felhaszn\u00e1lhat\u00f3 <b>kuponk\u00f3dok 2026.06.04-ig ker\u00fclnek kik\u00fcld\u00e9sre<\/b> a szereltet\u00e9skor megadott e-mail c\u00edmre, melyet <b>2026.10.09.-ig tud felhaszn\u00e1lni<\/b> a k\u00f6vetkez\u0151k egyik\u00e9re: rapid olajcsere munkad\u00edja, kl\u00edma t\u00f6lt\u00e9s \u00e9s kl\u00edma tiszt\u00edt\u00e1s, fut\u00f3m\u0171 \u00e1ll\u00edt\u00e1s, automatav\u00e1lt\u00f3 olajcsere (AKH Feh\u00e9rv\u00e1ri \u00faton vagy AKH Mexik\u00f3i \u00faton), m\u0171szaki vizsg\u00e1ztat\u00e1s (AKH Mexik\u00f3i \u00faton vagy AKH \u00c1rp\u00e1d fejedelem \u00fatj\u00e1n)<\/p>\t\t\t\t\t\t\t\t<\/div>\n\t\t\t\t<\/div>\n\t\t\t\t<div class=\"elementor-element elementor-element-7c0b6ee elementor-widget elementor-widget-image\" data-id=\"7c0b6ee\" data-element_type=\"widget\" data-widget_type=\"image.default\">\n\t\t\t\t<div class=\"elementor-widget-container\">\n\t\t\t\t\t\t\t\t\t\t\t\t\t\t\t<img decoding=\"async\" width=\"900\" height=\"900\" src=\"https:\/\/gumi.hu\/auto-gumi\/wp-content\/uploads\/2025\/08\/2025-08-akh-szervizpont-terkep-4k_optimized-1024x1024.jpg\" class=\"attachment-large size-large wp-image-16816\" alt=\"\" srcset=\"https:\/\/gumi.hu\/auto-gumi\/wp-content\/uploads\/2025\/08\/2025-08-akh-szervizpont-terkep-4k_optimized-1024x1024.jpg 1024w, https:\/\/gumi.hu\/auto-gumi\/wp-content\/uploads\/2025\/08\/2025-08-akh-szervizpont-terkep-4k_optimized-300x300.jpg 300w, https:\/\/gumi.hu\/auto-gumi\/wp-content\/uploads\/2025\/08\/2025-08-akh-szervizpont-terkep-4k_optimized-150x150.jpg 150w, https:\/\/gumi.hu\/auto-gumi\/wp-content\/uploads\/2025\/08\/2025-08-akh-szervizpont-terkep-4k_optimized-768x768.jpg 768w, https:\/\/gumi.hu\/auto-gumi\/wp-content\/uploads\/2025\/08\/2025-08-akh-szervizpont-terkep-4k_optimized-1536x1536.jpg 1536w, https:\/\/gumi.hu\/auto-gumi\/wp-content\/uploads\/2025\/08\/2025-08-akh-szervizpont-terkep-4k_optimized-2048x2048.jpg 2048w\" sizes=\"(max-width: 900px) 100vw, 900px\" \/>\t\t\t\t\t\t\t\t\t\t\t\t\t\t\t<\/div>\n\t\t\t\t<\/div>\n\t\t\t\t<div class=\"elementor-element elementor-element-460d2e0 elementor-widget elementor-widget-text-editor\" data-id=\"460d2e0\" data-element_type=\"widget\" data-widget_type=\"text-editor.default\">\n\t\t\t\t<div class=\"elementor-widget-container\">\n\t\t\t\t\t\t\t\t\t<p>\u00a9 gumi.hu. Minden jog fenntartva!<\/p>\t\t\t\t\t\t\t\t<\/div>\n\t\t\t\t<\/div>\n\t\t\t\t\t<\/div>\n\t\t<\/div>\n\t\t\t\t\t<\/div>\n\t\t<\/section>\n\t\t\t\t<\/div>\n\t\t","protected":false},"excerpt":{"rendered":"<p>Zsebelje be a kuponk\u00f3dot aut\u00f3szerviz szolg\u00e1ltat\u00e1sra! Szereltesse \u00e1t megl\u00e9v\u0151 abroncsait \u00e1prilis 8. \u00e9s m\u00e1jus 29. k\u00f6z\u00f6tt az AKH szervizek egyik\u00e9ben \u00e9s jogosult lesz egy 4.000 Ft \u00e9rt\u00e9k\u0171 kuponra! A 4.000 Ft \u00e9rt\u00e9k\u0171 kupont a k\u00f6vetkez\u0151 szolg\u00e1ltat\u00e1sokra tudja ig\u00e9nybe venni: \u2022 Rapid olajcsere munkad\u00edj\u00e1b\u00f3l \u2022 Kl\u00edma t\u00f6lt\u00e9s-kl\u00edma tiszt\u00edt\u00e1s \u2022 Fut\u00f3m\u0171 \u00e1ll\u00edt\u00e1s \u2022 Automatav\u00e1lt\u00f3 olajcsere (AKH Feh\u00e9rv\u00e1ri &#8230; <a title=\"hozott gumicsere akci\u00f3\" class=\"read-more\" href=\"https:\/\/gumi.hu\/auto-gumi\/hozott-gumicsere-akcio\/\" aria-label=\"Read more about hozott gumicsere akci\u00f3\">Olvass tov\u00e1bb<\/a><\/p>\n","protected":false},"author":21,"featured_media":0,"parent":0,"menu_order":0,"comment_status":"closed","ping_status":"closed","template":"elementor_canvas","meta":{"footnotes":""},"class_list":["post-18264","page","type-page","status-publish"],"yoast_head":"<!-- This site is optimized with the Yoast SEO plugin v26.7 - https:\/\/yoast.com\/wordpress\/plugins\/seo\/ -->\n<title>hozott gumicsere akci\u00f3 - Gumi.hu<\/title>\n<meta name=\"robots\" content=\"index, follow, max-snippet:-1, max-image-preview:large, max-video-preview:-1\" \/>\n<link rel=\"canonical\" href=\"https:\/\/gumi.hu\/auto-gumi\/hozott-gumicsere-akcio\/\" \/>\n<meta property=\"og:locale\" content=\"hu_HU\" \/>\n<meta property=\"og:type\" content=\"article\" \/>\n<meta property=\"og:title\" content=\"hozott gumicsere akci\u00f3 - Gumi.hu\" \/>\n<meta property=\"og:description\" content=\"Zsebelje be a kuponk\u00f3dot aut\u00f3szerviz szolg\u00e1ltat\u00e1sra! Szereltesse \u00e1t megl\u00e9v\u0151 abroncsait \u00e1prilis 8. \u00e9s m\u00e1jus 29. k\u00f6z\u00f6tt az AKH szervizek egyik\u00e9ben \u00e9s jogosult lesz egy 4.000 Ft \u00e9rt\u00e9k\u0171 kuponra! A 4.000 Ft \u00e9rt\u00e9k\u0171 kupont a k\u00f6vetkez\u0151 szolg\u00e1ltat\u00e1sokra tudja ig\u00e9nybe venni: \u2022 Rapid olajcsere munkad\u00edj\u00e1b\u00f3l \u2022 Kl\u00edma t\u00f6lt\u00e9s-kl\u00edma tiszt\u00edt\u00e1s \u2022 Fut\u00f3m\u0171 \u00e1ll\u00edt\u00e1s \u2022 Automatav\u00e1lt\u00f3 olajcsere (AKH Feh\u00e9rv\u00e1ri ... Olvass tov\u00e1bb\" \/>\n<meta property=\"og:url\" content=\"https:\/\/gumi.hu\/auto-gumi\/hozott-gumicsere-akcio\/\" \/>\n<meta property=\"og:site_name\" content=\"Gumi.hu\" \/>\n<meta property=\"article:publisher\" content=\"https:\/\/www.facebook.com\/akhautoszerviz\/\" \/>\n<meta property=\"article:modified_time\" content=\"2026-04-08T06:02:19+00:00\" \/>\n<meta property=\"og:image\" content=\"https:\/\/gumi.hu\/auto-gumi\/wp-content\/uploads\/2024\/02\/AKH-gumi_hu-co-branded-logo-1.jpg\" \/>\n\t<meta property=\"og:image:width\" content=\"1920\" \/>\n\t<meta property=\"og:image:height\" content=\"436\" \/>\n\t<meta property=\"og:image:type\" content=\"image\/jpeg\" \/>\n<meta name=\"twitter:card\" content=\"summary_large_image\" \/>\n<meta name=\"twitter:label1\" content=\"Becs\u00fclt olvas\u00e1si id\u0151\" \/>\n\t<meta name=\"twitter:data1\" content=\"2 perc\" \/>\n<script type=\"application\/ld+json\" class=\"yoast-schema-graph\">{\"@context\":\"https:\/\/schema.org\",\"@graph\":[{\"@type\":\"WebPage\",\"@id\":\"https:\/\/gumi.hu\/auto-gumi\/hozott-gumicsere-akcio\/\",\"url\":\"https:\/\/gumi.hu\/auto-gumi\/hozott-gumicsere-akcio\/\",\"name\":\"hozott gumicsere akci\u00f3 - Gumi.hu\",\"isPartOf\":{\"@id\":\"https:\/\/gumi.hu\/auto-gumi\/#website\"},\"primaryImageOfPage\":{\"@id\":\"https:\/\/gumi.hu\/auto-gumi\/hozott-gumicsere-akcio\/#primaryimage\"},\"image\":{\"@id\":\"https:\/\/gumi.hu\/auto-gumi\/hozott-gumicsere-akcio\/#primaryimage\"},\"thumbnailUrl\":\"https:\/\/gumi.hu\/auto-gumi\/wp-content\/uploads\/2024\/02\/AKH-gumi_hu-co-branded-logo-1-1024x233.jpg\",\"datePublished\":\"2026-03-05T08:19:33+00:00\",\"dateModified\":\"2026-04-08T06:02:19+00:00\",\"breadcrumb\":{\"@id\":\"https:\/\/gumi.hu\/auto-gumi\/hozott-gumicsere-akcio\/#breadcrumb\"},\"inLanguage\":\"hu\",\"potentialAction\":[{\"@type\":\"ReadAction\",\"target\":[\"https:\/\/gumi.hu\/auto-gumi\/hozott-gumicsere-akcio\/\"]}]},{\"@type\":\"ImageObject\",\"inLanguage\":\"hu\",\"@id\":\"https:\/\/gumi.hu\/auto-gumi\/hozott-gumicsere-akcio\/#primaryimage\",\"url\":\"https:\/\/gumi.hu\/auto-gumi\/wp-content\/uploads\/2024\/02\/AKH-gumi_hu-co-branded-logo-1.jpg\",\"contentUrl\":\"https:\/\/gumi.hu\/auto-gumi\/wp-content\/uploads\/2024\/02\/AKH-gumi_hu-co-branded-logo-1.jpg\",\"width\":1920,\"height\":436},{\"@type\":\"BreadcrumbList\",\"@id\":\"https:\/\/gumi.hu\/auto-gumi\/hozott-gumicsere-akcio\/#breadcrumb\",\"itemListElement\":[{\"@type\":\"ListItem\",\"position\":1,\"name\":\"Kezd\u0151lap\",\"item\":\"https:\/\/gumi.hu\/auto-gumi\/\"},{\"@type\":\"ListItem\",\"position\":2,\"name\":\"hozott gumicsere akci\u00f3\"}]},{\"@type\":\"WebSite\",\"@id\":\"https:\/\/gumi.hu\/auto-gumi\/#website\",\"url\":\"https:\/\/gumi.hu\/auto-gumi\/\",\"name\":\"Gumi.hu\",\"description\":\"\",\"publisher\":{\"@id\":\"https:\/\/gumi.hu\/auto-gumi\/#organization\"},\"potentialAction\":[{\"@type\":\"SearchAction\",\"target\":{\"@type\":\"EntryPoint\",\"urlTemplate\":\"https:\/\/gumi.hu\/auto-gumi\/?s={search_term_string}\"},\"query-input\":{\"@type\":\"PropertyValueSpecification\",\"valueRequired\":true,\"valueName\":\"search_term_string\"}}],\"inLanguage\":\"hu\"},{\"@type\":\"Organization\",\"@id\":\"https:\/\/gumi.hu\/auto-gumi\/#organization\",\"name\":\"Gumi.hu\",\"url\":\"https:\/\/gumi.hu\/auto-gumi\/\",\"logo\":{\"@type\":\"ImageObject\",\"inLanguage\":\"hu\",\"@id\":\"https:\/\/gumi.hu\/auto-gumi\/#\/schema\/logo\/image\/\",\"url\":\"https:\/\/gumi.hu\/auto-gumi\/wp-content\/uploads\/2021\/12\/cropped-gumi.hulogo.png\",\"contentUrl\":\"https:\/\/gumi.hu\/auto-gumi\/wp-content\/uploads\/2021\/12\/cropped-gumi.hulogo.png\",\"width\":597,\"height\":256,\"caption\":\"Gumi.hu\"},\"image\":{\"@id\":\"https:\/\/gumi.hu\/auto-gumi\/#\/schema\/logo\/image\/\"},\"sameAs\":[\"https:\/\/www.facebook.com\/akhautoszerviz\/\",\"https:\/\/www.instagram.com\/gumi.hu_poweredbyakh\/\",\"https:\/\/www.youtube.com\/channel\/UCyYJ0QGG6gLMXAADVRYY6_w\"]}]}<\/script>\n<!-- \/ Yoast SEO plugin. -->","yoast_head_json":{"title":"hozott gumicsere akci\u00f3 - Gumi.hu","robots":{"index":"index","follow":"follow","max-snippet":"max-snippet:-1","max-image-preview":"max-image-preview:large","max-video-preview":"max-video-preview:-1"},"canonical":"https:\/\/gumi.hu\/auto-gumi\/hozott-gumicsere-akcio\/","og_locale":"hu_HU","og_type":"article","og_title":"hozott gumicsere akci\u00f3 - Gumi.hu","og_description":"Zsebelje be a kuponk\u00f3dot aut\u00f3szerviz szolg\u00e1ltat\u00e1sra! Szereltesse \u00e1t megl\u00e9v\u0151 abroncsait \u00e1prilis 8. \u00e9s m\u00e1jus 29. k\u00f6z\u00f6tt az AKH szervizek egyik\u00e9ben \u00e9s jogosult lesz egy 4.000 Ft \u00e9rt\u00e9k\u0171 kuponra! A 4.000 Ft \u00e9rt\u00e9k\u0171 kupont a k\u00f6vetkez\u0151 szolg\u00e1ltat\u00e1sokra tudja ig\u00e9nybe venni: \u2022 Rapid olajcsere munkad\u00edj\u00e1b\u00f3l \u2022 Kl\u00edma t\u00f6lt\u00e9s-kl\u00edma tiszt\u00edt\u00e1s \u2022 Fut\u00f3m\u0171 \u00e1ll\u00edt\u00e1s \u2022 Automatav\u00e1lt\u00f3 olajcsere (AKH Feh\u00e9rv\u00e1ri ... Olvass tov\u00e1bb","og_url":"https:\/\/gumi.hu\/auto-gumi\/hozott-gumicsere-akcio\/","og_site_name":"Gumi.hu","article_publisher":"https:\/\/www.facebook.com\/akhautoszerviz\/","article_modified_time":"2026-04-08T06:02:19+00:00","og_image":[{"width":1920,"height":436,"url":"https:\/\/gumi.hu\/auto-gumi\/wp-content\/uploads\/2024\/02\/AKH-gumi_hu-co-branded-logo-1.jpg","type":"image\/jpeg"}],"twitter_card":"summary_large_image","twitter_misc":{"Becs\u00fclt olvas\u00e1si id\u0151":"2 perc"},"schema":{"@context":"https:\/\/schema.org","@graph":[{"@type":"WebPage","@id":"https:\/\/gumi.hu\/auto-gumi\/hozott-gumicsere-akcio\/","url":"https:\/\/gumi.hu\/auto-gumi\/hozott-gumicsere-akcio\/","name":"hozott gumicsere akci\u00f3 - Gumi.hu","isPartOf":{"@id":"https:\/\/gumi.hu\/auto-gumi\/#website"},"primaryImageOfPage":{"@id":"https:\/\/gumi.hu\/auto-gumi\/hozott-gumicsere-akcio\/#primaryimage"},"image":{"@id":"https:\/\/gumi.hu\/auto-gumi\/hozott-gumicsere-akcio\/#primaryimage"},"thumbnailUrl":"https:\/\/gumi.hu\/auto-gumi\/wp-content\/uploads\/2024\/02\/AKH-gumi_hu-co-branded-logo-1-1024x233.jpg","datePublished":"2026-03-05T08:19:33+00:00","dateModified":"2026-04-08T06:02:19+00:00","breadcrumb":{"@id":"https:\/\/gumi.hu\/auto-gumi\/hozott-gumicsere-akcio\/#breadcrumb"},"inLanguage":"hu","potentialAction":[{"@type":"ReadAction","target":["https:\/\/gumi.hu\/auto-gumi\/hozott-gumicsere-akcio\/"]}]},{"@type":"ImageObject","inLanguage":"hu","@id":"https:\/\/gumi.hu\/auto-gumi\/hozott-gumicsere-akcio\/#primaryimage","url":"https:\/\/gumi.hu\/auto-gumi\/wp-content\/uploads\/2024\/02\/AKH-gumi_hu-co-branded-logo-1.jpg","contentUrl":"https:\/\/gumi.hu\/auto-gumi\/wp-content\/uploads\/2024\/02\/AKH-gumi_hu-co-branded-logo-1.jpg","width":1920,"height":436},{"@type":"BreadcrumbList","@id":"https:\/\/gumi.hu\/auto-gumi\/hozott-gumicsere-akcio\/#breadcrumb","itemListElement":[{"@type":"ListItem","position":1,"name":"Kezd\u0151lap","item":"https:\/\/gumi.hu\/auto-gumi\/"},{"@type":"ListItem","position":2,"name":"hozott gumicsere akci\u00f3"}]},{"@type":"WebSite","@id":"https:\/\/gumi.hu\/auto-gumi\/#website","url":"https:\/\/gumi.hu\/auto-gumi\/","name":"Gumi.hu","description":"","publisher":{"@id":"https:\/\/gumi.hu\/auto-gumi\/#organization"},"potentialAction":[{"@type":"SearchAction","target":{"@type":"EntryPoint","urlTemplate":"https:\/\/gumi.hu\/auto-gumi\/?s={search_term_string}"},"query-input":{"@type":"PropertyValueSpecification","valueRequired":true,"valueName":"search_term_string"}}],"inLanguage":"hu"},{"@type":"Organization","@id":"https:\/\/gumi.hu\/auto-gumi\/#organization","name":"Gumi.hu","url":"https:\/\/gumi.hu\/auto-gumi\/","logo":{"@type":"ImageObject","inLanguage":"hu","@id":"https:\/\/gumi.hu\/auto-gumi\/#\/schema\/logo\/image\/","url":"https:\/\/gumi.hu\/auto-gumi\/wp-content\/uploads\/2021\/12\/cropped-gumi.hulogo.png","contentUrl":"https:\/\/gumi.hu\/auto-gumi\/wp-content\/uploads\/2021\/12\/cropped-gumi.hulogo.png","width":597,"height":256,"caption":"Gumi.hu"},"image":{"@id":"https:\/\/gumi.hu\/auto-gumi\/#\/schema\/logo\/image\/"},"sameAs":["https:\/\/www.facebook.com\/akhautoszerviz\/","https:\/\/www.instagram.com\/gumi.hu_poweredbyakh\/","https:\/\/www.youtube.com\/channel\/UCyYJ0QGG6gLMXAADVRYY6_w"]}]}},"_links":{"self":[{"href":"https:\/\/gumi.hu\/auto-gumi\/wp-json\/wp\/v2\/pages\/18264","targetHints":{"allow":["GET"]}}],"collection":[{"href":"https:\/\/gumi.hu\/auto-gumi\/wp-json\/wp\/v2\/pages"}],"about":[{"href":"https:\/\/gumi.hu\/auto-gumi\/wp-json\/wp\/v2\/types\/page"}],"author":[{"embeddable":true,"href":"https:\/\/gumi.hu\/auto-gumi\/wp-json\/wp\/v2\/users\/21"}],"replies":[{"embeddable":true,"href":"https:\/\/gumi.hu\/auto-gumi\/wp-json\/wp\/v2\/comments?post=18264"}],"version-history":[{"count":32,"href":"https:\/\/gumi.hu\/auto-gumi\/wp-json\/wp\/v2\/pages\/18264\/revisions"}],"predecessor-version":[{"id":18714,"href":"https:\/\/gumi.hu\/auto-gumi\/wp-json\/wp\/v2\/pages\/18264\/revisions\/18714"}],"wp:attachment":[{"href":"https:\/\/gumi.hu\/auto-gumi\/wp-json\/wp\/v2\/media?parent=18264"}],"curies":[{"name":"wp","href":"https:\/\/api.w.org\/{rel}","templated":true}]}}