{"id":18366,"date":"2026-03-16T10:47:22","date_gmt":"2026-03-16T09:47:22","guid":{"rendered":"https:\/\/gumi.hu\/auto-gumi\/?page_id=18366"},"modified":"2026-03-16T12:05:54","modified_gmt":"2026-03-16T11:05:54","slug":"michelin-2026-nyar","status":"publish","type":"page","link":"https:\/\/gumi.hu\/auto-gumi\/michelin-2026-nyar\/","title":{"rendered":"Michelin 2026 ny\u00e1r"},"content":{"rendered":"\t\t<div data-elementor-type=\"wp-page\" data-elementor-id=\"18366\" class=\"elementor elementor-18366\">\n\t\t\t\t\t\t<section class=\"elementor-section elementor-top-section elementor-element elementor-element-43359403 elementor-section-boxed elementor-section-height-default elementor-section-height-default\" data-id=\"43359403\" data-element_type=\"section\">\n\t\t\t\t\t\t<div class=\"elementor-container elementor-column-gap-default\">\n\t\t\t\t\t<div class=\"elementor-column elementor-col-100 elementor-top-column elementor-element elementor-element-5d82275a\" data-id=\"5d82275a\" data-element_type=\"column\">\n\t\t\t<div class=\"elementor-widget-wrap elementor-element-populated\">\n\t\t\t\t\t\t<div class=\"elementor-element elementor-element-2445fa49 elementor-widget elementor-widget-html\" data-id=\"2445fa49\" data-element_type=\"widget\" data-widget_type=\"html.default\">\n\t\t\t\t<div class=\"elementor-widget-container\">\n\t\t\t\t\t <!-- Google Tag Manager -->\r\n    <script>(function (w, d, s, l, i) {\r\n                w[l] = w[l] || [];\r\n                w[l].push({\r\n                    'gtm.start':\r\n                        new Date().getTime(), event: 'gtm.js'\r\n                });\r\n                var f = d.getElementsByTagName(s)[0],\r\n                    j = d.createElement(s), dl = l != 'dataLayer' ? '&l=' + l : '';\r\n                j.async = true;\r\n                j.src =\r\n                    'https:\/\/www.googletagmanager.com\/gtm.js?id=' + i + dl;\r\n                f.parentNode.insertBefore(j, f);\r\n            })(window, document, 'script', 'dataLayer', 'GTM-5BVBK9T');\r\n    <\/script>\r\n    <!-- End Google Tag Manager -->\r\n\t<!-- Google Tag Manager (noscript) -->\r\n\t<noscript>\r\n\t\t<iframe src=\"https:\/\/www.googletagmanager.com\/ns.html?id=GTM-5BVBK9T\" height=\"0\" width=\"0\" style=\"display:none;visibility:hidden\"><\/iframe>\r\n\t<\/noscript>\r\n\t<!-- End Google Tag Manager (noscript) -->\t\t\t\t<\/div>\n\t\t\t\t<\/div>\n\t\t\t\t\t<\/div>\n\t\t<\/div>\n\t\t\t\t\t<\/div>\n\t\t<\/section>\n\t\t\t\t<section class=\"elementor-section elementor-top-section elementor-element elementor-element-33e76ba0 elementor-section-content-middle elementor-section-boxed elementor-section-height-default elementor-section-height-default\" data-id=\"33e76ba0\" data-element_type=\"section\" data-settings=\"{&quot;background_background&quot;:&quot;classic&quot;}\">\n\t\t\t\t\t\t\t<div class=\"elementor-background-overlay\"><\/div>\n\t\t\t\t\t\t\t<div class=\"elementor-container elementor-column-gap-no\">\n\t\t\t\t\t<div class=\"elementor-column elementor-col-100 elementor-top-column elementor-element elementor-element-52ba0aa5\" data-id=\"52ba0aa5\" data-element_type=\"column\">\n\t\t\t<div class=\"elementor-widget-wrap elementor-element-populated\">\n\t\t\t\t\t\t<div class=\"elementor-element elementor-element-3969d7c4 elementor-widget elementor-widget-image\" data-id=\"3969d7c4\" data-element_type=\"widget\" data-widget_type=\"image.default\">\n\t\t\t\t<div class=\"elementor-widget-container\">\n\t\t\t\t\t\t\t\t\t\t\t\t\t\t\t<img decoding=\"async\" width=\"240\" height=\"180\" src=\"https:\/\/gumi.hu\/auto-gumi\/wp-content\/uploads\/2022\/03\/michelin-logo.png\" class=\"attachment-large size-large wp-image-7931\" alt=\"\" \/>\t\t\t\t\t\t\t\t\t\t\t\t\t\t\t<\/div>\n\t\t\t\t<\/div>\n\t\t\t\t<div class=\"elementor-element elementor-element-4e7377f8 elementor-widget elementor-widget-heading\" data-id=\"4e7377f8\" data-element_type=\"widget\" data-widget_type=\"heading.default\">\n\t\t\t\t<div class=\"elementor-widget-container\">\n\t\t\t\t\t<h4 class=\"elementor-heading-title elementor-size-default\">Biztons\u00e1gos aut\u00f3z\u00e1s, biztos nyerem\u00e9ny!<\/h4>\t\t\t\t<\/div>\n\t\t\t\t<\/div>\n\t\t\t\t\t<\/div>\n\t\t<\/div>\n\t\t\t\t\t<\/div>\n\t\t<\/section>\n\t\t\t\t<section class=\"elementor-section elementor-top-section elementor-element elementor-element-5d6d7a2b elementor-section-content-middle elementor-section-boxed elementor-section-height-default elementor-section-height-default\" data-id=\"5d6d7a2b\" data-element_type=\"section\">\n\t\t\t\t\t\t<div class=\"elementor-container elementor-column-gap-no\">\n\t\t\t\t\t<div class=\"elementor-column elementor-col-100 elementor-top-column elementor-element elementor-element-37c354ac\" data-id=\"37c354ac\" data-element_type=\"column\">\n\t\t\t<div class=\"elementor-widget-wrap elementor-element-populated\">\n\t\t\t\t\t\t<div class=\"elementor-element elementor-element-1e349a53 elementor-widget elementor-widget-heading\" data-id=\"1e349a53\" data-element_type=\"widget\" data-widget_type=\"heading.default\">\n\t\t\t\t<div class=\"elementor-widget-container\">\n\t\t\t\t\t<h1 class=\"elementor-heading-title elementor-size-default\"><span style=\"color: var( --e-global-color-000000 );font-size: 32px\">Michelin ny\u00e1ri vagy n\u00e9gy\u00e9vszakos abroncsok most ak\u00e1r <\/span><span style=\"color: var( --e-global-color-000000 );font-size: 50px\">30.000 Ft<\/span><span style=\"color: var( --e-global-color-000000 );font-size: 32px\"> \u00e9rt\u00e9k\u0171 aj\u00e1nd\u00e9kutalv\u00e1nnyal!<\/span><\/h1>\t\t\t\t<\/div>\n\t\t\t\t<\/div>\n\t\t\t\t<section class=\"elementor-section elementor-inner-section elementor-element elementor-element-62ebdac8 elementor-section-content-middle elementor-section-boxed elementor-section-height-default elementor-section-height-default\" data-id=\"62ebdac8\" data-element_type=\"section\">\n\t\t\t\t\t\t<div class=\"elementor-container elementor-column-gap-no\">\n\t\t\t\t\t<div class=\"elementor-column elementor-col-50 elementor-inner-column elementor-element elementor-element-57249ebe\" data-id=\"57249ebe\" data-element_type=\"column\">\n\t\t\t<div class=\"elementor-widget-wrap elementor-element-populated\">\n\t\t\t\t\t\t<div class=\"elementor-element elementor-element-34e4ee11 elementor-widget elementor-widget-image\" data-id=\"34e4ee11\" data-element_type=\"widget\" data-widget_type=\"image.default\">\n\t\t\t\t<div class=\"elementor-widget-container\">\n\t\t\t\t\t\t\t\t\t\t\t\t\t\t\t<img fetchpriority=\"high\" decoding=\"async\" width=\"900\" height=\"900\" src=\"https:\/\/gumi.hu\/auto-gumi\/wp-content\/uploads\/2026\/03\/banner_1200x1200-1024x1024.jpg\" class=\"attachment-large size-large wp-image-18368\" alt=\"banner 1200x1200\" srcset=\"https:\/\/gumi.hu\/auto-gumi\/wp-content\/uploads\/2026\/03\/banner_1200x1200-1024x1024.jpg 1024w, https:\/\/gumi.hu\/auto-gumi\/wp-content\/uploads\/2026\/03\/banner_1200x1200-300x300.jpg 300w, https:\/\/gumi.hu\/auto-gumi\/wp-content\/uploads\/2026\/03\/banner_1200x1200-150x150.jpg 150w, https:\/\/gumi.hu\/auto-gumi\/wp-content\/uploads\/2026\/03\/banner_1200x1200-768x768.jpg 768w, https:\/\/gumi.hu\/auto-gumi\/wp-content\/uploads\/2026\/03\/banner_1200x1200.jpg 1200w\" sizes=\"(max-width: 900px) 100vw, 900px\" \/>\t\t\t\t\t\t\t\t\t\t\t\t\t\t\t<\/div>\n\t\t\t\t<\/div>\n\t\t\t\t\t<\/div>\n\t\t<\/div>\n\t\t\t\t<div class=\"elementor-column elementor-col-50 elementor-inner-column elementor-element elementor-element-1211e0f9\" data-id=\"1211e0f9\" data-element_type=\"column\">\n\t\t\t<div class=\"elementor-widget-wrap elementor-element-populated\">\n\t\t\t\t\t\t<div class=\"elementor-element elementor-element-22dad9d2 elementor-widget elementor-widget-heading\" data-id=\"22dad9d2\" data-element_type=\"widget\" data-widget_type=\"heading.default\">\n\t\t\t\t<div class=\"elementor-widget-container\">\n\t\t\t\t\t<h2 class=\"elementor-heading-title elementor-size-default\">V\u00e1s\u00e1roljon <b>4 db ny\u00e1ri vagy n\u00e9gy\u00e9vszakos Michelin abroncsot<\/b> a gumi.hu web\u00e1ruh\u00e1zban.<\/h2>\t\t\t\t<\/div>\n\t\t\t\t<\/div>\n\t\t\t\t<div class=\"elementor-element elementor-element-484c7029 elementor-align-center elementor-widget elementor-widget-button\" data-id=\"484c7029\" data-element_type=\"widget\" data-widget_type=\"button.default\">\n\t\t\t\t<div class=\"elementor-widget-container\">\n\t\t\t\t\t\t\t\t\t<div class=\"elementor-button-wrapper\">\n\t\t\t\t\t<a class=\"elementor-button elementor-button-link elementor-size-sm elementor-animation-pulse\" href=\"https:\/\/gumi.hu\/autogumi\/nyari-gumi\/michelin\" target=\"_blank\">\n\t\t\t\t\t\t<span class=\"elementor-button-content-wrapper\">\n\t\t\t\t\t\t\t\t\t<span class=\"elementor-button-text\">Michelin ny\u00e1ri gumi<\/span>\n\t\t\t\t\t<\/span>\n\t\t\t\t\t<\/a>\n\t\t\t\t<\/div>\n\t\t\t\t\t\t\t\t<\/div>\n\t\t\t\t<\/div>\n\t\t\t\t<div class=\"elementor-element elementor-element-43d4071 elementor-align-center elementor-widget elementor-widget-button\" data-id=\"43d4071\" data-element_type=\"widget\" data-widget_type=\"button.default\">\n\t\t\t\t<div class=\"elementor-widget-container\">\n\t\t\t\t\t\t\t\t\t<div class=\"elementor-button-wrapper\">\n\t\t\t\t\t<a class=\"elementor-button elementor-button-link elementor-size-sm elementor-animation-pulse\" href=\"https:\/\/gumi.hu\/autogumi\/negyevszakos\/michelin\" target=\"_blank\">\n\t\t\t\t\t\t<span class=\"elementor-button-content-wrapper\">\n\t\t\t\t\t\t\t\t\t<span class=\"elementor-button-text\">Michelin n\u00e9gy\u00e9vszakos gumi<\/span>\n\t\t\t\t\t<\/span>\n\t\t\t\t\t<\/a>\n\t\t\t\t<\/div>\n\t\t\t\t\t\t\t\t<\/div>\n\t\t\t\t<\/div>\n\t\t\t\t<div class=\"elementor-element elementor-element-28f45f16 elementor-widget elementor-widget-heading\" data-id=\"28f45f16\" data-element_type=\"widget\" data-widget_type=\"heading.default\">\n\t\t\t\t<div class=\"elementor-widget-container\">\n\t\t\t\t\t<h2 class=\"elementor-heading-title elementor-size-default\">Regisztr\u00e1ljon \u00e9s garant\u00e1ltan \u00d6n\u00e9 az <b>ak\u00e1r 30.000 Ft \u00f6sszeg\u0171 <\/b>v\u00e1s\u00e1rl\u00e1si utalv\u00e1ny egyike.<\/h2>\t\t\t\t<\/div>\n\t\t\t\t<\/div>\n\t\t\t\t<div class=\"elementor-element elementor-element-5e21078 elementor-widget elementor-widget-heading\" data-id=\"5e21078\" data-element_type=\"widget\" data-widget_type=\"heading.default\">\n\t\t\t\t<div class=\"elementor-widget-container\">\n\t\t\t\t\t<h2 class=\"elementor-heading-title elementor-size-default\">Az al\u00e1bbi utalv\u00e1nyok k\u00f6z\u00fcl v\u00e1laszthat:<br><b>alza.hu, H&amp;M, OMW<\/b><\/h2>\t\t\t\t<\/div>\n\t\t\t\t<\/div>\n\t\t\t\t\t<\/div>\n\t\t<\/div>\n\t\t\t\t\t<\/div>\n\t\t<\/section>\n\t\t\t\t\t<\/div>\n\t\t<\/div>\n\t\t\t\t\t<\/div>\n\t\t<\/section>\n\t\t\t\t<section class=\"elementor-section elementor-top-section elementor-element elementor-element-cc64137 elementor-section-content-middle elementor-section-boxed elementor-section-height-default elementor-section-height-default\" data-id=\"cc64137\" data-element_type=\"section\" data-settings=\"{&quot;background_background&quot;:&quot;classic&quot;}\">\n\t\t\t\t\t\t<div class=\"elementor-container elementor-column-gap-no\">\n\t\t\t\t\t<div class=\"elementor-column elementor-col-100 elementor-top-column elementor-element elementor-element-41788d6e\" data-id=\"41788d6e\" data-element_type=\"column\">\n\t\t\t<div class=\"elementor-widget-wrap elementor-element-populated\">\n\t\t\t\t\t\t<div class=\"elementor-element elementor-element-21f5295d elementor-widget elementor-widget-heading\" data-id=\"21f5295d\" data-element_type=\"widget\" data-widget_type=\"heading.default\">\n\t\t\t\t<div class=\"elementor-widget-container\">\n\t\t\t\t\t<h2 class=\"elementor-heading-title elementor-size-default\">Hogyan veheti ig\u00e9nybe a kedvezm\u00e9nyt?<\/h2>\t\t\t\t<\/div>\n\t\t\t\t<\/div>\n\t\t\t\t<div class=\"elementor-element elementor-element-1dede8f1 elementor-widget elementor-widget-text-editor\" data-id=\"1dede8f1\" data-element_type=\"widget\" data-widget_type=\"text-editor.default\">\n\t\t\t\t<div class=\"elementor-widget-container\">\n\t\t\t\t\t\t\t\t\t<p>1. V\u00e1s\u00e1roljon <b>online <\/b>a gumi.hu-n <b>4 db\u00a0<\/b><span style=\"font-weight: bold; color: var( --e-global-color-53a31816 );\">Michelin<\/span><b style=\"color: var( --e-global-color-53a31816 );\">\u00a0ny\u00e1ri vagy n\u00e9gy\u00e9vszakos gumiabroncsot<\/b><span style=\"color: var( --e-global-color-53a31816 );\">,<\/span><\/p><p><span style=\"color: var( --e-global-color-53a31816 );\">2. <b>Regisztr\u00e1ljon<\/b> az al\u00e1bbi linken:<\/span><\/p>\t\t\t\t\t\t\t\t<\/div>\n\t\t\t\t<\/div>\n\t\t\t\t<div class=\"elementor-element elementor-element-2d5f2a70 elementor-align-center elementor-widget elementor-widget-button\" data-id=\"2d5f2a70\" data-element_type=\"widget\" data-widget_type=\"button.default\">\n\t\t\t\t<div class=\"elementor-widget-container\">\n\t\t\t\t\t\t\t\t\t<div class=\"elementor-button-wrapper\">\n\t\t\t\t\t<a class=\"elementor-button elementor-button-link elementor-size-lg elementor-animation-pulse\" href=\"https:\/\/www.michelin.hu\/promocio\/nyari-2026\/regisztracio\" target=\"_blank\">\n\t\t\t\t\t\t<span class=\"elementor-button-content-wrapper\">\n\t\t\t\t\t\t\t\t\t<span class=\"elementor-button-text\">\u00c1TVESZEM AZ UTALV\u00c1NYOMAT<\/span>\n\t\t\t\t\t<\/span>\n\t\t\t\t\t<\/a>\n\t\t\t\t<\/div>\n\t\t\t\t\t\t\t\t<\/div>\n\t\t\t\t<\/div>\n\t\t\t\t<div class=\"elementor-element elementor-element-12d84c67 elementor-widget elementor-widget-text-editor\" data-id=\"12d84c67\" data-element_type=\"widget\" data-widget_type=\"text-editor.default\">\n\t\t\t\t<div class=\"elementor-widget-container\">\n\t\t\t\t\t\t\t\t\t<p>A prom\u00f3ci\u00f3 id\u0151tartama:\u00a0<b>2026. m\u00e1rcius 16. \u2013 2026. m\u00e1jus 31.<\/b><\/p>\t\t\t\t\t\t\t\t<\/div>\n\t\t\t\t<\/div>\n\t\t\t\t<div class=\"elementor-element elementor-element-6bebb589 elementor-widget-divider--view-line elementor-widget elementor-widget-divider\" data-id=\"6bebb589\" data-element_type=\"widget\" data-widget_type=\"divider.default\">\n\t\t\t\t<div class=\"elementor-widget-container\">\n\t\t\t\t\t\t\t<div class=\"elementor-divider\">\n\t\t\t<span class=\"elementor-divider-separator\">\n\t\t\t\t\t\t<\/span>\n\t\t<\/div>\n\t\t\t\t\t\t<\/div>\n\t\t\t\t<\/div>\n\t\t\t\t<div class=\"elementor-element elementor-element-bf3ee44 elementor-widget elementor-widget-text-editor\" data-id=\"bf3ee44\" data-element_type=\"widget\" data-widget_type=\"text-editor.default\">\n\t\t\t\t<div class=\"elementor-widget-container\">\n\t\t\t\t\t\t\t\t\t<p>\u00a9 gumi.hu. Minden jog fenntartva!<\/p>\t\t\t\t\t\t\t\t<\/div>\n\t\t\t\t<\/div>\n\t\t\t\t\t<\/div>\n\t\t<\/div>\n\t\t\t\t\t<\/div>\n\t\t<\/section>\n\t\t\t\t<\/div>\n\t\t","protected":false},"excerpt":{"rendered":"<p>Biztons\u00e1gos aut\u00f3z\u00e1s, biztos nyerem\u00e9ny! Michelin ny\u00e1ri vagy n\u00e9gy\u00e9vszakos abroncsok most ak\u00e1r 30.000 Ft \u00e9rt\u00e9k\u0171 aj\u00e1nd\u00e9kutalv\u00e1nnyal! V\u00e1s\u00e1roljon 4 db ny\u00e1ri vagy n\u00e9gy\u00e9vszakos Michelin abroncsot a gumi.hu web\u00e1ruh\u00e1zban. Michelin ny\u00e1ri gumi Michelin n\u00e9gy\u00e9vszakos gumi Regisztr\u00e1ljon \u00e9s garant\u00e1ltan \u00d6n\u00e9 az ak\u00e1r 30.000 Ft \u00f6sszeg\u0171 v\u00e1s\u00e1rl\u00e1si utalv\u00e1ny egyike. Az al\u00e1bbi utalv\u00e1nyok k\u00f6z\u00fcl v\u00e1laszthat:alza.hu, H&amp;M, OMW Hogyan veheti ig\u00e9nybe a &#8230; <a title=\"Michelin 2026 ny\u00e1r\" class=\"read-more\" href=\"https:\/\/gumi.hu\/auto-gumi\/michelin-2026-nyar\/\" aria-label=\"Read more about Michelin 2026 ny\u00e1r\">Olvass tov\u00e1bb<\/a><\/p>\n","protected":false},"author":21,"featured_media":0,"parent":0,"menu_order":0,"comment_status":"closed","ping_status":"closed","template":"elementor_canvas","meta":{"footnotes":""},"class_list":["post-18366","page","type-page","status-publish"],"yoast_head":"<!-- This site is optimized with the Yoast SEO plugin v26.7 - https:\/\/yoast.com\/wordpress\/plugins\/seo\/ -->\n<title>Michelin 2026 ny\u00e1r - Gumi.hu<\/title>\n<meta name=\"robots\" content=\"index, follow, max-snippet:-1, max-image-preview:large, max-video-preview:-1\" \/>\n<link rel=\"canonical\" href=\"https:\/\/gumi.hu\/auto-gumi\/michelin-2026-nyar\/\" \/>\n<meta property=\"og:locale\" content=\"hu_HU\" \/>\n<meta property=\"og:type\" content=\"article\" \/>\n<meta property=\"og:title\" content=\"Michelin 2026 ny\u00e1r - Gumi.hu\" \/>\n<meta property=\"og:description\" content=\"Biztons\u00e1gos aut\u00f3z\u00e1s, biztos nyerem\u00e9ny! Michelin ny\u00e1ri vagy n\u00e9gy\u00e9vszakos abroncsok most ak\u00e1r 30.000 Ft \u00e9rt\u00e9k\u0171 aj\u00e1nd\u00e9kutalv\u00e1nnyal! V\u00e1s\u00e1roljon 4 db ny\u00e1ri vagy n\u00e9gy\u00e9vszakos Michelin abroncsot a gumi.hu web\u00e1ruh\u00e1zban. Michelin ny\u00e1ri gumi Michelin n\u00e9gy\u00e9vszakos gumi Regisztr\u00e1ljon \u00e9s garant\u00e1ltan \u00d6n\u00e9 az ak\u00e1r 30.000 Ft \u00f6sszeg\u0171 v\u00e1s\u00e1rl\u00e1si utalv\u00e1ny egyike. Az al\u00e1bbi utalv\u00e1nyok k\u00f6z\u00fcl v\u00e1laszthat:alza.hu, H&amp;M, OMW Hogyan veheti ig\u00e9nybe a ... Olvass tov\u00e1bb\" \/>\n<meta property=\"og:url\" content=\"https:\/\/gumi.hu\/auto-gumi\/michelin-2026-nyar\/\" \/>\n<meta property=\"og:site_name\" content=\"Gumi.hu\" \/>\n<meta property=\"article:publisher\" content=\"https:\/\/www.facebook.com\/akhautoszerviz\/\" \/>\n<meta property=\"article:modified_time\" content=\"2026-03-16T11:05:54+00:00\" \/>\n<meta property=\"og:image\" content=\"https:\/\/gumi.hu\/auto-gumi\/wp-content\/uploads\/2022\/03\/michelin-logo.png\" \/>\n<meta name=\"twitter:card\" content=\"summary_large_image\" \/>\n<meta name=\"twitter:label1\" content=\"Becs\u00fclt olvas\u00e1si id\u0151\" \/>\n\t<meta name=\"twitter:data1\" content=\"1 perc\" \/>\n<script type=\"application\/ld+json\" class=\"yoast-schema-graph\">{\"@context\":\"https:\/\/schema.org\",\"@graph\":[{\"@type\":\"WebPage\",\"@id\":\"https:\/\/gumi.hu\/auto-gumi\/michelin-2026-nyar\/\",\"url\":\"https:\/\/gumi.hu\/auto-gumi\/michelin-2026-nyar\/\",\"name\":\"Michelin 2026 ny\u00e1r - Gumi.hu\",\"isPartOf\":{\"@id\":\"https:\/\/gumi.hu\/auto-gumi\/#website\"},\"primaryImageOfPage\":{\"@id\":\"https:\/\/gumi.hu\/auto-gumi\/michelin-2026-nyar\/#primaryimage\"},\"image\":{\"@id\":\"https:\/\/gumi.hu\/auto-gumi\/michelin-2026-nyar\/#primaryimage\"},\"thumbnailUrl\":\"https:\/\/gumi.hu\/auto-gumi\/wp-content\/uploads\/2022\/03\/michelin-logo.png\",\"datePublished\":\"2026-03-16T09:47:22+00:00\",\"dateModified\":\"2026-03-16T11:05:54+00:00\",\"breadcrumb\":{\"@id\":\"https:\/\/gumi.hu\/auto-gumi\/michelin-2026-nyar\/#breadcrumb\"},\"inLanguage\":\"hu\",\"potentialAction\":[{\"@type\":\"ReadAction\",\"target\":[\"https:\/\/gumi.hu\/auto-gumi\/michelin-2026-nyar\/\"]}]},{\"@type\":\"ImageObject\",\"inLanguage\":\"hu\",\"@id\":\"https:\/\/gumi.hu\/auto-gumi\/michelin-2026-nyar\/#primaryimage\",\"url\":\"https:\/\/gumi.hu\/auto-gumi\/wp-content\/uploads\/2022\/03\/michelin-logo.png\",\"contentUrl\":\"https:\/\/gumi.hu\/auto-gumi\/wp-content\/uploads\/2022\/03\/michelin-logo.png\",\"width\":240,\"height\":180},{\"@type\":\"BreadcrumbList\",\"@id\":\"https:\/\/gumi.hu\/auto-gumi\/michelin-2026-nyar\/#breadcrumb\",\"itemListElement\":[{\"@type\":\"ListItem\",\"position\":1,\"name\":\"Kezd\u0151lap\",\"item\":\"https:\/\/gumi.hu\/auto-gumi\/\"},{\"@type\":\"ListItem\",\"position\":2,\"name\":\"Michelin 2026 ny\u00e1r\"}]},{\"@type\":\"WebSite\",\"@id\":\"https:\/\/gumi.hu\/auto-gumi\/#website\",\"url\":\"https:\/\/gumi.hu\/auto-gumi\/\",\"name\":\"Gumi.hu\",\"description\":\"\",\"publisher\":{\"@id\":\"https:\/\/gumi.hu\/auto-gumi\/#organization\"},\"potentialAction\":[{\"@type\":\"SearchAction\",\"target\":{\"@type\":\"EntryPoint\",\"urlTemplate\":\"https:\/\/gumi.hu\/auto-gumi\/?s={search_term_string}\"},\"query-input\":{\"@type\":\"PropertyValueSpecification\",\"valueRequired\":true,\"valueName\":\"search_term_string\"}}],\"inLanguage\":\"hu\"},{\"@type\":\"Organization\",\"@id\":\"https:\/\/gumi.hu\/auto-gumi\/#organization\",\"name\":\"Gumi.hu\",\"url\":\"https:\/\/gumi.hu\/auto-gumi\/\",\"logo\":{\"@type\":\"ImageObject\",\"inLanguage\":\"hu\",\"@id\":\"https:\/\/gumi.hu\/auto-gumi\/#\/schema\/logo\/image\/\",\"url\":\"https:\/\/gumi.hu\/auto-gumi\/wp-content\/uploads\/2021\/12\/cropped-gumi.hulogo.png\",\"contentUrl\":\"https:\/\/gumi.hu\/auto-gumi\/wp-content\/uploads\/2021\/12\/cropped-gumi.hulogo.png\",\"width\":597,\"height\":256,\"caption\":\"Gumi.hu\"},\"image\":{\"@id\":\"https:\/\/gumi.hu\/auto-gumi\/#\/schema\/logo\/image\/\"},\"sameAs\":[\"https:\/\/www.facebook.com\/akhautoszerviz\/\",\"https:\/\/www.instagram.com\/gumi.hu_poweredbyakh\/\",\"https:\/\/www.youtube.com\/channel\/UCyYJ0QGG6gLMXAADVRYY6_w\"]}]}<\/script>\n<!-- \/ Yoast SEO plugin. -->","yoast_head_json":{"title":"Michelin 2026 ny\u00e1r - Gumi.hu","robots":{"index":"index","follow":"follow","max-snippet":"max-snippet:-1","max-image-preview":"max-image-preview:large","max-video-preview":"max-video-preview:-1"},"canonical":"https:\/\/gumi.hu\/auto-gumi\/michelin-2026-nyar\/","og_locale":"hu_HU","og_type":"article","og_title":"Michelin 2026 ny\u00e1r - Gumi.hu","og_description":"Biztons\u00e1gos aut\u00f3z\u00e1s, biztos nyerem\u00e9ny! Michelin ny\u00e1ri vagy n\u00e9gy\u00e9vszakos abroncsok most ak\u00e1r 30.000 Ft \u00e9rt\u00e9k\u0171 aj\u00e1nd\u00e9kutalv\u00e1nnyal! V\u00e1s\u00e1roljon 4 db ny\u00e1ri vagy n\u00e9gy\u00e9vszakos Michelin abroncsot a gumi.hu web\u00e1ruh\u00e1zban. Michelin ny\u00e1ri gumi Michelin n\u00e9gy\u00e9vszakos gumi Regisztr\u00e1ljon \u00e9s garant\u00e1ltan \u00d6n\u00e9 az ak\u00e1r 30.000 Ft \u00f6sszeg\u0171 v\u00e1s\u00e1rl\u00e1si utalv\u00e1ny egyike. Az al\u00e1bbi utalv\u00e1nyok k\u00f6z\u00fcl v\u00e1laszthat:alza.hu, H&amp;M, OMW Hogyan veheti ig\u00e9nybe a ... Olvass tov\u00e1bb","og_url":"https:\/\/gumi.hu\/auto-gumi\/michelin-2026-nyar\/","og_site_name":"Gumi.hu","article_publisher":"https:\/\/www.facebook.com\/akhautoszerviz\/","article_modified_time":"2026-03-16T11:05:54+00:00","og_image":[{"url":"https:\/\/gumi.hu\/auto-gumi\/wp-content\/uploads\/2022\/03\/michelin-logo.png","type":"","width":"","height":""}],"twitter_card":"summary_large_image","twitter_misc":{"Becs\u00fclt olvas\u00e1si id\u0151":"1 perc"},"schema":{"@context":"https:\/\/schema.org","@graph":[{"@type":"WebPage","@id":"https:\/\/gumi.hu\/auto-gumi\/michelin-2026-nyar\/","url":"https:\/\/gumi.hu\/auto-gumi\/michelin-2026-nyar\/","name":"Michelin 2026 ny\u00e1r - Gumi.hu","isPartOf":{"@id":"https:\/\/gumi.hu\/auto-gumi\/#website"},"primaryImageOfPage":{"@id":"https:\/\/gumi.hu\/auto-gumi\/michelin-2026-nyar\/#primaryimage"},"image":{"@id":"https:\/\/gumi.hu\/auto-gumi\/michelin-2026-nyar\/#primaryimage"},"thumbnailUrl":"https:\/\/gumi.hu\/auto-gumi\/wp-content\/uploads\/2022\/03\/michelin-logo.png","datePublished":"2026-03-16T09:47:22+00:00","dateModified":"2026-03-16T11:05:54+00:00","breadcrumb":{"@id":"https:\/\/gumi.hu\/auto-gumi\/michelin-2026-nyar\/#breadcrumb"},"inLanguage":"hu","potentialAction":[{"@type":"ReadAction","target":["https:\/\/gumi.hu\/auto-gumi\/michelin-2026-nyar\/"]}]},{"@type":"ImageObject","inLanguage":"hu","@id":"https:\/\/gumi.hu\/auto-gumi\/michelin-2026-nyar\/#primaryimage","url":"https:\/\/gumi.hu\/auto-gumi\/wp-content\/uploads\/2022\/03\/michelin-logo.png","contentUrl":"https:\/\/gumi.hu\/auto-gumi\/wp-content\/uploads\/2022\/03\/michelin-logo.png","width":240,"height":180},{"@type":"BreadcrumbList","@id":"https:\/\/gumi.hu\/auto-gumi\/michelin-2026-nyar\/#breadcrumb","itemListElement":[{"@type":"ListItem","position":1,"name":"Kezd\u0151lap","item":"https:\/\/gumi.hu\/auto-gumi\/"},{"@type":"ListItem","position":2,"name":"Michelin 2026 ny\u00e1r"}]},{"@type":"WebSite","@id":"https:\/\/gumi.hu\/auto-gumi\/#website","url":"https:\/\/gumi.hu\/auto-gumi\/","name":"Gumi.hu","description":"","publisher":{"@id":"https:\/\/gumi.hu\/auto-gumi\/#organization"},"potentialAction":[{"@type":"SearchAction","target":{"@type":"EntryPoint","urlTemplate":"https:\/\/gumi.hu\/auto-gumi\/?s={search_term_string}"},"query-input":{"@type":"PropertyValueSpecification","valueRequired":true,"valueName":"search_term_string"}}],"inLanguage":"hu"},{"@type":"Organization","@id":"https:\/\/gumi.hu\/auto-gumi\/#organization","name":"Gumi.hu","url":"https:\/\/gumi.hu\/auto-gumi\/","logo":{"@type":"ImageObject","inLanguage":"hu","@id":"https:\/\/gumi.hu\/auto-gumi\/#\/schema\/logo\/image\/","url":"https:\/\/gumi.hu\/auto-gumi\/wp-content\/uploads\/2021\/12\/cropped-gumi.hulogo.png","contentUrl":"https:\/\/gumi.hu\/auto-gumi\/wp-content\/uploads\/2021\/12\/cropped-gumi.hulogo.png","width":597,"height":256,"caption":"Gumi.hu"},"image":{"@id":"https:\/\/gumi.hu\/auto-gumi\/#\/schema\/logo\/image\/"},"sameAs":["https:\/\/www.facebook.com\/akhautoszerviz\/","https:\/\/www.instagram.com\/gumi.hu_poweredbyakh\/","https:\/\/www.youtube.com\/channel\/UCyYJ0QGG6gLMXAADVRYY6_w"]}]}},"_links":{"self":[{"href":"https:\/\/gumi.hu\/auto-gumi\/wp-json\/wp\/v2\/pages\/18366","targetHints":{"allow":["GET"]}}],"collection":[{"href":"https:\/\/gumi.hu\/auto-gumi\/wp-json\/wp\/v2\/pages"}],"about":[{"href":"https:\/\/gumi.hu\/auto-gumi\/wp-json\/wp\/v2\/types\/page"}],"author":[{"embeddable":true,"href":"https:\/\/gumi.hu\/auto-gumi\/wp-json\/wp\/v2\/users\/21"}],"replies":[{"embeddable":true,"href":"https:\/\/gumi.hu\/auto-gumi\/wp-json\/wp\/v2\/comments?post=18366"}],"version-history":[{"count":26,"href":"https:\/\/gumi.hu\/auto-gumi\/wp-json\/wp\/v2\/pages\/18366\/revisions"}],"predecessor-version":[{"id":18503,"href":"https:\/\/gumi.hu\/auto-gumi\/wp-json\/wp\/v2\/pages\/18366\/revisions\/18503"}],"wp:attachment":[{"href":"https:\/\/gumi.hu\/auto-gumi\/wp-json\/wp\/v2\/media?parent=18366"}],"curies":[{"name":"wp","href":"https:\/\/api.w.org\/{rel}","templated":true}]}}