{"id":18540,"date":"2026-03-20T11:57:01","date_gmt":"2026-03-20T10:57:01","guid":{"rendered":"https:\/\/gumi.hu\/auto-gumi\/?page_id=18540"},"modified":"2026-03-20T11:57:17","modified_gmt":"2026-03-20T10:57:17","slug":"goodyear-2026-nyar","status":"publish","type":"page","link":"https:\/\/gumi.hu\/auto-gumi\/goodyear-2026-nyar\/","title":{"rendered":"goodyear 2026 ny\u00e1r"},"content":{"rendered":"\t\t<div data-elementor-type=\"wp-page\" data-elementor-id=\"18540\" class=\"elementor elementor-18540\">\n\t\t\t\t\t\t<section class=\"elementor-section elementor-top-section elementor-element elementor-element-773b7846 elementor-section-boxed elementor-section-height-default elementor-section-height-default\" data-id=\"773b7846\" data-element_type=\"section\">\n\t\t\t\t\t\t<div class=\"elementor-container elementor-column-gap-default\">\n\t\t\t\t\t<div class=\"elementor-column elementor-col-100 elementor-top-column elementor-element elementor-element-100d0661\" data-id=\"100d0661\" data-element_type=\"column\">\n\t\t\t<div class=\"elementor-widget-wrap elementor-element-populated\">\n\t\t\t\t\t\t<div class=\"elementor-element elementor-element-3cf0e868 elementor-widget elementor-widget-html\" data-id=\"3cf0e868\" data-element_type=\"widget\" data-widget_type=\"html.default\">\n\t\t\t\t<div class=\"elementor-widget-container\">\n\t\t\t\t\t <!-- Google Tag Manager -->\r\n    <script>(function (w, d, s, l, i) {\r\n                w[l] = w[l] || [];\r\n                w[l].push({\r\n                    'gtm.start':\r\n                        new Date().getTime(), event: 'gtm.js'\r\n                });\r\n                var f = d.getElementsByTagName(s)[0],\r\n                    j = d.createElement(s), dl = l != 'dataLayer' ? '&l=' + l : '';\r\n                j.async = true;\r\n                j.src =\r\n                    'https:\/\/www.googletagmanager.com\/gtm.js?id=' + i + dl;\r\n                f.parentNode.insertBefore(j, f);\r\n            })(window, document, 'script', 'dataLayer', 'GTM-5BVBK9T');\r\n    <\/script>\r\n    <!-- End Google Tag Manager -->\r\n\t<!-- Google Tag Manager (noscript) -->\r\n\t<noscript>\r\n\t\t<iframe src=\"https:\/\/www.googletagmanager.com\/ns.html?id=GTM-5BVBK9T\" height=\"0\" width=\"0\" style=\"display:none;visibility:hidden\"><\/iframe>\r\n\t<\/noscript>\r\n\t<!-- End Google Tag Manager (noscript) -->\t\t\t\t<\/div>\n\t\t\t\t<\/div>\n\t\t\t\t\t<\/div>\n\t\t<\/div>\n\t\t\t\t\t<\/div>\n\t\t<\/section>\n\t\t\t\t<section class=\"elementor-section elementor-top-section elementor-element elementor-element-57646366 elementor-section-content-middle elementor-section-boxed elementor-section-height-default elementor-section-height-default\" data-id=\"57646366\" data-element_type=\"section\">\n\t\t\t\t\t\t\t<div class=\"elementor-background-overlay\"><\/div>\n\t\t\t\t\t\t\t<div class=\"elementor-container elementor-column-gap-no\">\n\t\t\t\t\t<div class=\"elementor-column elementor-col-100 elementor-top-column elementor-element elementor-element-69513855\" data-id=\"69513855\" data-element_type=\"column\">\n\t\t\t<div class=\"elementor-widget-wrap elementor-element-populated\">\n\t\t\t\t\t\t<div class=\"elementor-element elementor-element-6940d5be elementor-widget elementor-widget-image\" data-id=\"6940d5be\" data-element_type=\"widget\" data-widget_type=\"image.default\">\n\t\t\t\t<div class=\"elementor-widget-container\">\n\t\t\t\t\t\t\t\t\t\t\t\t\t\t\t<img decoding=\"async\" width=\"300\" height=\"57\" src=\"https:\/\/gumi.hu\/auto-gumi\/wp-content\/uploads\/2022\/03\/goodyear-logo-transparent.png\" class=\"attachment-large size-large wp-image-7898\" alt=\"\" \/>\t\t\t\t\t\t\t\t\t\t\t\t\t\t\t<\/div>\n\t\t\t\t<\/div>\n\t\t\t\t\t<\/div>\n\t\t<\/div>\n\t\t\t\t\t<\/div>\n\t\t<\/section>\n\t\t\t\t<section class=\"elementor-section elementor-top-section elementor-element elementor-element-57724424 elementor-section-content-middle elementor-section-boxed elementor-section-height-default elementor-section-height-default\" data-id=\"57724424\" data-element_type=\"section\">\n\t\t\t\t\t\t\t<div class=\"elementor-background-overlay\"><\/div>\n\t\t\t\t\t\t\t<div class=\"elementor-container elementor-column-gap-no\">\n\t\t\t\t\t<div class=\"elementor-column elementor-col-100 elementor-top-column elementor-element elementor-element-35c7f825\" data-id=\"35c7f825\" data-element_type=\"column\">\n\t\t\t<div class=\"elementor-widget-wrap elementor-element-populated\">\n\t\t\t\t\t\t<div class=\"elementor-element elementor-element-57d65ff5 elementor-widget elementor-widget-heading\" data-id=\"57d65ff5\" data-element_type=\"widget\" data-widget_type=\"heading.default\">\n\t\t\t\t<div class=\"elementor-widget-container\">\n\t\t\t\t\t<h4 class=\"elementor-heading-title elementor-size-default\">Kezdje a ny\u00e1ri felk\u00e9sz\u00fcl\u00e9st Goodyear abroncsokkal \u00e9s <br>\u00e9lvezze az ak\u00e1r  <span style=\"color: var(--e-global-color-000000);font-size: 50px\">40.000 Ft <\/span> \u00e9rt\u00e9k\u0171 OMV utalv\u00e1nyt!<\/h4>\t\t\t\t<\/div>\n\t\t\t\t<\/div>\n\t\t\t\t<section class=\"elementor-section elementor-inner-section elementor-element elementor-element-4307af10 elementor-section-content-middle elementor-section-boxed elementor-section-height-default elementor-section-height-default\" data-id=\"4307af10\" data-element_type=\"section\">\n\t\t\t\t\t\t<div class=\"elementor-container elementor-column-gap-no\">\n\t\t\t\t\t<div class=\"elementor-column elementor-col-50 elementor-inner-column elementor-element elementor-element-730a37f0\" data-id=\"730a37f0\" data-element_type=\"column\">\n\t\t\t<div class=\"elementor-widget-wrap elementor-element-populated\">\n\t\t\t\t\t\t<div class=\"elementor-element elementor-element-492d77ea elementor-widget elementor-widget-image\" data-id=\"492d77ea\" data-element_type=\"widget\" data-widget_type=\"image.default\">\n\t\t\t\t<div class=\"elementor-widget-container\">\n\t\t\t\t\t\t\t\t\t\t\t\t\t\t\t<img fetchpriority=\"high\" decoding=\"async\" width=\"900\" height=\"900\" src=\"https:\/\/gumi.hu\/auto-gumi\/wp-content\/uploads\/2026\/03\/1080x1080px-1024x1024.jpg\" class=\"attachment-large size-large wp-image-18548\" alt=\"1080x1080px\" srcset=\"https:\/\/gumi.hu\/auto-gumi\/wp-content\/uploads\/2026\/03\/1080x1080px-1024x1024.jpg 1024w, https:\/\/gumi.hu\/auto-gumi\/wp-content\/uploads\/2026\/03\/1080x1080px-300x300.jpg 300w, https:\/\/gumi.hu\/auto-gumi\/wp-content\/uploads\/2026\/03\/1080x1080px-150x150.jpg 150w, https:\/\/gumi.hu\/auto-gumi\/wp-content\/uploads\/2026\/03\/1080x1080px-768x768.jpg 768w, https:\/\/gumi.hu\/auto-gumi\/wp-content\/uploads\/2026\/03\/1080x1080px.jpg 1080w\" sizes=\"(max-width: 900px) 100vw, 900px\" \/>\t\t\t\t\t\t\t\t\t\t\t\t\t\t\t<\/div>\n\t\t\t\t<\/div>\n\t\t\t\t\t<\/div>\n\t\t<\/div>\n\t\t\t\t<div class=\"elementor-column elementor-col-50 elementor-inner-column elementor-element elementor-element-345a15a8\" data-id=\"345a15a8\" data-element_type=\"column\">\n\t\t\t<div class=\"elementor-widget-wrap elementor-element-populated\">\n\t\t\t\t\t\t<div class=\"elementor-element elementor-element-68d9fdd7 elementor-widget elementor-widget-heading\" data-id=\"68d9fdd7\" data-element_type=\"widget\" data-widget_type=\"heading.default\">\n\t\t\t\t<div class=\"elementor-widget-container\">\n\t\t\t\t\t<h2 class=\"elementor-heading-title elementor-size-default\">V\u00e1s\u00e1roljon <b>4 db ny\u00e1ri vagy n\u00e9gy\u00e9vszakos Goodyear abroncsot<\/b> a gumi.hu web\u00e1ruh\u00e1zban.<\/h2>\t\t\t\t<\/div>\n\t\t\t\t<\/div>\n\t\t\t\t<div class=\"elementor-element elementor-element-29ed10ac elementor-align-center elementor-widget elementor-widget-button\" data-id=\"29ed10ac\" data-element_type=\"widget\" data-widget_type=\"button.default\">\n\t\t\t\t<div class=\"elementor-widget-container\">\n\t\t\t\t\t\t\t\t\t<div class=\"elementor-button-wrapper\">\n\t\t\t\t\t<a class=\"elementor-button elementor-button-link elementor-size-sm elementor-animation-pulse\" href=\"https:\/\/gumi.hu\/autogumi\/nyari-gumi\/goodyear\" target=\"_blank\">\n\t\t\t\t\t\t<span class=\"elementor-button-content-wrapper\">\n\t\t\t\t\t\t\t\t\t<span class=\"elementor-button-text\">Goodyear ny\u00e1ri gumi<\/span>\n\t\t\t\t\t<\/span>\n\t\t\t\t\t<\/a>\n\t\t\t\t<\/div>\n\t\t\t\t\t\t\t\t<\/div>\n\t\t\t\t<\/div>\n\t\t\t\t<div class=\"elementor-element elementor-element-382db917 elementor-align-center elementor-widget elementor-widget-button\" data-id=\"382db917\" data-element_type=\"widget\" data-widget_type=\"button.default\">\n\t\t\t\t<div class=\"elementor-widget-container\">\n\t\t\t\t\t\t\t\t\t<div class=\"elementor-button-wrapper\">\n\t\t\t\t\t<a class=\"elementor-button elementor-button-link elementor-size-sm elementor-animation-pulse\" href=\"https:\/\/gumi.hu\/autogumi\/negyevszakos\/goodyear\" target=\"_blank\">\n\t\t\t\t\t\t<span class=\"elementor-button-content-wrapper\">\n\t\t\t\t\t\t\t\t\t<span class=\"elementor-button-text\">Goodyear n\u00e9gy\u00e9vszakos gumi<\/span>\n\t\t\t\t\t<\/span>\n\t\t\t\t\t<\/a>\n\t\t\t\t<\/div>\n\t\t\t\t\t\t\t\t<\/div>\n\t\t\t\t<\/div>\n\t\t\t\t\t<\/div>\n\t\t<\/div>\n\t\t\t\t\t<\/div>\n\t\t<\/section>\n\t\t\t\t<section class=\"elementor-section elementor-inner-section elementor-element elementor-element-7eb8ac6 elementor-section-content-middle elementor-reverse-mobile elementor-section-boxed elementor-section-height-default elementor-section-height-default\" data-id=\"7eb8ac6\" data-element_type=\"section\">\n\t\t\t\t\t\t<div class=\"elementor-container elementor-column-gap-no\">\n\t\t\t\t\t<div class=\"elementor-column elementor-col-100 elementor-inner-column elementor-element elementor-element-632b7b56\" data-id=\"632b7b56\" data-element_type=\"column\">\n\t\t\t<div class=\"elementor-widget-wrap elementor-element-populated\">\n\t\t\t\t\t\t<div class=\"elementor-element elementor-element-48deaf83 elementor-widget__width-initial elementor-widget elementor-widget-heading\" data-id=\"48deaf83\" data-element_type=\"widget\" data-widget_type=\"heading.default\">\n\t\t\t\t<div class=\"elementor-widget-container\">\n\t\t\t\t\t<h2 class=\"elementor-heading-title elementor-size-default\">Regisztr\u00e1ljon \u00e9s garant\u00e1ltan \u00d6n\u00e9 az <b>ak\u00e1r 40.000 Ft \u00f6sszeg\u0171 OMV <\/b>utalv\u00e1ny egyike. <br>(17-18\" eset\u00e9n 20.000 \u00e9rt\u00e9k\u0171 utalv\u00e1ny, 19\"+ eset\u00e9n 40.000 Ft \u00e9rt\u00e9k\u0171 utalv\u00e1ny)<br>Az utalv\u00e1ny csak az els\u0151 300 regisztr\u00e1ci\u00f3nak garant\u00e1lt.<\/h2>\t\t\t\t<\/div>\n\t\t\t\t<\/div>\n\t\t\t\t\t<\/div>\n\t\t<\/div>\n\t\t\t\t\t<\/div>\n\t\t<\/section>\n\t\t\t\t\t<\/div>\n\t\t<\/div>\n\t\t\t\t\t<\/div>\n\t\t<\/section>\n\t\t\t\t<section class=\"elementor-section elementor-top-section elementor-element elementor-element-70e9f338 elementor-section-boxed elementor-section-height-default elementor-section-height-default\" data-id=\"70e9f338\" data-element_type=\"section\" data-settings=\"{&quot;background_background&quot;:&quot;classic&quot;}\">\n\t\t\t\t\t\t<div class=\"elementor-container elementor-column-gap-no\">\n\t\t\t\t\t<div class=\"elementor-column elementor-col-100 elementor-top-column elementor-element elementor-element-11f215e7\" data-id=\"11f215e7\" data-element_type=\"column\">\n\t\t\t<div class=\"elementor-widget-wrap elementor-element-populated\">\n\t\t\t\t\t\t<div class=\"elementor-element elementor-element-2c2d785a elementor-widget elementor-widget-heading\" data-id=\"2c2d785a\" data-element_type=\"widget\" data-widget_type=\"heading.default\">\n\t\t\t\t<div class=\"elementor-widget-container\">\n\t\t\t\t\t<h2 class=\"elementor-heading-title elementor-size-default\">Hogyan veheti ig\u00e9nybe a kedvezm\u00e9nyt?<\/h2>\t\t\t\t<\/div>\n\t\t\t\t<\/div>\n\t\t\t\t<div class=\"elementor-element elementor-element-131e5088 elementor-widget elementor-widget-text-editor\" data-id=\"131e5088\" data-element_type=\"widget\" data-widget_type=\"text-editor.default\">\n\t\t\t\t<div class=\"elementor-widget-container\">\n\t\t\t\t\t\t\t\t\t<p>1. V\u00e1s\u00e1roljon <strong>online<\/strong> a gumi.hu-n <strong>4 db Goodyear ny\u00e1r<\/strong><strong>i vagy n\u00e9gy\u00e9vszakos gumiabroncsot,<\/strong><\/p><p>2. <strong>Regisztr\u00e1ljon<\/strong> az al\u00e1bbi linken:<\/p>\t\t\t\t\t\t\t\t<\/div>\n\t\t\t\t<\/div>\n\t\t\t\t<div class=\"elementor-element elementor-element-257da29 elementor-align-center elementor-widget elementor-widget-button\" data-id=\"257da29\" data-element_type=\"widget\" data-widget_type=\"button.default\">\n\t\t\t\t<div class=\"elementor-widget-container\">\n\t\t\t\t\t\t\t\t\t<div class=\"elementor-button-wrapper\">\n\t\t\t\t\t<a class=\"elementor-button elementor-button-link elementor-size-lg elementor-animation-pulse\" href=\"https:\/\/www.goodyear.eu\/hu_hu\/consumer\/promotion-hub\/promocio-nyar-2026-pid-6313\/registration.html\" target=\"_blank\">\n\t\t\t\t\t\t<span class=\"elementor-button-content-wrapper\">\n\t\t\t\t\t\t\t\t\t<span class=\"elementor-button-text\">REGISZTR\u00c1LOK<\/span>\n\t\t\t\t\t<\/span>\n\t\t\t\t\t<\/a>\n\t\t\t\t<\/div>\n\t\t\t\t\t\t\t\t<\/div>\n\t\t\t\t<\/div>\n\t\t\t\t<div class=\"elementor-element elementor-element-1cdc9a36 elementor-widget elementor-widget-text-editor\" data-id=\"1cdc9a36\" data-element_type=\"widget\" data-widget_type=\"text-editor.default\">\n\t\t\t\t<div class=\"elementor-widget-container\">\n\t\t\t\t\t\t\t\t\t<p>A prom\u00f3ci\u00f3 id\u0151tartama:\u00a0<b>2026. m\u00e1rcius 9. \u2013 2026. m\u00e1jus 10.<\/b><\/p><p>Regisztr\u00e1ci\u00f3 hat\u00e1rideje: 2026. m\u00e1jus 17.<\/p>\t\t\t\t\t\t\t\t<\/div>\n\t\t\t\t<\/div>\n\t\t\t\t<div class=\"elementor-element elementor-element-21fe8a78 elementor-align-center elementor-widget elementor-widget-button\" data-id=\"21fe8a78\" data-element_type=\"widget\" data-widget_type=\"button.default\">\n\t\t\t\t<div class=\"elementor-widget-container\">\n\t\t\t\t\t\t\t\t\t<div class=\"elementor-button-wrapper\">\n\t\t\t\t\t<a class=\"elementor-button elementor-button-link elementor-size-lg elementor-animation-pulse\" href=\"https:\/\/promocio.goodyear.hu\/\" target=\"_blank\">\n\t\t\t\t\t\t<span class=\"elementor-button-content-wrapper\">\n\t\t\t\t\t\t\t\t\t<span class=\"elementor-button-text\">Tov\u00e1bbi inform\u00e1ci\u00f3<\/span>\n\t\t\t\t\t<\/span>\n\t\t\t\t\t<\/a>\n\t\t\t\t<\/div>\n\t\t\t\t\t\t\t\t<\/div>\n\t\t\t\t<\/div>\n\t\t\t\t<div class=\"elementor-element elementor-element-8b8f8d9 elementor-widget-divider--view-line elementor-widget elementor-widget-divider\" data-id=\"8b8f8d9\" data-element_type=\"widget\" data-widget_type=\"divider.default\">\n\t\t\t\t<div class=\"elementor-widget-container\">\n\t\t\t\t\t\t\t<div class=\"elementor-divider\">\n\t\t\t<span class=\"elementor-divider-separator\">\n\t\t\t\t\t\t<\/span>\n\t\t<\/div>\n\t\t\t\t\t\t<\/div>\n\t\t\t\t<\/div>\n\t\t\t\t<div class=\"elementor-element elementor-element-790f8000 elementor-widget elementor-widget-text-editor\" data-id=\"790f8000\" data-element_type=\"widget\" data-widget_type=\"text-editor.default\">\n\t\t\t\t<div class=\"elementor-widget-container\">\n\t\t\t\t\t\t\t\t\t<p>\u00a9 gumi.hu. Minden jog fenntartva!<\/p>\t\t\t\t\t\t\t\t<\/div>\n\t\t\t\t<\/div>\n\t\t\t\t\t<\/div>\n\t\t<\/div>\n\t\t\t\t\t<\/div>\n\t\t<\/section>\n\t\t\t\t<\/div>\n\t\t","protected":false},"excerpt":{"rendered":"<p>Kezdje a ny\u00e1ri felk\u00e9sz\u00fcl\u00e9st Goodyear abroncsokkal \u00e9s \u00e9lvezze az ak\u00e1r 40.000 Ft \u00e9rt\u00e9k\u0171 OMV utalv\u00e1nyt! V\u00e1s\u00e1roljon 4 db ny\u00e1ri vagy n\u00e9gy\u00e9vszakos Goodyear abroncsot a gumi.hu web\u00e1ruh\u00e1zban. Goodyear ny\u00e1ri gumi Goodyear n\u00e9gy\u00e9vszakos gumi Regisztr\u00e1ljon \u00e9s garant\u00e1ltan \u00d6n\u00e9 az ak\u00e1r 40.000 Ft \u00f6sszeg\u0171 OMV utalv\u00e1ny egyike. (17-18&#8243; eset\u00e9n 20.000 \u00e9rt\u00e9k\u0171 utalv\u00e1ny, 19&#8243;+ eset\u00e9n 40.000 Ft \u00e9rt\u00e9k\u0171 utalv\u00e1ny)Az &#8230; <a title=\"goodyear 2026 ny\u00e1r\" class=\"read-more\" href=\"https:\/\/gumi.hu\/auto-gumi\/goodyear-2026-nyar\/\" aria-label=\"Read more about goodyear 2026 ny\u00e1r\">Olvass tov\u00e1bb<\/a><\/p>\n","protected":false},"author":25,"featured_media":0,"parent":0,"menu_order":0,"comment_status":"closed","ping_status":"closed","template":"elementor_canvas","meta":{"footnotes":""},"class_list":["post-18540","page","type-page","status-publish"],"yoast_head":"<!-- This site is optimized with the Yoast SEO plugin v26.7 - https:\/\/yoast.com\/wordpress\/plugins\/seo\/ -->\n<title>goodyear 2026 ny\u00e1r - Gumi.hu<\/title>\n<meta name=\"robots\" content=\"index, follow, max-snippet:-1, max-image-preview:large, max-video-preview:-1\" \/>\n<link rel=\"canonical\" href=\"https:\/\/gumi.hu\/auto-gumi\/goodyear-2026-nyar\/\" \/>\n<meta property=\"og:locale\" content=\"hu_HU\" \/>\n<meta property=\"og:type\" content=\"article\" \/>\n<meta property=\"og:title\" content=\"goodyear 2026 ny\u00e1r - Gumi.hu\" \/>\n<meta property=\"og:description\" content=\"Kezdje a ny\u00e1ri felk\u00e9sz\u00fcl\u00e9st Goodyear abroncsokkal \u00e9s \u00e9lvezze az ak\u00e1r 40.000 Ft \u00e9rt\u00e9k\u0171 OMV utalv\u00e1nyt! V\u00e1s\u00e1roljon 4 db ny\u00e1ri vagy n\u00e9gy\u00e9vszakos Goodyear abroncsot a gumi.hu web\u00e1ruh\u00e1zban. Goodyear ny\u00e1ri gumi Goodyear n\u00e9gy\u00e9vszakos gumi Regisztr\u00e1ljon \u00e9s garant\u00e1ltan \u00d6n\u00e9 az ak\u00e1r 40.000 Ft \u00f6sszeg\u0171 OMV utalv\u00e1ny egyike. (17-18&#8243; eset\u00e9n 20.000 \u00e9rt\u00e9k\u0171 utalv\u00e1ny, 19&#8243;+ eset\u00e9n 40.000 Ft \u00e9rt\u00e9k\u0171 utalv\u00e1ny)Az ... Olvass tov\u00e1bb\" \/>\n<meta property=\"og:url\" content=\"https:\/\/gumi.hu\/auto-gumi\/goodyear-2026-nyar\/\" \/>\n<meta property=\"og:site_name\" content=\"Gumi.hu\" \/>\n<meta property=\"article:publisher\" content=\"https:\/\/www.facebook.com\/akhautoszerviz\/\" \/>\n<meta property=\"article:modified_time\" content=\"2026-03-20T10:57:17+00:00\" \/>\n<meta property=\"og:image\" content=\"https:\/\/gumi.hu\/auto-gumi\/wp-content\/uploads\/2022\/03\/goodyear-logo-transparent.png\" \/>\n\t<meta property=\"og:image:width\" content=\"300\" \/>\n\t<meta property=\"og:image:height\" content=\"57\" \/>\n\t<meta property=\"og:image:type\" content=\"image\/png\" \/>\n<meta name=\"twitter:card\" content=\"summary_large_image\" \/>\n<meta name=\"twitter:label1\" content=\"Becs\u00fclt olvas\u00e1si id\u0151\" \/>\n\t<meta name=\"twitter:data1\" content=\"1 perc\" \/>\n<script type=\"application\/ld+json\" class=\"yoast-schema-graph\">{\"@context\":\"https:\/\/schema.org\",\"@graph\":[{\"@type\":\"WebPage\",\"@id\":\"https:\/\/gumi.hu\/auto-gumi\/goodyear-2026-nyar\/\",\"url\":\"https:\/\/gumi.hu\/auto-gumi\/goodyear-2026-nyar\/\",\"name\":\"goodyear 2026 ny\u00e1r - Gumi.hu\",\"isPartOf\":{\"@id\":\"https:\/\/gumi.hu\/auto-gumi\/#website\"},\"primaryImageOfPage\":{\"@id\":\"https:\/\/gumi.hu\/auto-gumi\/goodyear-2026-nyar\/#primaryimage\"},\"image\":{\"@id\":\"https:\/\/gumi.hu\/auto-gumi\/goodyear-2026-nyar\/#primaryimage\"},\"thumbnailUrl\":\"https:\/\/gumi.hu\/auto-gumi\/wp-content\/uploads\/2022\/03\/goodyear-logo-transparent.png\",\"datePublished\":\"2026-03-20T10:57:01+00:00\",\"dateModified\":\"2026-03-20T10:57:17+00:00\",\"breadcrumb\":{\"@id\":\"https:\/\/gumi.hu\/auto-gumi\/goodyear-2026-nyar\/#breadcrumb\"},\"inLanguage\":\"hu\",\"potentialAction\":[{\"@type\":\"ReadAction\",\"target\":[\"https:\/\/gumi.hu\/auto-gumi\/goodyear-2026-nyar\/\"]}]},{\"@type\":\"ImageObject\",\"inLanguage\":\"hu\",\"@id\":\"https:\/\/gumi.hu\/auto-gumi\/goodyear-2026-nyar\/#primaryimage\",\"url\":\"https:\/\/gumi.hu\/auto-gumi\/wp-content\/uploads\/2022\/03\/goodyear-logo-transparent.png\",\"contentUrl\":\"https:\/\/gumi.hu\/auto-gumi\/wp-content\/uploads\/2022\/03\/goodyear-logo-transparent.png\",\"width\":300,\"height\":57},{\"@type\":\"BreadcrumbList\",\"@id\":\"https:\/\/gumi.hu\/auto-gumi\/goodyear-2026-nyar\/#breadcrumb\",\"itemListElement\":[{\"@type\":\"ListItem\",\"position\":1,\"name\":\"Kezd\u0151lap\",\"item\":\"https:\/\/gumi.hu\/auto-gumi\/\"},{\"@type\":\"ListItem\",\"position\":2,\"name\":\"goodyear 2026 ny\u00e1r\"}]},{\"@type\":\"WebSite\",\"@id\":\"https:\/\/gumi.hu\/auto-gumi\/#website\",\"url\":\"https:\/\/gumi.hu\/auto-gumi\/\",\"name\":\"Gumi.hu\",\"description\":\"\",\"publisher\":{\"@id\":\"https:\/\/gumi.hu\/auto-gumi\/#organization\"},\"potentialAction\":[{\"@type\":\"SearchAction\",\"target\":{\"@type\":\"EntryPoint\",\"urlTemplate\":\"https:\/\/gumi.hu\/auto-gumi\/?s={search_term_string}\"},\"query-input\":{\"@type\":\"PropertyValueSpecification\",\"valueRequired\":true,\"valueName\":\"search_term_string\"}}],\"inLanguage\":\"hu\"},{\"@type\":\"Organization\",\"@id\":\"https:\/\/gumi.hu\/auto-gumi\/#organization\",\"name\":\"Gumi.hu\",\"url\":\"https:\/\/gumi.hu\/auto-gumi\/\",\"logo\":{\"@type\":\"ImageObject\",\"inLanguage\":\"hu\",\"@id\":\"https:\/\/gumi.hu\/auto-gumi\/#\/schema\/logo\/image\/\",\"url\":\"https:\/\/gumi.hu\/auto-gumi\/wp-content\/uploads\/2021\/12\/cropped-gumi.hulogo.png\",\"contentUrl\":\"https:\/\/gumi.hu\/auto-gumi\/wp-content\/uploads\/2021\/12\/cropped-gumi.hulogo.png\",\"width\":597,\"height\":256,\"caption\":\"Gumi.hu\"},\"image\":{\"@id\":\"https:\/\/gumi.hu\/auto-gumi\/#\/schema\/logo\/image\/\"},\"sameAs\":[\"https:\/\/www.facebook.com\/akhautoszerviz\/\",\"https:\/\/www.instagram.com\/gumi.hu_poweredbyakh\/\",\"https:\/\/www.youtube.com\/channel\/UCyYJ0QGG6gLMXAADVRYY6_w\"]}]}<\/script>\n<!-- \/ Yoast SEO plugin. -->","yoast_head_json":{"title":"goodyear 2026 ny\u00e1r - Gumi.hu","robots":{"index":"index","follow":"follow","max-snippet":"max-snippet:-1","max-image-preview":"max-image-preview:large","max-video-preview":"max-video-preview:-1"},"canonical":"https:\/\/gumi.hu\/auto-gumi\/goodyear-2026-nyar\/","og_locale":"hu_HU","og_type":"article","og_title":"goodyear 2026 ny\u00e1r - Gumi.hu","og_description":"Kezdje a ny\u00e1ri felk\u00e9sz\u00fcl\u00e9st Goodyear abroncsokkal \u00e9s \u00e9lvezze az ak\u00e1r 40.000 Ft \u00e9rt\u00e9k\u0171 OMV utalv\u00e1nyt! V\u00e1s\u00e1roljon 4 db ny\u00e1ri vagy n\u00e9gy\u00e9vszakos Goodyear abroncsot a gumi.hu web\u00e1ruh\u00e1zban. Goodyear ny\u00e1ri gumi Goodyear n\u00e9gy\u00e9vszakos gumi Regisztr\u00e1ljon \u00e9s garant\u00e1ltan \u00d6n\u00e9 az ak\u00e1r 40.000 Ft \u00f6sszeg\u0171 OMV utalv\u00e1ny egyike. (17-18&#8243; eset\u00e9n 20.000 \u00e9rt\u00e9k\u0171 utalv\u00e1ny, 19&#8243;+ eset\u00e9n 40.000 Ft \u00e9rt\u00e9k\u0171 utalv\u00e1ny)Az ... Olvass tov\u00e1bb","og_url":"https:\/\/gumi.hu\/auto-gumi\/goodyear-2026-nyar\/","og_site_name":"Gumi.hu","article_publisher":"https:\/\/www.facebook.com\/akhautoszerviz\/","article_modified_time":"2026-03-20T10:57:17+00:00","og_image":[{"width":300,"height":57,"url":"https:\/\/gumi.hu\/auto-gumi\/wp-content\/uploads\/2022\/03\/goodyear-logo-transparent.png","type":"image\/png"}],"twitter_card":"summary_large_image","twitter_misc":{"Becs\u00fclt olvas\u00e1si id\u0151":"1 perc"},"schema":{"@context":"https:\/\/schema.org","@graph":[{"@type":"WebPage","@id":"https:\/\/gumi.hu\/auto-gumi\/goodyear-2026-nyar\/","url":"https:\/\/gumi.hu\/auto-gumi\/goodyear-2026-nyar\/","name":"goodyear 2026 ny\u00e1r - Gumi.hu","isPartOf":{"@id":"https:\/\/gumi.hu\/auto-gumi\/#website"},"primaryImageOfPage":{"@id":"https:\/\/gumi.hu\/auto-gumi\/goodyear-2026-nyar\/#primaryimage"},"image":{"@id":"https:\/\/gumi.hu\/auto-gumi\/goodyear-2026-nyar\/#primaryimage"},"thumbnailUrl":"https:\/\/gumi.hu\/auto-gumi\/wp-content\/uploads\/2022\/03\/goodyear-logo-transparent.png","datePublished":"2026-03-20T10:57:01+00:00","dateModified":"2026-03-20T10:57:17+00:00","breadcrumb":{"@id":"https:\/\/gumi.hu\/auto-gumi\/goodyear-2026-nyar\/#breadcrumb"},"inLanguage":"hu","potentialAction":[{"@type":"ReadAction","target":["https:\/\/gumi.hu\/auto-gumi\/goodyear-2026-nyar\/"]}]},{"@type":"ImageObject","inLanguage":"hu","@id":"https:\/\/gumi.hu\/auto-gumi\/goodyear-2026-nyar\/#primaryimage","url":"https:\/\/gumi.hu\/auto-gumi\/wp-content\/uploads\/2022\/03\/goodyear-logo-transparent.png","contentUrl":"https:\/\/gumi.hu\/auto-gumi\/wp-content\/uploads\/2022\/03\/goodyear-logo-transparent.png","width":300,"height":57},{"@type":"BreadcrumbList","@id":"https:\/\/gumi.hu\/auto-gumi\/goodyear-2026-nyar\/#breadcrumb","itemListElement":[{"@type":"ListItem","position":1,"name":"Kezd\u0151lap","item":"https:\/\/gumi.hu\/auto-gumi\/"},{"@type":"ListItem","position":2,"name":"goodyear 2026 ny\u00e1r"}]},{"@type":"WebSite","@id":"https:\/\/gumi.hu\/auto-gumi\/#website","url":"https:\/\/gumi.hu\/auto-gumi\/","name":"Gumi.hu","description":"","publisher":{"@id":"https:\/\/gumi.hu\/auto-gumi\/#organization"},"potentialAction":[{"@type":"SearchAction","target":{"@type":"EntryPoint","urlTemplate":"https:\/\/gumi.hu\/auto-gumi\/?s={search_term_string}"},"query-input":{"@type":"PropertyValueSpecification","valueRequired":true,"valueName":"search_term_string"}}],"inLanguage":"hu"},{"@type":"Organization","@id":"https:\/\/gumi.hu\/auto-gumi\/#organization","name":"Gumi.hu","url":"https:\/\/gumi.hu\/auto-gumi\/","logo":{"@type":"ImageObject","inLanguage":"hu","@id":"https:\/\/gumi.hu\/auto-gumi\/#\/schema\/logo\/image\/","url":"https:\/\/gumi.hu\/auto-gumi\/wp-content\/uploads\/2021\/12\/cropped-gumi.hulogo.png","contentUrl":"https:\/\/gumi.hu\/auto-gumi\/wp-content\/uploads\/2021\/12\/cropped-gumi.hulogo.png","width":597,"height":256,"caption":"Gumi.hu"},"image":{"@id":"https:\/\/gumi.hu\/auto-gumi\/#\/schema\/logo\/image\/"},"sameAs":["https:\/\/www.facebook.com\/akhautoszerviz\/","https:\/\/www.instagram.com\/gumi.hu_poweredbyakh\/","https:\/\/www.youtube.com\/channel\/UCyYJ0QGG6gLMXAADVRYY6_w"]}]}},"_links":{"self":[{"href":"https:\/\/gumi.hu\/auto-gumi\/wp-json\/wp\/v2\/pages\/18540","targetHints":{"allow":["GET"]}}],"collection":[{"href":"https:\/\/gumi.hu\/auto-gumi\/wp-json\/wp\/v2\/pages"}],"about":[{"href":"https:\/\/gumi.hu\/auto-gumi\/wp-json\/wp\/v2\/types\/page"}],"author":[{"embeddable":true,"href":"https:\/\/gumi.hu\/auto-gumi\/wp-json\/wp\/v2\/users\/25"}],"replies":[{"embeddable":true,"href":"https:\/\/gumi.hu\/auto-gumi\/wp-json\/wp\/v2\/comments?post=18540"}],"version-history":[{"count":16,"href":"https:\/\/gumi.hu\/auto-gumi\/wp-json\/wp\/v2\/pages\/18540\/revisions"}],"predecessor-version":[{"id":18558,"href":"https:\/\/gumi.hu\/auto-gumi\/wp-json\/wp\/v2\/pages\/18540\/revisions\/18558"}],"wp:attachment":[{"href":"https:\/\/gumi.hu\/auto-gumi\/wp-json\/wp\/v2\/media?parent=18540"}],"curies":[{"name":"wp","href":"https:\/\/api.w.org\/{rel}","templated":true}]}}