{"id":18603,"date":"2026-03-31T08:29:37","date_gmt":"2026-03-31T07:29:37","guid":{"rendered":"https:\/\/gumi.hu\/auto-gumi\/?page_id=18603"},"modified":"2026-04-01T06:43:23","modified_gmt":"2026-04-01T05:43:23","slug":"vredestein-2026-nyar","status":"publish","type":"page","link":"https:\/\/gumi.hu\/auto-gumi\/vredestein-2026-nyar\/","title":{"rendered":"Vredestein 2026 ny\u00e1r"},"content":{"rendered":"\t\t<div data-elementor-type=\"wp-page\" data-elementor-id=\"18603\" class=\"elementor elementor-18603\">\n\t\t\t\t\t\t<section class=\"elementor-section elementor-top-section elementor-element elementor-element-136c6563 elementor-section-boxed elementor-section-height-default elementor-section-height-default\" data-id=\"136c6563\" data-element_type=\"section\">\n\t\t\t\t\t\t<div class=\"elementor-container elementor-column-gap-default\">\n\t\t\t\t\t<div class=\"elementor-column elementor-col-100 elementor-top-column elementor-element elementor-element-b2bee0c\" data-id=\"b2bee0c\" data-element_type=\"column\">\n\t\t\t<div class=\"elementor-widget-wrap elementor-element-populated\">\n\t\t\t\t\t\t<div class=\"elementor-element elementor-element-3ed7e861 elementor-widget elementor-widget-html\" data-id=\"3ed7e861\" data-element_type=\"widget\" data-widget_type=\"html.default\">\n\t\t\t\t<div class=\"elementor-widget-container\">\n\t\t\t\t\t <!-- Google Tag Manager -->\r\n    <script>(function (w, d, s, l, i) {\r\n                w[l] = w[l] || [];\r\n                w[l].push({\r\n                    'gtm.start':\r\n                        new Date().getTime(), event: 'gtm.js'\r\n                });\r\n                var f = d.getElementsByTagName(s)[0],\r\n                    j = d.createElement(s), dl = l != 'dataLayer' ? '&l=' + l : '';\r\n                j.async = true;\r\n                j.src =\r\n                    'https:\/\/www.googletagmanager.com\/gtm.js?id=' + i + dl;\r\n                f.parentNode.insertBefore(j, f);\r\n            })(window, document, 'script', 'dataLayer', 'GTM-5BVBK9T');\r\n    <\/script>\r\n    <!-- End Google Tag Manager -->\r\n\t<!-- Google Tag Manager (noscript) -->\r\n\t<noscript>\r\n\t\t<iframe src=\"https:\/\/www.googletagmanager.com\/ns.html?id=GTM-5BVBK9T\" height=\"0\" width=\"0\" style=\"display:none;visibility:hidden\"><\/iframe>\r\n\t<\/noscript>\r\n\t<!-- End Google Tag Manager (noscript) -->\t\t\t\t<\/div>\n\t\t\t\t<\/div>\n\t\t\t\t\t<\/div>\n\t\t<\/div>\n\t\t\t\t\t<\/div>\n\t\t<\/section>\n\t\t\t\t<section class=\"elementor-section elementor-top-section elementor-element elementor-element-57ea4d6 elementor-section-content-middle elementor-section-boxed elementor-section-height-default elementor-section-height-default\" data-id=\"57ea4d6\" data-element_type=\"section\" data-settings=\"{&quot;background_background&quot;:&quot;classic&quot;}\">\n\t\t\t\t\t\t<div class=\"elementor-container elementor-column-gap-no\">\n\t\t\t\t\t<div class=\"elementor-column elementor-col-100 elementor-top-column elementor-element elementor-element-358aaf34\" data-id=\"358aaf34\" data-element_type=\"column\">\n\t\t\t<div class=\"elementor-widget-wrap elementor-element-populated\">\n\t\t\t\t\t\t<div class=\"elementor-element elementor-element-65df1bb6 elementor-widget elementor-widget-image\" data-id=\"65df1bb6\" data-element_type=\"widget\" data-widget_type=\"image.default\">\n\t\t\t\t<div class=\"elementor-widget-container\">\n\t\t\t\t\t\t\t\t\t\t\t\t\t\t\t<img fetchpriority=\"high\" decoding=\"async\" width=\"500\" height=\"160\" src=\"https:\/\/gumi.hu\/auto-gumi\/wp-content\/uploads\/2021\/03\/vredestein_tyres_500x_beige.png\" class=\"attachment-large size-large wp-image-5220\" alt=\"\" srcset=\"https:\/\/gumi.hu\/auto-gumi\/wp-content\/uploads\/2021\/03\/vredestein_tyres_500x_beige.png 500w, https:\/\/gumi.hu\/auto-gumi\/wp-content\/uploads\/2021\/03\/vredestein_tyres_500x_beige-300x96.png 300w\" sizes=\"(max-width: 500px) 100vw, 500px\" \/>\t\t\t\t\t\t\t\t\t\t\t\t\t\t\t<\/div>\n\t\t\t\t<\/div>\n\t\t\t\t\t<\/div>\n\t\t<\/div>\n\t\t\t\t\t<\/div>\n\t\t<\/section>\n\t\t\t\t<section class=\"elementor-section elementor-top-section elementor-element elementor-element-34b2c8be elementor-section-boxed elementor-section-height-default elementor-section-height-default elementor-invisible\" data-id=\"34b2c8be\" data-element_type=\"section\" data-settings=\"{&quot;background_background&quot;:&quot;classic&quot;,&quot;animation&quot;:&quot;bounceIn&quot;}\">\n\t\t\t\t\t\t\t<div class=\"elementor-background-overlay\"><\/div>\n\t\t\t\t\t\t\t<div class=\"elementor-container elementor-column-gap-default\">\n\t\t\t\t\t<div class=\"elementor-column elementor-col-100 elementor-top-column elementor-element elementor-element-797141fd\" data-id=\"797141fd\" data-element_type=\"column\">\n\t\t\t<div class=\"elementor-widget-wrap elementor-element-populated\">\n\t\t\t\t\t\t<div class=\"elementor-element elementor-element-2b43cccb elementor-widget elementor-widget-heading\" data-id=\"2b43cccb\" data-element_type=\"widget\" data-widget_type=\"heading.default\">\n\t\t\t\t<div class=\"elementor-widget-container\">\n\t\t\t\t\t<h2 class=\"elementor-heading-title elementor-size-default\"><div style=\"font-family: Arial, Helvetica, sans-serif;text-align: center;line-height: 1.2;color: #053CA6\">\n  <span style=\"font-size: 22px;font-weight: 600\">\n    Vredestein ny\u00e1ri vagy n\u00e9gy\u00e9vszakos abroncsok most ak\u00e1r\n  <\/span>\n  <span style=\"font-size: 39.6px;font-weight: 700\">\n    22.000 Ft\n  <\/span>\n  <span style=\"font-size: 22px;font-weight: 700\">\n    b\u00f3nusszal!\n  <\/span>\n<\/div><\/h2>\t\t\t\t<\/div>\n\t\t\t\t<\/div>\n\t\t\t\t\t<\/div>\n\t\t<\/div>\n\t\t\t\t\t<\/div>\n\t\t<\/section>\n\t\t\t\t<section class=\"elementor-section elementor-top-section elementor-element elementor-element-428670f1 elementor-section-content-middle elementor-section-boxed elementor-section-height-default elementor-section-height-default\" data-id=\"428670f1\" data-element_type=\"section\">\n\t\t\t\t\t\t\t<div class=\"elementor-background-overlay\"><\/div>\n\t\t\t\t\t\t\t<div class=\"elementor-container elementor-column-gap-no\">\n\t\t\t\t\t<div class=\"elementor-column elementor-col-100 elementor-top-column elementor-element elementor-element-30fa392d\" data-id=\"30fa392d\" data-element_type=\"column\">\n\t\t\t<div class=\"elementor-widget-wrap elementor-element-populated\">\n\t\t\t\t\t\t<section class=\"elementor-section elementor-inner-section elementor-element elementor-element-559c5e08 elementor-section-content-middle elementor-section-boxed elementor-section-height-default elementor-section-height-default\" data-id=\"559c5e08\" data-element_type=\"section\">\n\t\t\t\t\t\t<div class=\"elementor-container elementor-column-gap-no\">\n\t\t\t\t\t<div class=\"elementor-column elementor-col-50 elementor-inner-column elementor-element elementor-element-5ef16c16\" data-id=\"5ef16c16\" data-element_type=\"column\">\n\t\t\t<div class=\"elementor-widget-wrap elementor-element-populated\">\n\t\t\t\t\t\t<div class=\"elementor-element elementor-element-d3abbff elementor-widget elementor-widget-text-editor\" data-id=\"d3abbff\" data-element_type=\"widget\" data-widget_type=\"text-editor.default\">\n\t\t\t\t<div class=\"elementor-widget-container\">\n\t\t\t\t\t\t\t\t\t<p><b>V\u00e1s\u00e1roljon 2 db vagy 4 db Vredestein abroncsot a gumi.hu web\u00e1ruh\u00e1zban \u00e9s regisztr\u00e1ljon b\u00f3nusz\u00e1\u00e9rt.<\/b><\/p>\t\t\t\t\t\t\t\t<\/div>\n\t\t\t\t<\/div>\n\t\t\t\t<div class=\"elementor-element elementor-element-5e3c99d elementor-align-center elementor-widget elementor-widget-button\" data-id=\"5e3c99d\" data-element_type=\"widget\" data-widget_type=\"button.default\">\n\t\t\t\t<div class=\"elementor-widget-container\">\n\t\t\t\t\t\t\t\t\t<div class=\"elementor-button-wrapper\">\n\t\t\t\t\t<a class=\"elementor-button elementor-button-link elementor-size-sm elementor-animation-pulse\" href=\"https:\/\/gumi.hu\/autogumi?brand=vredestein&#038;season=N%2CNEGY\" target=\"_blank\">\n\t\t\t\t\t\t<span class=\"elementor-button-content-wrapper\">\n\t\t\t\t\t\t\t\t\t<span class=\"elementor-button-text\">Vredestein gumit v\u00e1lasztok<\/span>\n\t\t\t\t\t<\/span>\n\t\t\t\t\t<\/a>\n\t\t\t\t<\/div>\n\t\t\t\t\t\t\t\t<\/div>\n\t\t\t\t<\/div>\n\t\t\t\t<div class=\"elementor-element elementor-element-f9abefb elementor-align-center elementor-widget elementor-widget-button\" data-id=\"f9abefb\" data-element_type=\"widget\" data-widget_type=\"button.default\">\n\t\t\t\t<div class=\"elementor-widget-container\">\n\t\t\t\t\t\t\t\t\t<div class=\"elementor-button-wrapper\">\n\t\t\t\t\t<a class=\"elementor-button elementor-button-link elementor-size-sm elementor-animation-pulse\" href=\"https:\/\/rewards.vredestein.com\/\" target=\"_blank\">\n\t\t\t\t\t\t<span class=\"elementor-button-content-wrapper\">\n\t\t\t\t\t\t\t\t\t<span class=\"elementor-button-text\">Tov\u00e1bbi inform\u00e1ci\u00f3<\/span>\n\t\t\t\t\t<\/span>\n\t\t\t\t\t<\/a>\n\t\t\t\t<\/div>\n\t\t\t\t\t\t\t\t<\/div>\n\t\t\t\t<\/div>\n\t\t\t\t\t<\/div>\n\t\t<\/div>\n\t\t\t\t<div class=\"elementor-column elementor-col-50 elementor-inner-column elementor-element elementor-element-28e98621\" data-id=\"28e98621\" data-element_type=\"column\">\n\t\t\t<div class=\"elementor-widget-wrap elementor-element-populated\">\n\t\t\t\t\t\t<div class=\"elementor-element elementor-element-2e0c19e4 elementor-widget elementor-widget-image\" data-id=\"2e0c19e4\" data-element_type=\"widget\" data-widget_type=\"image.default\">\n\t\t\t\t<div class=\"elementor-widget-container\">\n\t\t\t\t\t\t\t\t\t\t\t\t\t\t\t<img decoding=\"async\" width=\"819\" height=\"1024\" src=\"https:\/\/gumi.hu\/auto-gumi\/wp-content\/uploads\/2026\/03\/HU_SoMe_Still_4x5_02_Vredestein_SummerSellout-819x1024.jpg\" class=\"attachment-large size-large wp-image-18615\" alt=\"HU SoMe Still 4x5 02 Vredestein SummerSellout\" srcset=\"https:\/\/gumi.hu\/auto-gumi\/wp-content\/uploads\/2026\/03\/HU_SoMe_Still_4x5_02_Vredestein_SummerSellout-819x1024.jpg 819w, https:\/\/gumi.hu\/auto-gumi\/wp-content\/uploads\/2026\/03\/HU_SoMe_Still_4x5_02_Vredestein_SummerSellout-240x300.jpg 240w, https:\/\/gumi.hu\/auto-gumi\/wp-content\/uploads\/2026\/03\/HU_SoMe_Still_4x5_02_Vredestein_SummerSellout-768x960.jpg 768w, https:\/\/gumi.hu\/auto-gumi\/wp-content\/uploads\/2026\/03\/HU_SoMe_Still_4x5_02_Vredestein_SummerSellout.jpg 1080w\" sizes=\"(max-width: 819px) 100vw, 819px\" \/>\t\t\t\t\t\t\t\t\t\t\t\t\t\t\t<\/div>\n\t\t\t\t<\/div>\n\t\t\t\t\t<\/div>\n\t\t<\/div>\n\t\t\t\t\t<\/div>\n\t\t<\/section>\n\t\t\t\t\t<\/div>\n\t\t<\/div>\n\t\t\t\t\t<\/div>\n\t\t<\/section>\n\t\t\t\t<section class=\"elementor-section elementor-top-section elementor-element elementor-element-2e64066c elementor-section-content-middle elementor-section-boxed elementor-section-height-default elementor-section-height-default\" data-id=\"2e64066c\" data-element_type=\"section\" data-settings=\"{&quot;background_background&quot;:&quot;classic&quot;}\">\n\t\t\t\t\t\t<div class=\"elementor-container elementor-column-gap-no\">\n\t\t\t\t\t<div class=\"elementor-column elementor-col-100 elementor-top-column elementor-element elementor-element-436e0d6a\" data-id=\"436e0d6a\" data-element_type=\"column\">\n\t\t\t<div class=\"elementor-widget-wrap elementor-element-populated\">\n\t\t\t\t\t\t<div class=\"elementor-element elementor-element-3fcdea24 elementor-widget elementor-widget-heading\" data-id=\"3fcdea24\" data-element_type=\"widget\" data-widget_type=\"heading.default\">\n\t\t\t\t<div class=\"elementor-widget-container\">\n\t\t\t\t\t<h2 class=\"elementor-heading-title elementor-size-default\">Hogyan veheti ig\u00e9nybe a kedvezm\u00e9nyt?<\/h2>\t\t\t\t<\/div>\n\t\t\t\t<\/div>\n\t\t\t\t<div class=\"elementor-element elementor-element-c9eccb8 elementor-widget elementor-widget-text-editor\" data-id=\"c9eccb8\" data-element_type=\"widget\" data-widget_type=\"text-editor.default\">\n\t\t\t\t<div class=\"elementor-widget-container\">\n\t\t\t\t\t\t\t\t\t<p>1. V\u00e1s\u00e1roljon <b>online <\/b>a gumi.hu-n <b>2 db<\/b> vagy&nbsp;<b>4 db VREDESTEIN<\/b><b style=\"color: var( --e-global-color-53a31816 );\">&nbsp;gumiabroncsot<\/b><span style=\"color: var( --e-global-color-53a31816 );\">,<\/span><\/p>\n<p><span style=\"color: var( --e-global-color-53a31816 );\">2. <b>Regisztr\u00e1ljon<\/b> b\u00f3nusz\u00e1\u00e9rt az al\u00e1bbi gomb seg\u00edts\u00e9g\u00e9vel:<\/span><\/p>\t\t\t\t\t\t\t\t<\/div>\n\t\t\t\t<\/div>\n\t\t\t\t<div class=\"elementor-element elementor-element-3a00db2 elementor-align-center elementor-widget elementor-widget-button\" data-id=\"3a00db2\" data-element_type=\"widget\" data-widget_type=\"button.default\">\n\t\t\t\t<div class=\"elementor-widget-container\">\n\t\t\t\t\t\t\t\t\t<div class=\"elementor-button-wrapper\">\n\t\t\t\t\t<a class=\"elementor-button elementor-button-link elementor-size-sm elementor-animation-pulse\" href=\"https:\/\/rewards.vredestein.com\/\" target=\"_blank\">\n\t\t\t\t\t\t<span class=\"elementor-button-content-wrapper\">\n\t\t\t\t\t\t\t\t\t<span class=\"elementor-button-text\">REGISZTR\u00c1LOK<\/span>\n\t\t\t\t\t<\/span>\n\t\t\t\t\t<\/a>\n\t\t\t\t<\/div>\n\t\t\t\t\t\t\t\t<\/div>\n\t\t\t\t<\/div>\n\t\t\t\t<div class=\"elementor-element elementor-element-5da3b4a elementor-widget elementor-widget-text-editor\" data-id=\"5da3b4a\" data-element_type=\"widget\" data-widget_type=\"text-editor.default\">\n\t\t\t\t<div class=\"elementor-widget-container\">\n\t\t\t\t\t\t\t\t\t<p>A prom\u00f3ci\u00f3 id\u0151tartama:<b> 2026. \u00e1prilis 1. &#8211; m\u00e1jus 31.<\/b><\/p>\t\t\t\t\t\t\t\t<\/div>\n\t\t\t\t<\/div>\n\t\t\t\t<div class=\"elementor-element elementor-element-43433e89 elementor-widget-divider--view-line elementor-widget elementor-widget-divider\" data-id=\"43433e89\" data-element_type=\"widget\" data-widget_type=\"divider.default\">\n\t\t\t\t<div class=\"elementor-widget-container\">\n\t\t\t\t\t\t\t<div class=\"elementor-divider\">\n\t\t\t<span class=\"elementor-divider-separator\">\n\t\t\t\t\t\t<\/span>\n\t\t<\/div>\n\t\t\t\t\t\t<\/div>\n\t\t\t\t<\/div>\n\t\t\t\t<div class=\"elementor-element elementor-element-5332292f elementor-widget elementor-widget-text-editor\" data-id=\"5332292f\" data-element_type=\"widget\" data-widget_type=\"text-editor.default\">\n\t\t\t\t<div class=\"elementor-widget-container\">\n\t\t\t\t\t\t\t\t\t<p>\u00a9 gumi.hu. Minden jog fenntartva!<\/p>\t\t\t\t\t\t\t\t<\/div>\n\t\t\t\t<\/div>\n\t\t\t\t\t<\/div>\n\t\t<\/div>\n\t\t\t\t\t<\/div>\n\t\t<\/section>\n\t\t\t\t<\/div>\n\t\t","protected":false},"excerpt":{"rendered":"<p>Vredestein ny\u00e1ri vagy n\u00e9gy\u00e9vszakos abroncsok most ak\u00e1r 22.000 Ft b\u00f3nusszal! V\u00e1s\u00e1roljon 2 db vagy 4 db Vredestein abroncsot a gumi.hu web\u00e1ruh\u00e1zban \u00e9s regisztr\u00e1ljon b\u00f3nusz\u00e1\u00e9rt. Vredestein gumit v\u00e1lasztok Tov\u00e1bbi inform\u00e1ci\u00f3 Hogyan veheti ig\u00e9nybe a kedvezm\u00e9nyt? 1. V\u00e1s\u00e1roljon online a gumi.hu-n 2 db vagy&nbsp;4 db VREDESTEIN&nbsp;gumiabroncsot, 2. Regisztr\u00e1ljon b\u00f3nusz\u00e1\u00e9rt az al\u00e1bbi gomb seg\u00edts\u00e9g\u00e9vel: REGISZTR\u00c1LOK A prom\u00f3ci\u00f3 id\u0151tartama: &#8230; <a title=\"Vredestein 2026 ny\u00e1r\" class=\"read-more\" href=\"https:\/\/gumi.hu\/auto-gumi\/vredestein-2026-nyar\/\" aria-label=\"Read more about Vredestein 2026 ny\u00e1r\">Olvass tov\u00e1bb<\/a><\/p>\n","protected":false},"author":21,"featured_media":0,"parent":0,"menu_order":0,"comment_status":"closed","ping_status":"closed","template":"elementor_canvas","meta":{"footnotes":""},"class_list":["post-18603","page","type-page","status-publish"],"yoast_head":"<!-- This site is optimized with the Yoast SEO plugin v26.7 - https:\/\/yoast.com\/wordpress\/plugins\/seo\/ -->\n<title>Vredestein 2026 ny\u00e1r - Gumi.hu<\/title>\n<meta name=\"robots\" content=\"index, follow, max-snippet:-1, max-image-preview:large, max-video-preview:-1\" \/>\n<link rel=\"canonical\" href=\"https:\/\/gumi.hu\/auto-gumi\/vredestein-2026-nyar\/\" \/>\n<meta property=\"og:locale\" content=\"hu_HU\" \/>\n<meta property=\"og:type\" content=\"article\" \/>\n<meta property=\"og:title\" content=\"Vredestein 2026 ny\u00e1r - Gumi.hu\" \/>\n<meta property=\"og:description\" content=\"Vredestein ny\u00e1ri vagy n\u00e9gy\u00e9vszakos abroncsok most ak\u00e1r 22.000 Ft b\u00f3nusszal! V\u00e1s\u00e1roljon 2 db vagy 4 db Vredestein abroncsot a gumi.hu web\u00e1ruh\u00e1zban \u00e9s regisztr\u00e1ljon b\u00f3nusz\u00e1\u00e9rt. Vredestein gumit v\u00e1lasztok Tov\u00e1bbi inform\u00e1ci\u00f3 Hogyan veheti ig\u00e9nybe a kedvezm\u00e9nyt? 1. V\u00e1s\u00e1roljon online a gumi.hu-n 2 db vagy&nbsp;4 db VREDESTEIN&nbsp;gumiabroncsot, 2. Regisztr\u00e1ljon b\u00f3nusz\u00e1\u00e9rt az al\u00e1bbi gomb seg\u00edts\u00e9g\u00e9vel: REGISZTR\u00c1LOK A prom\u00f3ci\u00f3 id\u0151tartama: ... Olvass tov\u00e1bb\" \/>\n<meta property=\"og:url\" content=\"https:\/\/gumi.hu\/auto-gumi\/vredestein-2026-nyar\/\" \/>\n<meta property=\"og:site_name\" content=\"Gumi.hu\" \/>\n<meta property=\"article:publisher\" content=\"https:\/\/www.facebook.com\/akhautoszerviz\/\" \/>\n<meta property=\"article:modified_time\" content=\"2026-04-01T05:43:23+00:00\" \/>\n<meta property=\"og:image\" content=\"https:\/\/gumi.hu\/auto-gumi\/wp-content\/uploads\/2021\/03\/vredestein_tyres_500x_beige.png\" \/>\n\t<meta property=\"og:image:width\" content=\"500\" \/>\n\t<meta property=\"og:image:height\" content=\"160\" \/>\n\t<meta property=\"og:image:type\" content=\"image\/png\" \/>\n<meta name=\"twitter:card\" content=\"summary_large_image\" \/>\n<meta name=\"twitter:label1\" content=\"Becs\u00fclt olvas\u00e1si id\u0151\" \/>\n\t<meta name=\"twitter:data1\" content=\"1 perc\" \/>\n<script type=\"application\/ld+json\" class=\"yoast-schema-graph\">{\"@context\":\"https:\/\/schema.org\",\"@graph\":[{\"@type\":\"WebPage\",\"@id\":\"https:\/\/gumi.hu\/auto-gumi\/vredestein-2026-nyar\/\",\"url\":\"https:\/\/gumi.hu\/auto-gumi\/vredestein-2026-nyar\/\",\"name\":\"Vredestein 2026 ny\u00e1r - Gumi.hu\",\"isPartOf\":{\"@id\":\"https:\/\/gumi.hu\/auto-gumi\/#website\"},\"primaryImageOfPage\":{\"@id\":\"https:\/\/gumi.hu\/auto-gumi\/vredestein-2026-nyar\/#primaryimage\"},\"image\":{\"@id\":\"https:\/\/gumi.hu\/auto-gumi\/vredestein-2026-nyar\/#primaryimage\"},\"thumbnailUrl\":\"https:\/\/gumi.hu\/auto-gumi\/wp-content\/uploads\/2021\/03\/vredestein_tyres_500x_beige.png\",\"datePublished\":\"2026-03-31T07:29:37+00:00\",\"dateModified\":\"2026-04-01T05:43:23+00:00\",\"breadcrumb\":{\"@id\":\"https:\/\/gumi.hu\/auto-gumi\/vredestein-2026-nyar\/#breadcrumb\"},\"inLanguage\":\"hu\",\"potentialAction\":[{\"@type\":\"ReadAction\",\"target\":[\"https:\/\/gumi.hu\/auto-gumi\/vredestein-2026-nyar\/\"]}]},{\"@type\":\"ImageObject\",\"inLanguage\":\"hu\",\"@id\":\"https:\/\/gumi.hu\/auto-gumi\/vredestein-2026-nyar\/#primaryimage\",\"url\":\"https:\/\/gumi.hu\/auto-gumi\/wp-content\/uploads\/2021\/03\/vredestein_tyres_500x_beige.png\",\"contentUrl\":\"https:\/\/gumi.hu\/auto-gumi\/wp-content\/uploads\/2021\/03\/vredestein_tyres_500x_beige.png\",\"width\":500,\"height\":160},{\"@type\":\"BreadcrumbList\",\"@id\":\"https:\/\/gumi.hu\/auto-gumi\/vredestein-2026-nyar\/#breadcrumb\",\"itemListElement\":[{\"@type\":\"ListItem\",\"position\":1,\"name\":\"Kezd\u0151lap\",\"item\":\"https:\/\/gumi.hu\/auto-gumi\/\"},{\"@type\":\"ListItem\",\"position\":2,\"name\":\"Vredestein 2026 ny\u00e1r\"}]},{\"@type\":\"WebSite\",\"@id\":\"https:\/\/gumi.hu\/auto-gumi\/#website\",\"url\":\"https:\/\/gumi.hu\/auto-gumi\/\",\"name\":\"Gumi.hu\",\"description\":\"\",\"publisher\":{\"@id\":\"https:\/\/gumi.hu\/auto-gumi\/#organization\"},\"potentialAction\":[{\"@type\":\"SearchAction\",\"target\":{\"@type\":\"EntryPoint\",\"urlTemplate\":\"https:\/\/gumi.hu\/auto-gumi\/?s={search_term_string}\"},\"query-input\":{\"@type\":\"PropertyValueSpecification\",\"valueRequired\":true,\"valueName\":\"search_term_string\"}}],\"inLanguage\":\"hu\"},{\"@type\":\"Organization\",\"@id\":\"https:\/\/gumi.hu\/auto-gumi\/#organization\",\"name\":\"Gumi.hu\",\"url\":\"https:\/\/gumi.hu\/auto-gumi\/\",\"logo\":{\"@type\":\"ImageObject\",\"inLanguage\":\"hu\",\"@id\":\"https:\/\/gumi.hu\/auto-gumi\/#\/schema\/logo\/image\/\",\"url\":\"https:\/\/gumi.hu\/auto-gumi\/wp-content\/uploads\/2021\/12\/cropped-gumi.hulogo.png\",\"contentUrl\":\"https:\/\/gumi.hu\/auto-gumi\/wp-content\/uploads\/2021\/12\/cropped-gumi.hulogo.png\",\"width\":597,\"height\":256,\"caption\":\"Gumi.hu\"},\"image\":{\"@id\":\"https:\/\/gumi.hu\/auto-gumi\/#\/schema\/logo\/image\/\"},\"sameAs\":[\"https:\/\/www.facebook.com\/akhautoszerviz\/\",\"https:\/\/www.instagram.com\/gumi.hu_poweredbyakh\/\",\"https:\/\/www.youtube.com\/channel\/UCyYJ0QGG6gLMXAADVRYY6_w\"]}]}<\/script>\n<!-- \/ Yoast SEO plugin. -->","yoast_head_json":{"title":"Vredestein 2026 ny\u00e1r - Gumi.hu","robots":{"index":"index","follow":"follow","max-snippet":"max-snippet:-1","max-image-preview":"max-image-preview:large","max-video-preview":"max-video-preview:-1"},"canonical":"https:\/\/gumi.hu\/auto-gumi\/vredestein-2026-nyar\/","og_locale":"hu_HU","og_type":"article","og_title":"Vredestein 2026 ny\u00e1r - Gumi.hu","og_description":"Vredestein ny\u00e1ri vagy n\u00e9gy\u00e9vszakos abroncsok most ak\u00e1r 22.000 Ft b\u00f3nusszal! V\u00e1s\u00e1roljon 2 db vagy 4 db Vredestein abroncsot a gumi.hu web\u00e1ruh\u00e1zban \u00e9s regisztr\u00e1ljon b\u00f3nusz\u00e1\u00e9rt. Vredestein gumit v\u00e1lasztok Tov\u00e1bbi inform\u00e1ci\u00f3 Hogyan veheti ig\u00e9nybe a kedvezm\u00e9nyt? 1. V\u00e1s\u00e1roljon online a gumi.hu-n 2 db vagy&nbsp;4 db VREDESTEIN&nbsp;gumiabroncsot, 2. Regisztr\u00e1ljon b\u00f3nusz\u00e1\u00e9rt az al\u00e1bbi gomb seg\u00edts\u00e9g\u00e9vel: REGISZTR\u00c1LOK A prom\u00f3ci\u00f3 id\u0151tartama: ... Olvass tov\u00e1bb","og_url":"https:\/\/gumi.hu\/auto-gumi\/vredestein-2026-nyar\/","og_site_name":"Gumi.hu","article_publisher":"https:\/\/www.facebook.com\/akhautoszerviz\/","article_modified_time":"2026-04-01T05:43:23+00:00","og_image":[{"width":500,"height":160,"url":"https:\/\/gumi.hu\/auto-gumi\/wp-content\/uploads\/2021\/03\/vredestein_tyres_500x_beige.png","type":"image\/png"}],"twitter_card":"summary_large_image","twitter_misc":{"Becs\u00fclt olvas\u00e1si id\u0151":"1 perc"},"schema":{"@context":"https:\/\/schema.org","@graph":[{"@type":"WebPage","@id":"https:\/\/gumi.hu\/auto-gumi\/vredestein-2026-nyar\/","url":"https:\/\/gumi.hu\/auto-gumi\/vredestein-2026-nyar\/","name":"Vredestein 2026 ny\u00e1r - Gumi.hu","isPartOf":{"@id":"https:\/\/gumi.hu\/auto-gumi\/#website"},"primaryImageOfPage":{"@id":"https:\/\/gumi.hu\/auto-gumi\/vredestein-2026-nyar\/#primaryimage"},"image":{"@id":"https:\/\/gumi.hu\/auto-gumi\/vredestein-2026-nyar\/#primaryimage"},"thumbnailUrl":"https:\/\/gumi.hu\/auto-gumi\/wp-content\/uploads\/2021\/03\/vredestein_tyres_500x_beige.png","datePublished":"2026-03-31T07:29:37+00:00","dateModified":"2026-04-01T05:43:23+00:00","breadcrumb":{"@id":"https:\/\/gumi.hu\/auto-gumi\/vredestein-2026-nyar\/#breadcrumb"},"inLanguage":"hu","potentialAction":[{"@type":"ReadAction","target":["https:\/\/gumi.hu\/auto-gumi\/vredestein-2026-nyar\/"]}]},{"@type":"ImageObject","inLanguage":"hu","@id":"https:\/\/gumi.hu\/auto-gumi\/vredestein-2026-nyar\/#primaryimage","url":"https:\/\/gumi.hu\/auto-gumi\/wp-content\/uploads\/2021\/03\/vredestein_tyres_500x_beige.png","contentUrl":"https:\/\/gumi.hu\/auto-gumi\/wp-content\/uploads\/2021\/03\/vredestein_tyres_500x_beige.png","width":500,"height":160},{"@type":"BreadcrumbList","@id":"https:\/\/gumi.hu\/auto-gumi\/vredestein-2026-nyar\/#breadcrumb","itemListElement":[{"@type":"ListItem","position":1,"name":"Kezd\u0151lap","item":"https:\/\/gumi.hu\/auto-gumi\/"},{"@type":"ListItem","position":2,"name":"Vredestein 2026 ny\u00e1r"}]},{"@type":"WebSite","@id":"https:\/\/gumi.hu\/auto-gumi\/#website","url":"https:\/\/gumi.hu\/auto-gumi\/","name":"Gumi.hu","description":"","publisher":{"@id":"https:\/\/gumi.hu\/auto-gumi\/#organization"},"potentialAction":[{"@type":"SearchAction","target":{"@type":"EntryPoint","urlTemplate":"https:\/\/gumi.hu\/auto-gumi\/?s={search_term_string}"},"query-input":{"@type":"PropertyValueSpecification","valueRequired":true,"valueName":"search_term_string"}}],"inLanguage":"hu"},{"@type":"Organization","@id":"https:\/\/gumi.hu\/auto-gumi\/#organization","name":"Gumi.hu","url":"https:\/\/gumi.hu\/auto-gumi\/","logo":{"@type":"ImageObject","inLanguage":"hu","@id":"https:\/\/gumi.hu\/auto-gumi\/#\/schema\/logo\/image\/","url":"https:\/\/gumi.hu\/auto-gumi\/wp-content\/uploads\/2021\/12\/cropped-gumi.hulogo.png","contentUrl":"https:\/\/gumi.hu\/auto-gumi\/wp-content\/uploads\/2021\/12\/cropped-gumi.hulogo.png","width":597,"height":256,"caption":"Gumi.hu"},"image":{"@id":"https:\/\/gumi.hu\/auto-gumi\/#\/schema\/logo\/image\/"},"sameAs":["https:\/\/www.facebook.com\/akhautoszerviz\/","https:\/\/www.instagram.com\/gumi.hu_poweredbyakh\/","https:\/\/www.youtube.com\/channel\/UCyYJ0QGG6gLMXAADVRYY6_w"]}]}},"_links":{"self":[{"href":"https:\/\/gumi.hu\/auto-gumi\/wp-json\/wp\/v2\/pages\/18603","targetHints":{"allow":["GET"]}}],"collection":[{"href":"https:\/\/gumi.hu\/auto-gumi\/wp-json\/wp\/v2\/pages"}],"about":[{"href":"https:\/\/gumi.hu\/auto-gumi\/wp-json\/wp\/v2\/types\/page"}],"author":[{"embeddable":true,"href":"https:\/\/gumi.hu\/auto-gumi\/wp-json\/wp\/v2\/users\/21"}],"replies":[{"embeddable":true,"href":"https:\/\/gumi.hu\/auto-gumi\/wp-json\/wp\/v2\/comments?post=18603"}],"version-history":[{"count":28,"href":"https:\/\/gumi.hu\/auto-gumi\/wp-json\/wp\/v2\/pages\/18603\/revisions"}],"predecessor-version":[{"id":18634,"href":"https:\/\/gumi.hu\/auto-gumi\/wp-json\/wp\/v2\/pages\/18603\/revisions\/18634"}],"wp:attachment":[{"href":"https:\/\/gumi.hu\/auto-gumi\/wp-json\/wp\/v2\/media?parent=18603"}],"curies":[{"name":"wp","href":"https:\/\/api.w.org\/{rel}","templated":true}]}}