{"id":18715,"date":"2026-04-08T12:41:51","date_gmt":"2026-04-08T11:41:51","guid":{"rendered":"https:\/\/gumi.hu\/auto-gumi\/?page_id=18715"},"modified":"2026-04-14T12:11:25","modified_gmt":"2026-04-14T11:11:25","slug":"gumihotel-foglalas","status":"publish","type":"page","link":"https:\/\/gumi.hu\/auto-gumi\/gumihotel-foglalas\/","title":{"rendered":"Gumihotel foglal\u00e1s"},"content":{"rendered":"\t\t<div data-elementor-type=\"wp-page\" data-elementor-id=\"18715\" class=\"elementor elementor-18715\">\n\t\t\t\t\t\t<section class=\"elementor-section elementor-top-section elementor-element elementor-element-1e3fbaac elementor-section-full_width elementor-section-height-default elementor-section-height-default\" data-id=\"1e3fbaac\" data-element_type=\"section\">\n\t\t\t\t\t\t\t<div class=\"elementor-background-overlay\"><\/div>\n\t\t\t\t\t\t\t<div class=\"elementor-container elementor-column-gap-default\">\n\t\t\t\t\t<div class=\"elementor-column elementor-col-100 elementor-top-column elementor-element elementor-element-48211c43\" data-id=\"48211c43\" data-element_type=\"column\">\n\t\t\t<div class=\"elementor-widget-wrap elementor-element-populated\">\n\t\t\t\t\t\t<div class=\"elementor-element elementor-element-512974cf elementor-widget elementor-widget-html\" data-id=\"512974cf\" data-element_type=\"widget\" data-widget_type=\"html.default\">\n\t\t\t\t<div class=\"elementor-widget-container\">\n\t\t\t\t\t<!-- Google Tag Manager -->\r\n    <script type=\"text\/javascript\">\r\n\r\n\r\n        var IS_DEV = false;\r\n        var GTM_ID = 'GTM-5BVBK9T';\r\n        \/\/var GTM_LC = ( IS_DEV?'EN':'HU' ); \/* HU||EN *\/\r\n        var GTM_LC = 'EN'; \/* HU||EN *\/\r\n        var DL_USER_ID = 'undefined';\r\n        var DL_LOGINSTATUS = 'unsigned'; \r\n        var DL_PAGETYPE = 'main'; \r\n        var DL_TIMESTAMP = 1744374952; \r\n        var DL_CURRENCY = 'HUF'; \r\n        var DL_VAT = '0.27'; \r\n        var DL_LOG = false;\r\n        var DL_LANG_CODE = 'hu';\r\n\r\n       \r\n            \r\n    \r\n       \r\n        window.dataLayer = window.dataLayer || [];\r\n        function addGTMDataLayer(dataLayerObj, log) {\r\n            if ( typeof dataLayerObj === 'object' ) {\r\n                window.dataLayer.push(dataLayerObj);\r\n                if ( log ) {\r\n                    console.log('addGTMDataLayer', dataLayerObj);\r\n                    console.log('window.dataLayer', window.dataLayer);\r\n                }\r\n            }\r\n        }\r\n   \r\n        window.dLayer.addUser({\r\n            'User id': DL_USER_ID,\r\n            'loginStatus': DL_LOGINSTATUS,\r\n            'pageType': DL_PAGETYPE,\r\n            'timestamp': DL_TIMESTAMP,\r\n            'languageCode': DL_LANG_CODE\r\n        });\r\n         \r\n   \r\n        \r\n        \r\n    \r\n    <\/script>\r\n<!-- End Google Tag Manager -->\t\t\t\t<\/div>\n\t\t\t\t<\/div>\n\t\t\t\t<div class=\"elementor-element elementor-element-18fb19d8 elementor-widget elementor-widget-image\" data-id=\"18fb19d8\" data-element_type=\"widget\" data-widget_type=\"image.default\">\n\t\t\t\t<div class=\"elementor-widget-container\">\n\t\t\t\t\t\t\t\t\t\t\t\t\t\t\t<img fetchpriority=\"high\" decoding=\"async\" width=\"597\" height=\"256\" src=\"https:\/\/gumi.hu\/auto-gumi\/wp-content\/uploads\/2021\/12\/cropped-gumi.hulogo.png\" class=\"attachment-large size-large wp-image-9174\" alt=\"\" srcset=\"https:\/\/gumi.hu\/auto-gumi\/wp-content\/uploads\/2021\/12\/cropped-gumi.hulogo.png 597w, https:\/\/gumi.hu\/auto-gumi\/wp-content\/uploads\/2021\/12\/cropped-gumi.hulogo-300x129.png 300w\" sizes=\"(max-width: 597px) 100vw, 597px\" \/>\t\t\t\t\t\t\t\t\t\t\t\t\t\t\t<\/div>\n\t\t\t\t<\/div>\n\t\t\t\t\t<\/div>\n\t\t<\/div>\n\t\t\t\t\t<\/div>\n\t\t<\/section>\n\t\t\t\t<section class=\"elementor-section elementor-top-section elementor-element elementor-element-15ad33ed elementor-section-boxed elementor-section-height-default elementor-section-height-default\" data-id=\"15ad33ed\" data-element_type=\"section\">\n\t\t\t\t\t\t\t<div class=\"elementor-background-overlay\"><\/div>\n\t\t\t\t\t\t\t<div class=\"elementor-container elementor-column-gap-default\">\n\t\t\t\t\t<div class=\"elementor-column elementor-col-100 elementor-top-column elementor-element elementor-element-e96bf0c\" data-id=\"e96bf0c\" data-element_type=\"column\">\n\t\t\t<div class=\"elementor-widget-wrap elementor-element-populated\">\n\t\t\t\t\t\t<div class=\"elementor-element elementor-element-226fb244 elementor-widget elementor-widget-heading\" data-id=\"226fb244\" data-element_type=\"widget\" data-widget_type=\"heading.default\">\n\t\t\t\t<div class=\"elementor-widget-container\">\n\t\t\t\t\t<h1 class=\"elementor-heading-title elementor-size-default\">GUMIHOTEL<\/h1>\t\t\t\t<\/div>\n\t\t\t\t<\/div>\n\t\t\t\t\t<\/div>\n\t\t<\/div>\n\t\t\t\t\t<\/div>\n\t\t<\/section>\n\t\t\t\t<section class=\"elementor-section elementor-top-section elementor-element elementor-element-1325c925 elementor-section-boxed elementor-section-height-default elementor-section-height-default\" data-id=\"1325c925\" data-element_type=\"section\">\n\t\t\t\t\t\t\t<div class=\"elementor-background-overlay\"><\/div>\n\t\t\t\t\t\t\t<div class=\"elementor-container elementor-column-gap-default\">\n\t\t\t\t\t<div class=\"elementor-column elementor-col-50 elementor-top-column elementor-element elementor-element-3de5e6d\" data-id=\"3de5e6d\" data-element_type=\"column\">\n\t\t\t<div class=\"elementor-widget-wrap elementor-element-populated\">\n\t\t\t\t\t\t<div class=\"elementor-element elementor-element-752cd109 elementor-widget elementor-widget-image-box\" data-id=\"752cd109\" data-element_type=\"widget\" data-widget_type=\"image-box.default\">\n\t\t\t\t<div class=\"elementor-widget-container\">\n\t\t\t\t\t<div class=\"elementor-image-box-wrapper\"><div class=\"elementor-image-box-content\"><h3 class=\"elementor-image-box-title\">A gumihotel nem csak k\u00e9nyelmes, hanem okos d\u00f6nt\u00e9s is. <\/h3><p class=\"elementor-image-box-description\"><br>Nem kell otthon t\u00e1rolnia a kerekeket, \u00edgy helyet sp\u00f3rol. Bizonytalan abban, hogy \u00e1ll\u00edtva vagy fektetve? Nem kell ezen t\u00f6rnie a fej\u00e9t, mi megoldjuk a szakszer\u0171 t\u00e1rol\u00e1st. Nem kell t\u00f6bb\u00e9 sz\u00e9tszerelnie az aut\u00f3t, hogy elf\u00e9rjenek a leszerelt gumiabroncsok.<br><br>\n<b>\n\u00c9lvezze a gondtalan aut\u00f3z\u00e1st \u00e9s a felszabadult helyet az otthon\u00e1ban.<\/b><\/p><\/div><\/div>\t\t\t\t<\/div>\n\t\t\t\t<\/div>\n\t\t\t\t\t<\/div>\n\t\t<\/div>\n\t\t\t\t<div class=\"elementor-column elementor-col-50 elementor-top-column elementor-element elementor-element-51b1435b\" data-id=\"51b1435b\" data-element_type=\"column\">\n\t\t\t<div class=\"elementor-widget-wrap elementor-element-populated\">\n\t\t\t\t\t\t<div class=\"elementor-element elementor-element-7264a747 elementor-widget elementor-widget-image-box\" data-id=\"7264a747\" data-element_type=\"widget\" data-widget_type=\"image-box.default\">\n\t\t\t\t<div class=\"elementor-widget-container\">\n\t\t\t\t\t<div class=\"elementor-image-box-wrapper\"><div class=\"elementor-image-box-content\"><h2 class=\"elementor-image-box-title\"><a href=\"https:\/\/gumi.hu\/autogumi\/negyevszakos\">Szezonv\u00e1lt\u00e1skor minden egy helyen t\u00f6rt\u00e9nik: <\/a><\/h2><p class=\"elementor-image-box-description\">Nem kell sz\u00e1ll\u00edtania \u00e9s pakolnia a gumikat, ezt megoldjuk mi \u00d6n helyett.\nGyorsabb \u00e9s k\u00e9nyelmesebb lesz a gumicsere.\nSzezonok k\u00f6z\u00f6tt kap egy \u00e1llapotfelm\u00e9r\u00e9st \u00e9s t\u00e1j\u00e9koztatunk az abroncsai \u00e1llapot\u00e1r\u00f3l.<br><br><b>Egyszer\u0171bb, tiszt\u00e1bb, biztons\u00e1gosabb \u00e9s k\u00f6rnyezettudatosabb megold\u00e1s \u2013 pontosan az, amit egy aut\u00f3s hossz\u00fa t\u00e1von \u00e9rt\u00e9kel.<\/b>\n<\/p><\/div><\/div>\t\t\t\t<\/div>\n\t\t\t\t<\/div>\n\t\t\t\t\t<\/div>\n\t\t<\/div>\n\t\t\t\t\t<\/div>\n\t\t<\/section>\n\t\t\t\t<section class=\"elementor-section elementor-top-section elementor-element elementor-element-3278e5d elementor-section-boxed elementor-section-height-default elementor-section-height-default\" data-id=\"3278e5d\" data-element_type=\"section\" data-settings=\"{&quot;background_background&quot;:&quot;classic&quot;}\">\n\t\t\t\t\t\t\t<div class=\"elementor-background-overlay\"><\/div>\n\t\t\t\t\t\t\t<div class=\"elementor-container elementor-column-gap-default\">\n\t\t\t\t\t<div class=\"elementor-column elementor-col-100 elementor-top-column elementor-element elementor-element-e227acd\" data-id=\"e227acd\" data-element_type=\"column\">\n\t\t\t<div class=\"elementor-widget-wrap elementor-element-populated\">\n\t\t\t\t\t\t<div class=\"elementor-element elementor-element-9c57b1a elementor-widget elementor-widget-heading\" data-id=\"9c57b1a\" data-element_type=\"widget\" data-widget_type=\"heading.default\">\n\t\t\t\t<div class=\"elementor-widget-container\">\n\t\t\t\t\t<h2 class=\"elementor-heading-title elementor-size-default\"><b>\u00daJ \u00dcGYFELEINKNEK AZ ELS\u0150 T\u00c1ROL\u00c1S ESET\u00c9N 50% KEDVEZM\u00c9NYT BIZTOS\u00cdTUNK!<\/b><\/h2>\t\t\t\t<\/div>\n\t\t\t\t<\/div>\n\t\t\t\t<div class=\"elementor-element elementor-element-673d9ca elementor-widget elementor-widget-text-editor\" data-id=\"673d9ca\" data-element_type=\"widget\" data-widget_type=\"text-editor.default\">\n\t\t\t\t<div class=\"elementor-widget-container\">\n\t\t\t\t\t\t\t\t\t<p>Gumihotelt id\u0151pontfoglal\u00e1sn\u00e1l a fizet\u00e9si m\u00f3d v\u00e1laszt\u00e1sa ut\u00e1n, a rendel\u00e9s meger\u0151s\u00edt\u00e9s\u00e9n\u00e9l tudja kos\u00e1rba tenni.<\/p>\t\t\t\t\t\t\t\t<\/div>\n\t\t\t\t<\/div>\n\t\t\t\t<div class=\"elementor-element elementor-element-a883b99 elementor-align-center elementor-widget elementor-widget-button\" data-id=\"a883b99\" data-element_type=\"widget\" data-widget_type=\"button.default\">\n\t\t\t\t<div class=\"elementor-widget-container\">\n\t\t\t\t\t\t\t\t\t<div class=\"elementor-button-wrapper\">\n\t\t\t\t\t<a class=\"elementor-button elementor-button-link elementor-size-sm elementor-animation-pulse\" href=\"https:\/\/gumi.hu\/idopontfoglalas\" target=\"_blank\">\n\t\t\t\t\t\t<span class=\"elementor-button-content-wrapper\">\n\t\t\t\t\t\t\t\t\t<span class=\"elementor-button-text\">Foglalok<\/span>\n\t\t\t\t\t<\/span>\n\t\t\t\t\t<\/a>\n\t\t\t\t<\/div>\n\t\t\t\t\t\t\t\t<\/div>\n\t\t\t\t<\/div>\n\t\t\t\t\t<\/div>\n\t\t<\/div>\n\t\t\t\t\t<\/div>\n\t\t<\/section>\n\t\t\t\t<section class=\"elementor-section elementor-top-section elementor-element elementor-element-34277067 elementor-section-boxed elementor-section-height-default elementor-section-height-default\" data-id=\"34277067\" data-element_type=\"section\" data-settings=\"{&quot;background_background&quot;:&quot;classic&quot;}\">\n\t\t\t\t\t\t\t<div class=\"elementor-background-overlay\"><\/div>\n\t\t\t\t\t\t\t<div class=\"elementor-container elementor-column-gap-default\">\n\t\t\t\t\t<div class=\"elementor-column elementor-col-100 elementor-top-column elementor-element elementor-element-46973496\" data-id=\"46973496\" data-element_type=\"column\">\n\t\t\t<div class=\"elementor-widget-wrap elementor-element-populated\">\n\t\t\t\t\t\t<div class=\"elementor-element elementor-element-d371dae elementor-widget elementor-widget-image\" data-id=\"d371dae\" data-element_type=\"widget\" data-widget_type=\"image.default\">\n\t\t\t\t<div class=\"elementor-widget-container\">\n\t\t\t\t\t\t\t\t\t\t\t\t\t\t\t<img decoding=\"async\" width=\"900\" height=\"205\" src=\"https:\/\/gumi.hu\/auto-gumi\/wp-content\/uploads\/2024\/02\/AKH-gumi_hu-co-branded-logo-1024x233.jpg\" class=\"attachment-large size-large wp-image-12289\" alt=\"\" srcset=\"https:\/\/gumi.hu\/auto-gumi\/wp-content\/uploads\/2024\/02\/AKH-gumi_hu-co-branded-logo-1024x233.jpg 1024w, https:\/\/gumi.hu\/auto-gumi\/wp-content\/uploads\/2024\/02\/AKH-gumi_hu-co-branded-logo-300x68.jpg 300w, https:\/\/gumi.hu\/auto-gumi\/wp-content\/uploads\/2024\/02\/AKH-gumi_hu-co-branded-logo-768x174.jpg 768w, https:\/\/gumi.hu\/auto-gumi\/wp-content\/uploads\/2024\/02\/AKH-gumi_hu-co-branded-logo-1536x349.jpg 1536w, https:\/\/gumi.hu\/auto-gumi\/wp-content\/uploads\/2024\/02\/AKH-gumi_hu-co-branded-logo.jpg 1920w\" sizes=\"(max-width: 900px) 100vw, 900px\" \/>\t\t\t\t\t\t\t\t\t\t\t\t\t\t\t<\/div>\n\t\t\t\t<\/div>\n\t\t\t\t<div class=\"elementor-element elementor-element-44d085a8 elementor-widget elementor-widget-text-editor\" data-id=\"44d085a8\" data-element_type=\"widget\" data-widget_type=\"text-editor.default\">\n\t\t\t\t<div class=\"elementor-widget-container\">\n\t\t\t\t\t\t\t\t\t<p>\u00a9 gumi.hu. Minden jog fenntartva!<\/p>\t\t\t\t\t\t\t\t<\/div>\n\t\t\t\t<\/div>\n\t\t\t\t\t<\/div>\n\t\t<\/div>\n\t\t\t\t\t<\/div>\n\t\t<\/section>\n\t\t\t\t<\/div>\n\t\t","protected":false},"excerpt":{"rendered":"<p>GUMIHOTEL A gumihotel nem csak k\u00e9nyelmes, hanem okos d\u00f6nt\u00e9s is. Nem kell otthon t\u00e1rolnia a kerekeket, \u00edgy helyet sp\u00f3rol. Bizonytalan abban, hogy \u00e1ll\u00edtva vagy fektetve? Nem kell ezen t\u00f6rnie a fej\u00e9t, mi megoldjuk a szakszer\u0171 t\u00e1rol\u00e1st. Nem kell t\u00f6bb\u00e9 sz\u00e9tszerelnie az aut\u00f3t, hogy elf\u00e9rjenek a leszerelt gumiabroncsok. \u00c9lvezze a gondtalan aut\u00f3z\u00e1st \u00e9s a felszabadult helyet &#8230; <a title=\"Gumihotel foglal\u00e1s\" class=\"read-more\" href=\"https:\/\/gumi.hu\/auto-gumi\/gumihotel-foglalas\/\" aria-label=\"Read more about Gumihotel foglal\u00e1s\">Olvass tov\u00e1bb<\/a><\/p>\n","protected":false},"author":21,"featured_media":0,"parent":0,"menu_order":0,"comment_status":"closed","ping_status":"closed","template":"elementor_canvas","meta":{"footnotes":""},"class_list":["post-18715","page","type-page","status-publish"],"yoast_head":"<!-- This site is optimized with the Yoast SEO plugin v26.7 - https:\/\/yoast.com\/wordpress\/plugins\/seo\/ -->\n<title>Gumihotel foglal\u00e1s - Gumi.hu<\/title>\n<meta name=\"robots\" content=\"index, follow, max-snippet:-1, max-image-preview:large, max-video-preview:-1\" \/>\n<link rel=\"canonical\" href=\"https:\/\/gumi.hu\/auto-gumi\/gumihotel-foglalas\/\" \/>\n<meta property=\"og:locale\" content=\"hu_HU\" \/>\n<meta property=\"og:type\" content=\"article\" \/>\n<meta property=\"og:title\" content=\"Gumihotel foglal\u00e1s - Gumi.hu\" \/>\n<meta property=\"og:description\" content=\"GUMIHOTEL A gumihotel nem csak k\u00e9nyelmes, hanem okos d\u00f6nt\u00e9s is. Nem kell otthon t\u00e1rolnia a kerekeket, \u00edgy helyet sp\u00f3rol. Bizonytalan abban, hogy \u00e1ll\u00edtva vagy fektetve? Nem kell ezen t\u00f6rnie a fej\u00e9t, mi megoldjuk a szakszer\u0171 t\u00e1rol\u00e1st. Nem kell t\u00f6bb\u00e9 sz\u00e9tszerelnie az aut\u00f3t, hogy elf\u00e9rjenek a leszerelt gumiabroncsok. \u00c9lvezze a gondtalan aut\u00f3z\u00e1st \u00e9s a felszabadult helyet ... Olvass tov\u00e1bb\" \/>\n<meta property=\"og:url\" content=\"https:\/\/gumi.hu\/auto-gumi\/gumihotel-foglalas\/\" \/>\n<meta property=\"og:site_name\" content=\"Gumi.hu\" \/>\n<meta property=\"article:publisher\" content=\"https:\/\/www.facebook.com\/akhautoszerviz\/\" \/>\n<meta property=\"article:modified_time\" content=\"2026-04-14T11:11:25+00:00\" \/>\n<meta property=\"og:image\" content=\"https:\/\/gumi.hu\/auto-gumi\/wp-content\/uploads\/2021\/12\/cropped-gumi.hulogo.png\" \/>\n\t<meta property=\"og:image:width\" content=\"597\" \/>\n\t<meta property=\"og:image:height\" content=\"256\" \/>\n\t<meta property=\"og:image:type\" content=\"image\/png\" \/>\n<meta name=\"twitter:card\" content=\"summary_large_image\" \/>\n<meta name=\"twitter:label1\" content=\"Becs\u00fclt olvas\u00e1si id\u0151\" \/>\n\t<meta name=\"twitter:data1\" content=\"2 perc\" \/>\n<script type=\"application\/ld+json\" class=\"yoast-schema-graph\">{\"@context\":\"https:\/\/schema.org\",\"@graph\":[{\"@type\":\"WebPage\",\"@id\":\"https:\/\/gumi.hu\/auto-gumi\/gumihotel-foglalas\/\",\"url\":\"https:\/\/gumi.hu\/auto-gumi\/gumihotel-foglalas\/\",\"name\":\"Gumihotel foglal\u00e1s - Gumi.hu\",\"isPartOf\":{\"@id\":\"https:\/\/gumi.hu\/auto-gumi\/#website\"},\"primaryImageOfPage\":{\"@id\":\"https:\/\/gumi.hu\/auto-gumi\/gumihotel-foglalas\/#primaryimage\"},\"image\":{\"@id\":\"https:\/\/gumi.hu\/auto-gumi\/gumihotel-foglalas\/#primaryimage\"},\"thumbnailUrl\":\"https:\/\/gumi.hu\/auto-gumi\/wp-content\/uploads\/2021\/12\/cropped-gumi.hulogo.png\",\"datePublished\":\"2026-04-08T11:41:51+00:00\",\"dateModified\":\"2026-04-14T11:11:25+00:00\",\"breadcrumb\":{\"@id\":\"https:\/\/gumi.hu\/auto-gumi\/gumihotel-foglalas\/#breadcrumb\"},\"inLanguage\":\"hu\",\"potentialAction\":[{\"@type\":\"ReadAction\",\"target\":[\"https:\/\/gumi.hu\/auto-gumi\/gumihotel-foglalas\/\"]}]},{\"@type\":\"ImageObject\",\"inLanguage\":\"hu\",\"@id\":\"https:\/\/gumi.hu\/auto-gumi\/gumihotel-foglalas\/#primaryimage\",\"url\":\"https:\/\/gumi.hu\/auto-gumi\/wp-content\/uploads\/2021\/12\/cropped-gumi.hulogo.png\",\"contentUrl\":\"https:\/\/gumi.hu\/auto-gumi\/wp-content\/uploads\/2021\/12\/cropped-gumi.hulogo.png\",\"width\":597,\"height\":256},{\"@type\":\"BreadcrumbList\",\"@id\":\"https:\/\/gumi.hu\/auto-gumi\/gumihotel-foglalas\/#breadcrumb\",\"itemListElement\":[{\"@type\":\"ListItem\",\"position\":1,\"name\":\"Kezd\u0151lap\",\"item\":\"https:\/\/gumi.hu\/auto-gumi\/\"},{\"@type\":\"ListItem\",\"position\":2,\"name\":\"Gumihotel foglal\u00e1s\"}]},{\"@type\":\"WebSite\",\"@id\":\"https:\/\/gumi.hu\/auto-gumi\/#website\",\"url\":\"https:\/\/gumi.hu\/auto-gumi\/\",\"name\":\"Gumi.hu\",\"description\":\"\",\"publisher\":{\"@id\":\"https:\/\/gumi.hu\/auto-gumi\/#organization\"},\"potentialAction\":[{\"@type\":\"SearchAction\",\"target\":{\"@type\":\"EntryPoint\",\"urlTemplate\":\"https:\/\/gumi.hu\/auto-gumi\/?s={search_term_string}\"},\"query-input\":{\"@type\":\"PropertyValueSpecification\",\"valueRequired\":true,\"valueName\":\"search_term_string\"}}],\"inLanguage\":\"hu\"},{\"@type\":\"Organization\",\"@id\":\"https:\/\/gumi.hu\/auto-gumi\/#organization\",\"name\":\"Gumi.hu\",\"url\":\"https:\/\/gumi.hu\/auto-gumi\/\",\"logo\":{\"@type\":\"ImageObject\",\"inLanguage\":\"hu\",\"@id\":\"https:\/\/gumi.hu\/auto-gumi\/#\/schema\/logo\/image\/\",\"url\":\"https:\/\/gumi.hu\/auto-gumi\/wp-content\/uploads\/2021\/12\/cropped-gumi.hulogo.png\",\"contentUrl\":\"https:\/\/gumi.hu\/auto-gumi\/wp-content\/uploads\/2021\/12\/cropped-gumi.hulogo.png\",\"width\":597,\"height\":256,\"caption\":\"Gumi.hu\"},\"image\":{\"@id\":\"https:\/\/gumi.hu\/auto-gumi\/#\/schema\/logo\/image\/\"},\"sameAs\":[\"https:\/\/www.facebook.com\/akhautoszerviz\/\",\"https:\/\/www.instagram.com\/gumi.hu_poweredbyakh\/\",\"https:\/\/www.youtube.com\/channel\/UCyYJ0QGG6gLMXAADVRYY6_w\"]}]}<\/script>\n<!-- \/ Yoast SEO plugin. -->","yoast_head_json":{"title":"Gumihotel foglal\u00e1s - Gumi.hu","robots":{"index":"index","follow":"follow","max-snippet":"max-snippet:-1","max-image-preview":"max-image-preview:large","max-video-preview":"max-video-preview:-1"},"canonical":"https:\/\/gumi.hu\/auto-gumi\/gumihotel-foglalas\/","og_locale":"hu_HU","og_type":"article","og_title":"Gumihotel foglal\u00e1s - Gumi.hu","og_description":"GUMIHOTEL A gumihotel nem csak k\u00e9nyelmes, hanem okos d\u00f6nt\u00e9s is. Nem kell otthon t\u00e1rolnia a kerekeket, \u00edgy helyet sp\u00f3rol. Bizonytalan abban, hogy \u00e1ll\u00edtva vagy fektetve? Nem kell ezen t\u00f6rnie a fej\u00e9t, mi megoldjuk a szakszer\u0171 t\u00e1rol\u00e1st. Nem kell t\u00f6bb\u00e9 sz\u00e9tszerelnie az aut\u00f3t, hogy elf\u00e9rjenek a leszerelt gumiabroncsok. \u00c9lvezze a gondtalan aut\u00f3z\u00e1st \u00e9s a felszabadult helyet ... Olvass tov\u00e1bb","og_url":"https:\/\/gumi.hu\/auto-gumi\/gumihotel-foglalas\/","og_site_name":"Gumi.hu","article_publisher":"https:\/\/www.facebook.com\/akhautoszerviz\/","article_modified_time":"2026-04-14T11:11:25+00:00","og_image":[{"width":597,"height":256,"url":"https:\/\/gumi.hu\/auto-gumi\/wp-content\/uploads\/2021\/12\/cropped-gumi.hulogo.png","type":"image\/png"}],"twitter_card":"summary_large_image","twitter_misc":{"Becs\u00fclt olvas\u00e1si id\u0151":"2 perc"},"schema":{"@context":"https:\/\/schema.org","@graph":[{"@type":"WebPage","@id":"https:\/\/gumi.hu\/auto-gumi\/gumihotel-foglalas\/","url":"https:\/\/gumi.hu\/auto-gumi\/gumihotel-foglalas\/","name":"Gumihotel foglal\u00e1s - Gumi.hu","isPartOf":{"@id":"https:\/\/gumi.hu\/auto-gumi\/#website"},"primaryImageOfPage":{"@id":"https:\/\/gumi.hu\/auto-gumi\/gumihotel-foglalas\/#primaryimage"},"image":{"@id":"https:\/\/gumi.hu\/auto-gumi\/gumihotel-foglalas\/#primaryimage"},"thumbnailUrl":"https:\/\/gumi.hu\/auto-gumi\/wp-content\/uploads\/2021\/12\/cropped-gumi.hulogo.png","datePublished":"2026-04-08T11:41:51+00:00","dateModified":"2026-04-14T11:11:25+00:00","breadcrumb":{"@id":"https:\/\/gumi.hu\/auto-gumi\/gumihotel-foglalas\/#breadcrumb"},"inLanguage":"hu","potentialAction":[{"@type":"ReadAction","target":["https:\/\/gumi.hu\/auto-gumi\/gumihotel-foglalas\/"]}]},{"@type":"ImageObject","inLanguage":"hu","@id":"https:\/\/gumi.hu\/auto-gumi\/gumihotel-foglalas\/#primaryimage","url":"https:\/\/gumi.hu\/auto-gumi\/wp-content\/uploads\/2021\/12\/cropped-gumi.hulogo.png","contentUrl":"https:\/\/gumi.hu\/auto-gumi\/wp-content\/uploads\/2021\/12\/cropped-gumi.hulogo.png","width":597,"height":256},{"@type":"BreadcrumbList","@id":"https:\/\/gumi.hu\/auto-gumi\/gumihotel-foglalas\/#breadcrumb","itemListElement":[{"@type":"ListItem","position":1,"name":"Kezd\u0151lap","item":"https:\/\/gumi.hu\/auto-gumi\/"},{"@type":"ListItem","position":2,"name":"Gumihotel foglal\u00e1s"}]},{"@type":"WebSite","@id":"https:\/\/gumi.hu\/auto-gumi\/#website","url":"https:\/\/gumi.hu\/auto-gumi\/","name":"Gumi.hu","description":"","publisher":{"@id":"https:\/\/gumi.hu\/auto-gumi\/#organization"},"potentialAction":[{"@type":"SearchAction","target":{"@type":"EntryPoint","urlTemplate":"https:\/\/gumi.hu\/auto-gumi\/?s={search_term_string}"},"query-input":{"@type":"PropertyValueSpecification","valueRequired":true,"valueName":"search_term_string"}}],"inLanguage":"hu"},{"@type":"Organization","@id":"https:\/\/gumi.hu\/auto-gumi\/#organization","name":"Gumi.hu","url":"https:\/\/gumi.hu\/auto-gumi\/","logo":{"@type":"ImageObject","inLanguage":"hu","@id":"https:\/\/gumi.hu\/auto-gumi\/#\/schema\/logo\/image\/","url":"https:\/\/gumi.hu\/auto-gumi\/wp-content\/uploads\/2021\/12\/cropped-gumi.hulogo.png","contentUrl":"https:\/\/gumi.hu\/auto-gumi\/wp-content\/uploads\/2021\/12\/cropped-gumi.hulogo.png","width":597,"height":256,"caption":"Gumi.hu"},"image":{"@id":"https:\/\/gumi.hu\/auto-gumi\/#\/schema\/logo\/image\/"},"sameAs":["https:\/\/www.facebook.com\/akhautoszerviz\/","https:\/\/www.instagram.com\/gumi.hu_poweredbyakh\/","https:\/\/www.youtube.com\/channel\/UCyYJ0QGG6gLMXAADVRYY6_w"]}]}},"_links":{"self":[{"href":"https:\/\/gumi.hu\/auto-gumi\/wp-json\/wp\/v2\/pages\/18715","targetHints":{"allow":["GET"]}}],"collection":[{"href":"https:\/\/gumi.hu\/auto-gumi\/wp-json\/wp\/v2\/pages"}],"about":[{"href":"https:\/\/gumi.hu\/auto-gumi\/wp-json\/wp\/v2\/types\/page"}],"author":[{"embeddable":true,"href":"https:\/\/gumi.hu\/auto-gumi\/wp-json\/wp\/v2\/users\/21"}],"replies":[{"embeddable":true,"href":"https:\/\/gumi.hu\/auto-gumi\/wp-json\/wp\/v2\/comments?post=18715"}],"version-history":[{"count":47,"href":"https:\/\/gumi.hu\/auto-gumi\/wp-json\/wp\/v2\/pages\/18715\/revisions"}],"predecessor-version":[{"id":18820,"href":"https:\/\/gumi.hu\/auto-gumi\/wp-json\/wp\/v2\/pages\/18715\/revisions\/18820"}],"wp:attachment":[{"href":"https:\/\/gumi.hu\/auto-gumi\/wp-json\/wp\/v2\/media?parent=18715"}],"curies":[{"name":"wp","href":"https:\/\/api.w.org\/{rel}","templated":true}]}}