{"id":18772,"date":"2026-04-14T14:25:01","date_gmt":"2026-04-14T13:25:01","guid":{"rendered":"https:\/\/gumi.hu\/auto-gumi\/?page_id=18772"},"modified":"2026-04-17T08:16:30","modified_gmt":"2026-04-17T07:16:30","slug":"fizessen-reszletben-es-nyerjen","status":"publish","type":"page","link":"https:\/\/gumi.hu\/auto-gumi\/fizessen-reszletben-es-nyerjen\/","title":{"rendered":"fizessen r\u00e9szletben \u00e9s nyerjen"},"content":{"rendered":"\t\t<div data-elementor-type=\"wp-page\" data-elementor-id=\"18772\" class=\"elementor elementor-18772\">\n\t\t\t\t\t\t<section class=\"elementor-section elementor-top-section elementor-element elementor-element-53e45b60 elementor-section-full_width elementor-section-height-min-height elementor-section-items-stretch elementor-section-content-middle elementor-reverse-tablet elementor-reverse-mobile elementor-section-height-default\" data-id=\"53e45b60\" data-element_type=\"section\" id=\"pontosan\">\n\t\t\t\t\t\t<div class=\"elementor-container elementor-column-gap-no\">\n\t\t\t\t\t<div class=\"elementor-column elementor-col-50 elementor-top-column elementor-element elementor-element-6a40d164\" data-id=\"6a40d164\" data-element_type=\"column\">\n\t\t\t<div class=\"elementor-widget-wrap elementor-element-populated\">\n\t\t\t\t\t\t<div class=\"elementor-element elementor-element-5a77c987 elementor-widget elementor-widget-image\" data-id=\"5a77c987\" data-element_type=\"widget\" data-widget_type=\"image.default\">\n\t\t\t\t<div class=\"elementor-widget-container\">\n\t\t\t\t\t\t\t\t\t\t\t\t\t\t\t<img fetchpriority=\"high\" decoding=\"async\" width=\"900\" height=\"437\" src=\"https:\/\/gumi.hu\/auto-gumi\/wp-content\/uploads\/2022\/07\/gumi_hu-logo-rounded-1024x497.png\" class=\"attachment-large size-large wp-image-16452\" alt=\"\" srcset=\"https:\/\/gumi.hu\/auto-gumi\/wp-content\/uploads\/2022\/07\/gumi_hu-logo-rounded-1024x497.png 1024w, https:\/\/gumi.hu\/auto-gumi\/wp-content\/uploads\/2022\/07\/gumi_hu-logo-rounded-300x146.png 300w, https:\/\/gumi.hu\/auto-gumi\/wp-content\/uploads\/2022\/07\/gumi_hu-logo-rounded-768x373.png 768w, https:\/\/gumi.hu\/auto-gumi\/wp-content\/uploads\/2022\/07\/gumi_hu-logo-rounded.png 1120w\" sizes=\"(max-width: 900px) 100vw, 900px\" \/>\t\t\t\t\t\t\t\t\t\t\t\t\t\t\t<\/div>\n\t\t\t\t<\/div>\n\t\t\t\t<div class=\"elementor-element elementor-element-6d0930a5 elementor-invisible elementor-widget elementor-widget-heading\" data-id=\"6d0930a5\" data-element_type=\"widget\" data-settings=\"{&quot;_animation&quot;:&quot;fadeIn&quot;,&quot;_animation_delay&quot;:200}\" data-widget_type=\"heading.default\">\n\t\t\t\t<div class=\"elementor-widget-container\">\n\t\t\t\t\t<h1 class=\"elementor-heading-title elementor-size-default\">Fizessen r\u00e9szletben \u00e9s vigye el a <b>100.000 Ft<\/b>-os utaz\u00e1si utaLV\u00e1nyt!<\/h1>\t\t\t\t<\/div>\n\t\t\t\t<\/div>\n\t\t\t\t<div class=\"elementor-element elementor-element-7841cb8f elementor-widget elementor-widget-text-editor\" data-id=\"7841cb8f\" data-element_type=\"widget\" data-widget_type=\"text-editor.default\">\n\t\t\t\t<div class=\"elementor-widget-container\">\n\t\t\t\t\t\t\t\t\t<p>V\u00e1lasszon \u00faj gumiabroncsot a <b>Dunlop, Falken, Toyo, Michelin <\/b>vagy <b>Triangle<\/b> m\u00e1rk\u00e1k k\u00f6z\u00fcl, fizessen r\u00e9szletben Instacash vagy Milpay seg\u00edts\u00e9g\u00e9vel \u00e9s m\u00e1ris r\u00e9szt vehet a 100.000 Ft \u00e9rt\u00e9k\u0171 HUNGUEST HOTEL aj\u00e1nd\u00e9kk\u00e1rtya sorsol\u00e1s\u00e1ban.\u00a0<\/p>\t\t\t\t\t\t\t\t<\/div>\n\t\t\t\t<\/div>\n\t\t\t\t<div class=\"elementor-element elementor-element-7175c6b8 elementor-button-success elementor-align-justify elementor-widget elementor-widget-button\" data-id=\"7175c6b8\" data-element_type=\"widget\" data-widget_type=\"button.default\">\n\t\t\t\t<div class=\"elementor-widget-container\">\n\t\t\t\t\t\t\t\t\t<div class=\"elementor-button-wrapper\">\n\t\t\t\t\t<a class=\"elementor-button elementor-button-link elementor-size-sm\" href=\"https:\/\/gumi.hu\/autogumi?brand=dunlop%2Cfalken%2Cmichelin%2Ctoyo%2Ctriangle&#038;season=N\" target=\"_blank\" rel=\"nofollow\">\n\t\t\t\t\t\t<span class=\"elementor-button-content-wrapper\">\n\t\t\t\t\t\t\t\t\t<span class=\"elementor-button-text\">Ny\u00e1ri gumit v\u00e1lasztok<\/span>\n\t\t\t\t\t<\/span>\n\t\t\t\t\t<\/a>\n\t\t\t\t<\/div>\n\t\t\t\t\t\t\t\t<\/div>\n\t\t\t\t<\/div>\n\t\t\t\t<div class=\"elementor-element elementor-element-7909c3c elementor-button-success elementor-align-justify elementor-widget elementor-widget-button\" data-id=\"7909c3c\" data-element_type=\"widget\" data-widget_type=\"button.default\">\n\t\t\t\t<div class=\"elementor-widget-container\">\n\t\t\t\t\t\t\t\t\t<div class=\"elementor-button-wrapper\">\n\t\t\t\t\t<a class=\"elementor-button elementor-button-link elementor-size-sm\" href=\"https:\/\/gumi.hu\/autogumi?brand=dunlop%2Cfalken%2Cmichelin%2Ctoyo%2Ctriangle&#038;season=NEGY\" target=\"_blank\" rel=\"nofollow\">\n\t\t\t\t\t\t<span class=\"elementor-button-content-wrapper\">\n\t\t\t\t\t\t\t\t\t<span class=\"elementor-button-text\">N\u00e9gy\u00e9vszakos gumit v\u00e1lasztok<\/span>\n\t\t\t\t\t<\/span>\n\t\t\t\t\t<\/a>\n\t\t\t\t<\/div>\n\t\t\t\t\t\t\t\t<\/div>\n\t\t\t\t<\/div>\n\t\t\t\t<div class=\"elementor-element elementor-element-750b1fa elementor-button-success elementor-align-justify elementor-widget elementor-widget-button\" data-id=\"750b1fa\" data-element_type=\"widget\" data-widget_type=\"button.default\">\n\t\t\t\t<div class=\"elementor-widget-container\">\n\t\t\t\t\t\t\t\t\t<div class=\"elementor-button-wrapper\">\n\t\t\t\t\t<a class=\"elementor-button elementor-button-link elementor-size-sm\" href=\"https:\/\/gumi.hu\/autogumi?brand=dunlop%2Cfalken%2Cmichelin%2Ctoyo%2Ctriangle&#038;season=T\" target=\"_blank\" rel=\"nofollow\">\n\t\t\t\t\t\t<span class=\"elementor-button-content-wrapper\">\n\t\t\t\t\t\t\t\t\t<span class=\"elementor-button-text\">T\u00e9li gumit v\u00e1lasztok<\/span>\n\t\t\t\t\t<\/span>\n\t\t\t\t\t<\/a>\n\t\t\t\t<\/div>\n\t\t\t\t\t\t\t\t<\/div>\n\t\t\t\t<\/div>\n\t\t\t\t<div class=\"elementor-element elementor-element-fb3fc22 elementor-widget elementor-widget-text-editor\" data-id=\"fb3fc22\" data-element_type=\"widget\" data-widget_type=\"text-editor.default\">\n\t\t\t\t<div class=\"elementor-widget-container\">\n\t\t\t\t\t\t\t\t\t<p><span style=\"letter-spacing: 0px;\"><b>A<\/b><\/span><b style=\"letter-spacing: 0px;\"> prom\u00f3ci\u00f3 id\u0151tartama:\u00a0 2026. \u00e1prilis 15. &#8211; m\u00e1jus 15.<\/b><\/p><section dir=\"auto\" data-turn-id=\"9eab29ef-28ce-4aed-b70f-1d566153b8a4\" data-testid=\"conversation-turn-1\" data-scroll-anchor=\"false\" data-turn=\"user\"><\/section><section dir=\"auto\" data-turn-id=\"request-WEB:50a1bd8e-8a2f-400d-81ca-7cc0ddec51f1-0\" data-testid=\"conversation-turn-2\" data-scroll-anchor=\"true\" data-turn=\"assistant\"><div><div><div><div dir=\"auto\" tabindex=\"0\" data-message-author-role=\"assistant\" data-message-id=\"81627483-e4a9-4dfb-9593-2899f0d08589\" data-message-model-slug=\"gpt-5-3\" data-turn-start-message=\"true\"><div><div><p data-start=\"0\" data-end=\"181\" data-is-last-node=\"\" data-is-only-node=\"\">Amennyiben ebben az id\u0151szakban a gumi.hu oldal\u00e1n v\u00e1s\u00e1rolt a megjel\u00f6lt m\u00e1rk\u00e1k valamelyik\u00e9b\u0151l, \u00e9s fizet\u00e9s sor\u00e1n a r\u00e9szletfizet\u00e9st (Instacash vagy Milpay) v\u00e1lasztotta, automatikusan r\u00e9szt vesz a sorsol\u00e1son.<\/p><\/div><\/div><\/div><\/div><\/div><\/div><\/section>\t\t\t\t\t\t\t\t<\/div>\n\t\t\t\t<\/div>\n\t\t\t\t<div class=\"elementor-element elementor-element-d104339 elementor-widget elementor-widget-image\" data-id=\"d104339\" data-element_type=\"widget\" data-widget_type=\"image.default\">\n\t\t\t\t<div class=\"elementor-widget-container\">\n\t\t\t\t\t\t\t\t\t\t\t\t\t\t\t<img fetchpriority=\"high\" decoding=\"async\" width=\"900\" height=\"437\" src=\"https:\/\/gumi.hu\/auto-gumi\/wp-content\/uploads\/2022\/07\/gumi_hu-logo-rounded-1024x497.png\" class=\"attachment-large size-large wp-image-16452\" alt=\"\" srcset=\"https:\/\/gumi.hu\/auto-gumi\/wp-content\/uploads\/2022\/07\/gumi_hu-logo-rounded-1024x497.png 1024w, https:\/\/gumi.hu\/auto-gumi\/wp-content\/uploads\/2022\/07\/gumi_hu-logo-rounded-300x146.png 300w, https:\/\/gumi.hu\/auto-gumi\/wp-content\/uploads\/2022\/07\/gumi_hu-logo-rounded-768x373.png 768w, https:\/\/gumi.hu\/auto-gumi\/wp-content\/uploads\/2022\/07\/gumi_hu-logo-rounded.png 1120w\" sizes=\"(max-width: 900px) 100vw, 900px\" \/>\t\t\t\t\t\t\t\t\t\t\t\t\t\t\t<\/div>\n\t\t\t\t<\/div>\n\t\t\t\t\t<\/div>\n\t\t<\/div>\n\t\t\t\t<div class=\"elementor-column elementor-col-50 elementor-top-column elementor-element elementor-element-7b6f9ac3\" data-id=\"7b6f9ac3\" data-element_type=\"column\" data-settings=\"{&quot;background_background&quot;:&quot;classic&quot;}\">\n\t\t\t<div class=\"elementor-widget-wrap elementor-element-populated\">\n\t\t\t\t\t<div class=\"elementor-background-overlay\"><\/div>\n\t\t\t\t\t\t<div class=\"elementor-element elementor-element-75fcf20d elementor-widget elementor-widget-image\" data-id=\"75fcf20d\" data-element_type=\"widget\" data-widget_type=\"image.default\">\n\t\t\t\t<div class=\"elementor-widget-container\">\n\t\t\t\t\t\t\t\t\t\t\t\t\t\t\t<img decoding=\"async\" width=\"250\" height=\"600\" src=\"https:\/\/gumi.hu\/auto-gumi\/wp-content\/uploads\/2026\/04\/listaold_banner_250x600.jpg\" class=\"attachment-full size-full wp-image-18848\" alt=\"listaold banner 250x600\" srcset=\"https:\/\/gumi.hu\/auto-gumi\/wp-content\/uploads\/2026\/04\/listaold_banner_250x600.jpg 250w, https:\/\/gumi.hu\/auto-gumi\/wp-content\/uploads\/2026\/04\/listaold_banner_250x600-125x300.jpg 125w\" sizes=\"(max-width: 250px) 100vw, 250px\" \/>\t\t\t\t\t\t\t\t\t\t\t\t\t\t\t<\/div>\n\t\t\t\t<\/div>\n\t\t\t\t\t<\/div>\n\t\t<\/div>\n\t\t\t\t\t<\/div>\n\t\t<\/section>\n\t\t\t\t<section class=\"elementor-section elementor-top-section elementor-element elementor-element-75e02d0 elementor-section-full_width elementor-section-height-min-height elementor-section-items-stretch elementor-section-content-middle elementor-reverse-tablet elementor-reverse-mobile elementor-section-height-default\" data-id=\"75e02d0\" data-element_type=\"section\" data-settings=\"{&quot;background_background&quot;:&quot;classic&quot;}\">\n\t\t\t\t\t\t<div class=\"elementor-container elementor-column-gap-no\">\n\t\t\t\t\t<div class=\"elementor-column elementor-col-50 elementor-top-column elementor-element elementor-element-f3728ba\" data-id=\"f3728ba\" data-element_type=\"column\" data-settings=\"{&quot;background_background&quot;:&quot;classic&quot;}\">\n\t\t\t<div class=\"elementor-widget-wrap elementor-element-populated\">\n\t\t\t\t\t<div class=\"elementor-background-overlay\"><\/div>\n\t\t\t\t\t\t<div class=\"elementor-element elementor-element-47f6c15 elementor-invisible elementor-widget elementor-widget-heading\" data-id=\"47f6c15\" data-element_type=\"widget\" data-settings=\"{&quot;_animation&quot;:&quot;fadeIn&quot;,&quot;_animation_delay&quot;:200}\" data-widget_type=\"heading.default\">\n\t\t\t\t<div class=\"elementor-widget-container\">\n\t\t\t\t\t<h1 class=\"elementor-heading-title elementor-size-default\">V\u00e1lassza <b>instacash<\/b> vagy <b>milpay r\u00e9szletfizet\u00e9si<\/b> szolg\u00e1ltat\u00e1st<\/h1>\t\t\t\t<\/div>\n\t\t\t\t<\/div>\n\t\t\t\t\t<\/div>\n\t\t<\/div>\n\t\t\t\t<div class=\"elementor-column elementor-col-50 elementor-top-column elementor-element elementor-element-051615f\" data-id=\"051615f\" data-element_type=\"column\">\n\t\t\t<div class=\"elementor-widget-wrap elementor-element-populated\">\n\t\t\t\t\t\t<div class=\"elementor-element elementor-element-f672f14 elementor-invisible elementor-widget elementor-widget-heading\" data-id=\"f672f14\" data-element_type=\"widget\" data-settings=\"{&quot;_animation&quot;:&quot;fadeIn&quot;,&quot;_animation_delay&quot;:200}\" data-widget_type=\"heading.default\">\n\t\t\t\t<div class=\"elementor-widget-container\">\n\t\t\t\t\t<h2 class=\"elementor-heading-title elementor-size-default\">7  perc alatt, azonnali b\u00edr\u00e1lattal <\/h2>\t\t\t\t<\/div>\n\t\t\t\t<\/div>\n\t\t\t\t<div class=\"elementor-element elementor-element-d8a0450 elementor-widget elementor-widget-video\" data-id=\"d8a0450\" data-element_type=\"widget\" data-settings=\"{&quot;youtube_url&quot;:&quot;https:\\\/\\\/youtu.be\\\/w_QIvizi-kg&quot;,&quot;video_type&quot;:&quot;youtube&quot;,&quot;controls&quot;:&quot;yes&quot;}\" data-widget_type=\"video.default\">\n\t\t\t\t<div class=\"elementor-widget-container\">\n\t\t\t\t\t\t\t<div class=\"elementor-wrapper elementor-open-inline\">\n\t\t\t<div class=\"elementor-video\"><\/div>\t\t<\/div>\n\t\t\t\t\t\t<\/div>\n\t\t\t\t<\/div>\n\t\t\t\t<div class=\"elementor-element elementor-element-82f7bcf elementor-button-success elementor-align-center elementor-mobile-align-center elementor-widget elementor-widget-button\" data-id=\"82f7bcf\" data-element_type=\"widget\" data-widget_type=\"button.default\">\n\t\t\t\t<div class=\"elementor-widget-container\">\n\t\t\t\t\t\t\t\t\t<div class=\"elementor-button-wrapper\">\n\t\t\t\t\t<a class=\"elementor-button elementor-button-link elementor-size-sm\" href=\"https:\/\/gumi.hu\/auto-gumi\/reszletfizetes\/\" target=\"_blank\" rel=\"nofollow\">\n\t\t\t\t\t\t<span class=\"elementor-button-content-wrapper\">\n\t\t\t\t\t\t\t\t\t<span class=\"elementor-button-text\">Tov\u00e1bbi r\u00e9szletek a r\u00e9szletfizet\u00e9sr\u0151l<\/span>\n\t\t\t\t\t<\/span>\n\t\t\t\t\t<\/a>\n\t\t\t\t<\/div>\n\t\t\t\t\t\t\t\t<\/div>\n\t\t\t\t<\/div>\n\t\t\t\t\t<\/div>\n\t\t<\/div>\n\t\t\t\t\t<\/div>\n\t\t<\/section>\n\t\t\t\t<section class=\"elementor-section elementor-top-section elementor-element elementor-element-737ca8f elementor-section-boxed elementor-section-height-default elementor-section-height-default\" data-id=\"737ca8f\" data-element_type=\"section\" data-settings=\"{&quot;background_background&quot;:&quot;classic&quot;}\">\n\t\t\t\t\t\t<div class=\"elementor-container elementor-column-gap-default\">\n\t\t\t\t\t<div class=\"elementor-column elementor-col-100 elementor-top-column elementor-element elementor-element-b1b967f\" data-id=\"b1b967f\" data-element_type=\"column\">\n\t\t\t<div class=\"elementor-widget-wrap elementor-element-populated\">\n\t\t\t\t\t\t<div class=\"elementor-element elementor-element-1ecac06 elementor-widget elementor-widget-text-editor\" data-id=\"1ecac06\" data-element_type=\"widget\" data-widget_type=\"text-editor.default\">\n\t\t\t\t<div class=\"elementor-widget-container\">\n\t\t\t\t\t\t\t\t\t<p>\u00a9 gumi.hu. Minden jog fenntartva!<\/p>\t\t\t\t\t\t\t\t<\/div>\n\t\t\t\t<\/div>\n\t\t\t\t\t<\/div>\n\t\t<\/div>\n\t\t\t\t\t<\/div>\n\t\t<\/section>\n\t\t\t\t<\/div>\n\t\t","protected":false},"excerpt":{"rendered":"<p>Fizessen r\u00e9szletben \u00e9s vigye el a 100.000 Ft-os utaz\u00e1si utaLV\u00e1nyt! V\u00e1lasszon \u00faj gumiabroncsot a Dunlop, Falken, Toyo, Michelin vagy Triangle m\u00e1rk\u00e1k k\u00f6z\u00fcl, fizessen r\u00e9szletben Instacash vagy Milpay seg\u00edts\u00e9g\u00e9vel \u00e9s m\u00e1ris r\u00e9szt vehet a 100.000 Ft \u00e9rt\u00e9k\u0171 HUNGUEST HOTEL aj\u00e1nd\u00e9kk\u00e1rtya sorsol\u00e1s\u00e1ban.\u00a0 Ny\u00e1ri gumit v\u00e1lasztok N\u00e9gy\u00e9vszakos gumit v\u00e1lasztok T\u00e9li gumit v\u00e1lasztok A prom\u00f3ci\u00f3 id\u0151tartama:\u00a0 2026. \u00e1prilis 15. &#8230; <a title=\"fizessen r\u00e9szletben \u00e9s nyerjen\" class=\"read-more\" href=\"https:\/\/gumi.hu\/auto-gumi\/fizessen-reszletben-es-nyerjen\/\" aria-label=\"Read more about fizessen r\u00e9szletben \u00e9s nyerjen\">Olvass tov\u00e1bb<\/a><\/p>\n","protected":false},"author":21,"featured_media":0,"parent":0,"menu_order":0,"comment_status":"closed","ping_status":"closed","template":"","meta":{"footnotes":""},"class_list":["post-18772","page","type-page","status-publish"],"yoast_head":"<!-- This site is optimized with the Yoast SEO plugin v26.7 - https:\/\/yoast.com\/wordpress\/plugins\/seo\/ -->\n<title>fizessen r\u00e9szletben \u00e9s nyerjen - Gumi.hu<\/title>\n<meta name=\"robots\" content=\"index, follow, max-snippet:-1, max-image-preview:large, max-video-preview:-1\" \/>\n<link rel=\"canonical\" href=\"https:\/\/gumi.hu\/auto-gumi\/fizessen-reszletben-es-nyerjen\/\" \/>\n<meta property=\"og:locale\" content=\"hu_HU\" \/>\n<meta property=\"og:type\" content=\"article\" \/>\n<meta property=\"og:title\" content=\"fizessen r\u00e9szletben \u00e9s nyerjen - Gumi.hu\" \/>\n<meta property=\"og:description\" content=\"Fizessen r\u00e9szletben \u00e9s vigye el a 100.000 Ft-os utaz\u00e1si utaLV\u00e1nyt! V\u00e1lasszon \u00faj gumiabroncsot a Dunlop, Falken, Toyo, Michelin vagy Triangle m\u00e1rk\u00e1k k\u00f6z\u00fcl, fizessen r\u00e9szletben Instacash vagy Milpay seg\u00edts\u00e9g\u00e9vel \u00e9s m\u00e1ris r\u00e9szt vehet a 100.000 Ft \u00e9rt\u00e9k\u0171 HUNGUEST HOTEL aj\u00e1nd\u00e9kk\u00e1rtya sorsol\u00e1s\u00e1ban.\u00a0 Ny\u00e1ri gumit v\u00e1lasztok N\u00e9gy\u00e9vszakos gumit v\u00e1lasztok T\u00e9li gumit v\u00e1lasztok A prom\u00f3ci\u00f3 id\u0151tartama:\u00a0 2026. \u00e1prilis 15. ... Olvass tov\u00e1bb\" \/>\n<meta property=\"og:url\" content=\"https:\/\/gumi.hu\/auto-gumi\/fizessen-reszletben-es-nyerjen\/\" \/>\n<meta property=\"og:site_name\" content=\"Gumi.hu\" \/>\n<meta property=\"article:publisher\" content=\"https:\/\/www.facebook.com\/akhautoszerviz\/\" \/>\n<meta property=\"article:modified_time\" content=\"2026-04-17T07:16:30+00:00\" \/>\n<meta property=\"og:image\" content=\"https:\/\/gumi.hu\/auto-gumi\/wp-content\/uploads\/2022\/07\/gumi_hu-logo-rounded.png\" \/>\n\t<meta property=\"og:image:width\" content=\"1120\" \/>\n\t<meta property=\"og:image:height\" content=\"544\" \/>\n\t<meta property=\"og:image:type\" content=\"image\/png\" \/>\n<meta name=\"twitter:card\" content=\"summary_large_image\" \/>\n<meta name=\"twitter:label1\" content=\"Becs\u00fclt olvas\u00e1si id\u0151\" \/>\n\t<meta name=\"twitter:data1\" content=\"2 perc\" \/>\n<script type=\"application\/ld+json\" class=\"yoast-schema-graph\">{\"@context\":\"https:\/\/schema.org\",\"@graph\":[{\"@type\":\"WebPage\",\"@id\":\"https:\/\/gumi.hu\/auto-gumi\/fizessen-reszletben-es-nyerjen\/\",\"url\":\"https:\/\/gumi.hu\/auto-gumi\/fizessen-reszletben-es-nyerjen\/\",\"name\":\"fizessen r\u00e9szletben \u00e9s nyerjen - Gumi.hu\",\"isPartOf\":{\"@id\":\"https:\/\/gumi.hu\/auto-gumi\/#website\"},\"primaryImageOfPage\":{\"@id\":\"https:\/\/gumi.hu\/auto-gumi\/fizessen-reszletben-es-nyerjen\/#primaryimage\"},\"image\":{\"@id\":\"https:\/\/gumi.hu\/auto-gumi\/fizessen-reszletben-es-nyerjen\/#primaryimage\"},\"thumbnailUrl\":\"https:\/\/gumi.hu\/auto-gumi\/wp-content\/uploads\/2022\/07\/gumi_hu-logo-rounded-1024x497.png\",\"datePublished\":\"2026-04-14T13:25:01+00:00\",\"dateModified\":\"2026-04-17T07:16:30+00:00\",\"breadcrumb\":{\"@id\":\"https:\/\/gumi.hu\/auto-gumi\/fizessen-reszletben-es-nyerjen\/#breadcrumb\"},\"inLanguage\":\"hu\",\"potentialAction\":[{\"@type\":\"ReadAction\",\"target\":[\"https:\/\/gumi.hu\/auto-gumi\/fizessen-reszletben-es-nyerjen\/\"]}]},{\"@type\":\"ImageObject\",\"inLanguage\":\"hu\",\"@id\":\"https:\/\/gumi.hu\/auto-gumi\/fizessen-reszletben-es-nyerjen\/#primaryimage\",\"url\":\"https:\/\/gumi.hu\/auto-gumi\/wp-content\/uploads\/2022\/07\/gumi_hu-logo-rounded.png\",\"contentUrl\":\"https:\/\/gumi.hu\/auto-gumi\/wp-content\/uploads\/2022\/07\/gumi_hu-logo-rounded.png\",\"width\":1120,\"height\":544},{\"@type\":\"BreadcrumbList\",\"@id\":\"https:\/\/gumi.hu\/auto-gumi\/fizessen-reszletben-es-nyerjen\/#breadcrumb\",\"itemListElement\":[{\"@type\":\"ListItem\",\"position\":1,\"name\":\"Kezd\u0151lap\",\"item\":\"https:\/\/gumi.hu\/auto-gumi\/\"},{\"@type\":\"ListItem\",\"position\":2,\"name\":\"fizessen r\u00e9szletben \u00e9s nyerjen\"}]},{\"@type\":\"WebSite\",\"@id\":\"https:\/\/gumi.hu\/auto-gumi\/#website\",\"url\":\"https:\/\/gumi.hu\/auto-gumi\/\",\"name\":\"Gumi.hu\",\"description\":\"\",\"publisher\":{\"@id\":\"https:\/\/gumi.hu\/auto-gumi\/#organization\"},\"potentialAction\":[{\"@type\":\"SearchAction\",\"target\":{\"@type\":\"EntryPoint\",\"urlTemplate\":\"https:\/\/gumi.hu\/auto-gumi\/?s={search_term_string}\"},\"query-input\":{\"@type\":\"PropertyValueSpecification\",\"valueRequired\":true,\"valueName\":\"search_term_string\"}}],\"inLanguage\":\"hu\"},{\"@type\":\"Organization\",\"@id\":\"https:\/\/gumi.hu\/auto-gumi\/#organization\",\"name\":\"Gumi.hu\",\"url\":\"https:\/\/gumi.hu\/auto-gumi\/\",\"logo\":{\"@type\":\"ImageObject\",\"inLanguage\":\"hu\",\"@id\":\"https:\/\/gumi.hu\/auto-gumi\/#\/schema\/logo\/image\/\",\"url\":\"https:\/\/gumi.hu\/auto-gumi\/wp-content\/uploads\/2021\/12\/cropped-gumi.hulogo.png\",\"contentUrl\":\"https:\/\/gumi.hu\/auto-gumi\/wp-content\/uploads\/2021\/12\/cropped-gumi.hulogo.png\",\"width\":597,\"height\":256,\"caption\":\"Gumi.hu\"},\"image\":{\"@id\":\"https:\/\/gumi.hu\/auto-gumi\/#\/schema\/logo\/image\/\"},\"sameAs\":[\"https:\/\/www.facebook.com\/akhautoszerviz\/\",\"https:\/\/www.instagram.com\/gumi.hu_poweredbyakh\/\",\"https:\/\/www.youtube.com\/channel\/UCyYJ0QGG6gLMXAADVRYY6_w\"]}]}<\/script>\n<!-- \/ Yoast SEO plugin. -->","yoast_head_json":{"title":"fizessen r\u00e9szletben \u00e9s nyerjen - Gumi.hu","robots":{"index":"index","follow":"follow","max-snippet":"max-snippet:-1","max-image-preview":"max-image-preview:large","max-video-preview":"max-video-preview:-1"},"canonical":"https:\/\/gumi.hu\/auto-gumi\/fizessen-reszletben-es-nyerjen\/","og_locale":"hu_HU","og_type":"article","og_title":"fizessen r\u00e9szletben \u00e9s nyerjen - Gumi.hu","og_description":"Fizessen r\u00e9szletben \u00e9s vigye el a 100.000 Ft-os utaz\u00e1si utaLV\u00e1nyt! V\u00e1lasszon \u00faj gumiabroncsot a Dunlop, Falken, Toyo, Michelin vagy Triangle m\u00e1rk\u00e1k k\u00f6z\u00fcl, fizessen r\u00e9szletben Instacash vagy Milpay seg\u00edts\u00e9g\u00e9vel \u00e9s m\u00e1ris r\u00e9szt vehet a 100.000 Ft \u00e9rt\u00e9k\u0171 HUNGUEST HOTEL aj\u00e1nd\u00e9kk\u00e1rtya sorsol\u00e1s\u00e1ban.\u00a0 Ny\u00e1ri gumit v\u00e1lasztok N\u00e9gy\u00e9vszakos gumit v\u00e1lasztok T\u00e9li gumit v\u00e1lasztok A prom\u00f3ci\u00f3 id\u0151tartama:\u00a0 2026. \u00e1prilis 15. ... Olvass tov\u00e1bb","og_url":"https:\/\/gumi.hu\/auto-gumi\/fizessen-reszletben-es-nyerjen\/","og_site_name":"Gumi.hu","article_publisher":"https:\/\/www.facebook.com\/akhautoszerviz\/","article_modified_time":"2026-04-17T07:16:30+00:00","og_image":[{"width":1120,"height":544,"url":"https:\/\/gumi.hu\/auto-gumi\/wp-content\/uploads\/2022\/07\/gumi_hu-logo-rounded.png","type":"image\/png"}],"twitter_card":"summary_large_image","twitter_misc":{"Becs\u00fclt olvas\u00e1si id\u0151":"2 perc"},"schema":{"@context":"https:\/\/schema.org","@graph":[{"@type":"WebPage","@id":"https:\/\/gumi.hu\/auto-gumi\/fizessen-reszletben-es-nyerjen\/","url":"https:\/\/gumi.hu\/auto-gumi\/fizessen-reszletben-es-nyerjen\/","name":"fizessen r\u00e9szletben \u00e9s nyerjen - Gumi.hu","isPartOf":{"@id":"https:\/\/gumi.hu\/auto-gumi\/#website"},"primaryImageOfPage":{"@id":"https:\/\/gumi.hu\/auto-gumi\/fizessen-reszletben-es-nyerjen\/#primaryimage"},"image":{"@id":"https:\/\/gumi.hu\/auto-gumi\/fizessen-reszletben-es-nyerjen\/#primaryimage"},"thumbnailUrl":"https:\/\/gumi.hu\/auto-gumi\/wp-content\/uploads\/2022\/07\/gumi_hu-logo-rounded-1024x497.png","datePublished":"2026-04-14T13:25:01+00:00","dateModified":"2026-04-17T07:16:30+00:00","breadcrumb":{"@id":"https:\/\/gumi.hu\/auto-gumi\/fizessen-reszletben-es-nyerjen\/#breadcrumb"},"inLanguage":"hu","potentialAction":[{"@type":"ReadAction","target":["https:\/\/gumi.hu\/auto-gumi\/fizessen-reszletben-es-nyerjen\/"]}]},{"@type":"ImageObject","inLanguage":"hu","@id":"https:\/\/gumi.hu\/auto-gumi\/fizessen-reszletben-es-nyerjen\/#primaryimage","url":"https:\/\/gumi.hu\/auto-gumi\/wp-content\/uploads\/2022\/07\/gumi_hu-logo-rounded.png","contentUrl":"https:\/\/gumi.hu\/auto-gumi\/wp-content\/uploads\/2022\/07\/gumi_hu-logo-rounded.png","width":1120,"height":544},{"@type":"BreadcrumbList","@id":"https:\/\/gumi.hu\/auto-gumi\/fizessen-reszletben-es-nyerjen\/#breadcrumb","itemListElement":[{"@type":"ListItem","position":1,"name":"Kezd\u0151lap","item":"https:\/\/gumi.hu\/auto-gumi\/"},{"@type":"ListItem","position":2,"name":"fizessen r\u00e9szletben \u00e9s nyerjen"}]},{"@type":"WebSite","@id":"https:\/\/gumi.hu\/auto-gumi\/#website","url":"https:\/\/gumi.hu\/auto-gumi\/","name":"Gumi.hu","description":"","publisher":{"@id":"https:\/\/gumi.hu\/auto-gumi\/#organization"},"potentialAction":[{"@type":"SearchAction","target":{"@type":"EntryPoint","urlTemplate":"https:\/\/gumi.hu\/auto-gumi\/?s={search_term_string}"},"query-input":{"@type":"PropertyValueSpecification","valueRequired":true,"valueName":"search_term_string"}}],"inLanguage":"hu"},{"@type":"Organization","@id":"https:\/\/gumi.hu\/auto-gumi\/#organization","name":"Gumi.hu","url":"https:\/\/gumi.hu\/auto-gumi\/","logo":{"@type":"ImageObject","inLanguage":"hu","@id":"https:\/\/gumi.hu\/auto-gumi\/#\/schema\/logo\/image\/","url":"https:\/\/gumi.hu\/auto-gumi\/wp-content\/uploads\/2021\/12\/cropped-gumi.hulogo.png","contentUrl":"https:\/\/gumi.hu\/auto-gumi\/wp-content\/uploads\/2021\/12\/cropped-gumi.hulogo.png","width":597,"height":256,"caption":"Gumi.hu"},"image":{"@id":"https:\/\/gumi.hu\/auto-gumi\/#\/schema\/logo\/image\/"},"sameAs":["https:\/\/www.facebook.com\/akhautoszerviz\/","https:\/\/www.instagram.com\/gumi.hu_poweredbyakh\/","https:\/\/www.youtube.com\/channel\/UCyYJ0QGG6gLMXAADVRYY6_w"]}]}},"_links":{"self":[{"href":"https:\/\/gumi.hu\/auto-gumi\/wp-json\/wp\/v2\/pages\/18772","targetHints":{"allow":["GET"]}}],"collection":[{"href":"https:\/\/gumi.hu\/auto-gumi\/wp-json\/wp\/v2\/pages"}],"about":[{"href":"https:\/\/gumi.hu\/auto-gumi\/wp-json\/wp\/v2\/types\/page"}],"author":[{"embeddable":true,"href":"https:\/\/gumi.hu\/auto-gumi\/wp-json\/wp\/v2\/users\/21"}],"replies":[{"embeddable":true,"href":"https:\/\/gumi.hu\/auto-gumi\/wp-json\/wp\/v2\/comments?post=18772"}],"version-history":[{"count":71,"href":"https:\/\/gumi.hu\/auto-gumi\/wp-json\/wp\/v2\/pages\/18772\/revisions"}],"predecessor-version":[{"id":18858,"href":"https:\/\/gumi.hu\/auto-gumi\/wp-json\/wp\/v2\/pages\/18772\/revisions\/18858"}],"wp:attachment":[{"href":"https:\/\/gumi.hu\/auto-gumi\/wp-json\/wp\/v2\/media?parent=18772"}],"curies":[{"name":"wp","href":"https:\/\/api.w.org\/{rel}","templated":true}]}}