{"id":9893,"date":"2022-11-22T11:33:01","date_gmt":"2022-11-22T11:33:01","guid":{"rendered":"https:\/\/gumi.hu\/autogumi\/?page_id=9893"},"modified":"2024-11-13T09:32:02","modified_gmt":"2024-11-13T09:32:02","slug":"triange-tripla-elegedettseg","status":"publish","type":"page","link":"https:\/\/gumi.hu\/auto-gumi\/triange-tripla-elegedettseg\/","title":{"rendered":"Triangle Tripla El\u00e9gedetts\u00e9g"},"content":{"rendered":"\t\t<div data-elementor-type=\"wp-page\" data-elementor-id=\"9893\" class=\"elementor elementor-9893\">\n\t\t\t\t\t\t<section class=\"elementor-section elementor-top-section elementor-element elementor-element-a0e33aa elementor-section-boxed elementor-section-height-default elementor-section-height-default\" data-id=\"a0e33aa\" data-element_type=\"section\" data-settings=\"{&quot;background_background&quot;:&quot;classic&quot;}\">\n\t\t\t\t\t\t<div class=\"elementor-container elementor-column-gap-default\">\n\t\t\t\t\t<div class=\"elementor-column elementor-col-100 elementor-top-column elementor-element elementor-element-77aad4c\" data-id=\"77aad4c\" data-element_type=\"column\">\n\t\t\t<div class=\"elementor-widget-wrap elementor-element-populated\">\n\t\t\t\t\t\t<div class=\"elementor-element elementor-element-2fe40dc7 elementor-widget elementor-widget-html\" data-id=\"2fe40dc7\" data-element_type=\"widget\" data-widget_type=\"html.default\">\n\t\t\t\t<div class=\"elementor-widget-container\">\n\t\t\t\t\t <!-- Google Tag Manager -->\r\n    <script>(function (w, d, s, l, i) {\r\n                w[l] = w[l] || [];\r\n                w[l].push({\r\n                    'gtm.start':\r\n                        new Date().getTime(), event: 'gtm.js'\r\n                });\r\n                var f = d.getElementsByTagName(s)[0],\r\n                    j = d.createElement(s), dl = l != 'dataLayer' ? '&l=' + l : '';\r\n                j.async = true;\r\n                j.src =\r\n                    'https:\/\/www.googletagmanager.com\/gtm.js?id=' + i + dl;\r\n                f.parentNode.insertBefore(j, f);\r\n            })(window, document, 'script', 'dataLayer', 'GTM-5BVBK9T');\r\n    <\/script>\r\n    <!-- End Google Tag Manager -->\r\n\t<!-- Google Tag Manager (noscript) -->\r\n\t<noscript>\r\n\t\t<iframe src=\"https:\/\/www.googletagmanager.com\/ns.html?id=GTM-5BVBK9T\" height=\"0\" width=\"0\" style=\"display:none;visibility:hidden\"><\/iframe>\r\n\t<\/noscript>\r\n\t<!-- End Google Tag Manager (noscript) -->\t\t\t\t<\/div>\n\t\t\t\t<\/div>\n\t\t\t\t<div class=\"elementor-element elementor-element-70eb1572 elementor-widget elementor-widget-image\" data-id=\"70eb1572\" data-element_type=\"widget\" data-widget_type=\"image.default\">\n\t\t\t\t<div class=\"elementor-widget-container\">\n\t\t\t\t\t\t\t\t\t\t\t\t\t\t\t<img fetchpriority=\"high\" decoding=\"async\" width=\"900\" height=\"101\" src=\"https:\/\/gumi.hu\/auto-gumi\/wp-content\/uploads\/2021\/03\/TRIANGLE-1024x115.png\" class=\"attachment-large size-large wp-image-4716\" alt=\"triangle\" srcset=\"https:\/\/gumi.hu\/auto-gumi\/wp-content\/uploads\/2021\/03\/TRIANGLE-1024x115.png 1024w, https:\/\/gumi.hu\/auto-gumi\/wp-content\/uploads\/2021\/03\/TRIANGLE-300x34.png 300w, https:\/\/gumi.hu\/auto-gumi\/wp-content\/uploads\/2021\/03\/TRIANGLE-768x86.png 768w, https:\/\/gumi.hu\/auto-gumi\/wp-content\/uploads\/2021\/03\/TRIANGLE-1536x172.png 1536w, https:\/\/gumi.hu\/auto-gumi\/wp-content\/uploads\/2021\/03\/TRIANGLE.png 1845w\" sizes=\"(max-width: 900px) 100vw, 900px\" \/>\t\t\t\t\t\t\t\t\t\t\t\t\t\t\t<\/div>\n\t\t\t\t<\/div>\n\t\t\t\t<div class=\"elementor-element elementor-element-5ca076ea elementor-widget elementor-widget-heading\" data-id=\"5ca076ea\" data-element_type=\"widget\" data-widget_type=\"heading.default\">\n\t\t\t\t<div class=\"elementor-widget-container\">\n\t\t\t\t\t<h1 class=\"elementor-heading-title elementor-size-default\">Triangle Tripla El\u00e9gedetts\u00e9g<\/h1>\t\t\t\t<\/div>\n\t\t\t\t<\/div>\n\t\t\t\t<div class=\"elementor-element elementor-element-421cacd6 elementor-widget elementor-widget-text-editor\" data-id=\"421cacd6\" data-element_type=\"widget\" data-widget_type=\"text-editor.default\">\n\t\t\t\t<div class=\"elementor-widget-container\">\n\t\t\t\t\t\t\t\t\t<p>\u00dcdv\u00f6z\u00f6lj\u00fck a Triangle Tripla El\u00e9gedetts\u00e9gi programban<\/p>\t\t\t\t\t\t\t\t<\/div>\n\t\t\t\t<\/div>\n\t\t\t\t<div class=\"elementor-element elementor-element-cc3bbe9 elementor-widget elementor-widget-text-editor\" data-id=\"cc3bbe9\" data-element_type=\"widget\" data-widget_type=\"text-editor.default\">\n\t\t\t\t<div class=\"elementor-widget-container\">\n\t\t\t\t\t\t\t\t\t<ul><li>Min\u0151s\u00e9gi Garancia<\/li>\n<li>15 napos \u00e9s legfeljebb 1000 km-es vezet\u00e9si \u00e9lm\u00e9ny garancia<\/li>\n<li>V\u00e9letlen\u00fcl bek\u00f6vetkez\u0151 s\u00e9r\u00fcl\u00e9sekre vonatkoz\u00f3 \u00e9lettartam garancia<\/li>\n<\/ul>\t\t\t\t\t\t\t\t<\/div>\n\t\t\t\t<\/div>\n\t\t\t\t<div class=\"elementor-element elementor-element-211316ff elementor-widget elementor-widget-heading\" data-id=\"211316ff\" data-element_type=\"widget\" data-widget_type=\"heading.default\">\n\t\t\t\t<div class=\"elementor-widget-container\">\n\t\t\t\t\t<h2 class=\"elementor-heading-title elementor-size-default\">Tudnival\u00f3k:<\/h2>\t\t\t\t<\/div>\n\t\t\t\t<\/div>\n\t\t\t\t<div class=\"elementor-element elementor-element-657d01b3 elementor-widget elementor-widget-text-editor\" data-id=\"657d01b3\" data-element_type=\"widget\" data-widget_type=\"text-editor.default\">\n\t\t\t\t<div class=\"elementor-widget-container\">\n\t\t\t\t\t\t\t\t\t<p>A program szigor\u00faan a v\u00e1s\u00e1rl\u00f3ra szabott, a garancia nem ruh\u00e1zhat\u00f3 \u00e1t m\u00e1s szem\u00e9lyekre.<\/p><p>A garancia program az al\u00e1bbi felt\u00e9telek mellett \u00e9rv\u00e9nyes a n\u00e9gy darab \u00faj Triangle aut\u00f3- vagy SUV-abroncsb\u00f3l \u00e1ll\u00f3 szett megv\u00e1s\u00e1rl\u00e1sa eset\u00e9n, legyenek azok ny\u00e1ri vagy t\u00e9li kivitel\u0171ek, \u00e9s ha a v\u00e1s\u00e1rl\u00e1s a kezdem\u00e9nyez\u00e9sben r\u00e9szt vev\u0151 Triangle kiskeresked\u0151n\u00e9l t\u00f6rt\u00e9nt.<\/p><p>Tekintse meg a Triangle gumiabroncsok sz\u00e9les v\u00e1laszt\u00e9k\u00e1t a gumi.hu-n :<\/p>\t\t\t\t\t\t\t\t<\/div>\n\t\t\t\t<\/div>\n\t\t\t\t<div class=\"elementor-element elementor-element-7e8f4c0a elementor-mobile-align-center elementor-align-center elementor-widget elementor-widget-button\" data-id=\"7e8f4c0a\" data-element_type=\"widget\" data-widget_type=\"button.default\">\n\t\t\t\t<div class=\"elementor-widget-container\">\n\t\t\t\t\t\t\t\t\t<div class=\"elementor-button-wrapper\">\n\t\t\t\t\t<a class=\"elementor-button elementor-button-link elementor-size-sm\" href=\"https:\/\/gumi.hu\/auto-gumi\/triangle\/\">\n\t\t\t\t\t\t<span class=\"elementor-button-content-wrapper\">\n\t\t\t\t\t\t\t\t\t<span class=\"elementor-button-text\">TRIANGLE ABRONCSOK<\/span>\n\t\t\t\t\t<\/span>\n\t\t\t\t\t<\/a>\n\t\t\t\t<\/div>\n\t\t\t\t\t\t\t\t<\/div>\n\t\t\t\t<\/div>\n\t\t\t\t<div class=\"elementor-element elementor-element-ba64e76 elementor-widget elementor-widget-text-editor\" data-id=\"ba64e76\" data-element_type=\"widget\" data-widget_type=\"text-editor.default\">\n\t\t\t\t<div class=\"elementor-widget-container\">\n\t\t\t\t\t\t\t\t\t<p>K\u00e9rj\u00fck, ne feledje elolvasni a kik\u00f6t\u00e9seket \u00e9s felt\u00e9teleket!<\/p>\t\t\t\t\t\t\t\t<\/div>\n\t\t\t\t<\/div>\n\t\t\t\t<div class=\"elementor-element elementor-element-ff7bc2d elementor-mobile-align-center elementor-align-center elementor-widget elementor-widget-button\" data-id=\"ff7bc2d\" data-element_type=\"widget\" data-widget_type=\"button.default\">\n\t\t\t\t<div class=\"elementor-widget-container\">\n\t\t\t\t\t\t\t\t\t<div class=\"elementor-button-wrapper\">\n\t\t\t\t\t<a class=\"elementor-button elementor-button-link elementor-size-sm\" href=\"https:\/\/trianglesatisfaction.com\/hu\/\">\n\t\t\t\t\t\t<span class=\"elementor-button-content-wrapper\">\n\t\t\t\t\t\t\t\t\t<span class=\"elementor-button-text\">Regisztr\u00e1ljon a garanci\u00e1ra!<\/span>\n\t\t\t\t\t<\/span>\n\t\t\t\t\t<\/a>\n\t\t\t\t<\/div>\n\t\t\t\t\t\t\t\t<\/div>\n\t\t\t\t<\/div>\n\t\t\t\t<div class=\"elementor-element elementor-element-782e040e elementor-widget elementor-widget-heading\" data-id=\"782e040e\" data-element_type=\"widget\" data-widget_type=\"heading.default\">\n\t\t\t\t<div class=\"elementor-widget-container\">\n\t\t\t\t\t<h3 class=\"elementor-heading-title elementor-size-default\">Hogyan lehet regisztr\u00e1lni a Triangle garanci\u00e1ra:<\/h3>\t\t\t\t<\/div>\n\t\t\t\t<\/div>\n\t\t\t\t<div class=\"elementor-element elementor-element-b826e35 elementor-widget elementor-widget-text-editor\" data-id=\"b826e35\" data-element_type=\"widget\" data-widget_type=\"text-editor.default\">\n\t\t\t\t<div class=\"elementor-widget-container\">\n\t\t\t\t\t\t\t\t\t<p>Ahhoz, hogy ig\u00e9nybe vehesse a \u201eTriangle Triple Satisfaction\u201d garanci\u00e1t, az \u00fcgyf\u00e9lnek regisztr\u00e1lnia kell a www.trianglesatisfaction.com weboldalon azt a 4 abroncsb\u00f3l \u00e1ll\u00f3 szettet, amelyet az al\u00e1bbi Triangle term\u00e9kekb\u0151l v\u00e1s\u00e1rolt:<\/p>\t\t\t\t\t\t\t\t<\/div>\n\t\t\t\t<\/div>\n\t\t\t\t<section class=\"elementor-section elementor-inner-section elementor-element elementor-element-498a7c0 elementor-section-boxed elementor-section-height-default elementor-section-height-default\" data-id=\"498a7c0\" data-element_type=\"section\" data-settings=\"{&quot;background_background&quot;:&quot;classic&quot;}\">\n\t\t\t\t\t\t<div class=\"elementor-container elementor-column-gap-default\">\n\t\t\t\t\t<div class=\"elementor-column elementor-col-50 elementor-inner-column elementor-element elementor-element-18360c0\" data-id=\"18360c0\" data-element_type=\"column\">\n\t\t\t<div class=\"elementor-widget-wrap elementor-element-populated\">\n\t\t\t\t\t\t<div class=\"elementor-element elementor-element-7e941b7 elementor-widget elementor-widget-text-editor\" data-id=\"7e941b7\" data-element_type=\"widget\" data-widget_type=\"text-editor.default\">\n\t\t\t\t<div class=\"elementor-widget-container\">\n\t\t\t\t\t\t\t\t\t<ul><li><span style=\"letter-spacing: 0px; word-spacing: 0em;\">A regisztr\u00e1ci\u00f3nak a v\u00e1s\u00e1rl\u00e1s id\u0151pontj\u00e1t\u00f3l sz\u00e1m\u00edtott 48 \u00f3r\u00e1n bel\u00fcl kell megt\u00f6rt\u00e9nnie.<\/span><\/li><li>Az \u00fcgyf\u00e9lnek k\u00e9sz\u00edtenie kell egy f\u00e9nyk\u00e9pet a sz\u00e1ml\u00e1r\u00f3l vagy a v\u00e1s\u00e1rl\u00e1st igazol\u00f3 nyugt\u00e1r\u00f3l, amelyet k\u00e9pk\u00e9nt kell felt\u00f6ltenie az oldalra, \u00e9s meg kell adnia a k\u00f6vetkez\u0151 adatokat:<\/li><li>a v\u00e1s\u00e1rl\u00f3: vezet\u00e9k- \u00e9s keresztneve, sz\u00fclet\u00e9si d\u00e1tuma, c\u00edme, postai ir\u00e1ny\u00edt\u00f3sz\u00e1ma, email c\u00edme, mobil telefonsz\u00e1ma;<\/li><li>a j\u00e1rm\u0171: rendsz\u00e1ma, modellje \u00e9s m\u00e1rk\u00e1ja, a megtett kilom\u00e9terek sz\u00e1ma a Triangle abroncsok v\u00e1s\u00e1rl\u00e1s\u00e1nak az id\u0151pontj\u00e1ban;<\/li><\/ul>\t\t\t\t\t\t\t\t<\/div>\n\t\t\t\t<\/div>\n\t\t\t\t\t<\/div>\n\t\t<\/div>\n\t\t\t\t<div class=\"elementor-column elementor-col-50 elementor-inner-column elementor-element elementor-element-1f393c8\" data-id=\"1f393c8\" data-element_type=\"column\">\n\t\t\t<div class=\"elementor-widget-wrap elementor-element-populated\">\n\t\t\t\t\t\t<div class=\"elementor-element elementor-element-e4d7dcb elementor-widget elementor-widget-text-editor\" data-id=\"e4d7dcb\" data-element_type=\"widget\" data-widget_type=\"text-editor.default\">\n\t\t\t\t<div class=\"elementor-widget-container\">\n\t\t\t\t\t\t\t\t\t<ul><li>a kiskeresked\u0151: v\u00e1llalat neve, a kiskeresked\u0151 neve, c\u00edme, postai ir\u00e1ny\u00edt\u00f3sz\u00e1ma, ad\u00f3sz\u00e1ma;<\/li><li>a v\u00e1s\u00e1rl\u00e1st igazol\u00f3 dokumentum k\u00e9pe (a k\u00e9pet fel kell t\u00f6lteni a weboldalra).<\/li><li>A sz\u00e1mla vagy a v\u00e1s\u00e1rl\u00e1st igazol\u00f3 dokumentum k\u00e9pe alapvet\u0151 k\u00f6vetelm\u00e9nye a garancia aktiv\u00e1l\u00e1s\u00e1hoz.<p>Ennek elmulaszt\u00e1sa eset\u00e9n a garancia nem lesz \u00e9rv\u00e9nyes.<br \/>A weboldalra felt\u00f6lt\u00f6tt sz\u00e1ml\u00e1nak vagy a v\u00e1s\u00e1rl\u00e1st bizony\u00edt\u00f3 dokumentumnak olvashat\u00f3nak kell lennie.<\/p><p>\u00a0<\/p><\/li><\/ul>\t\t\t\t\t\t\t\t<\/div>\n\t\t\t\t<\/div>\n\t\t\t\t\t<\/div>\n\t\t<\/div>\n\t\t\t\t\t<\/div>\n\t\t<\/section>\n\t\t\t\t<div class=\"elementor-element elementor-element-c8fcde6 elementor-widget elementor-widget-text-editor\" data-id=\"c8fcde6\" data-element_type=\"widget\" data-widget_type=\"text-editor.default\">\n\t\t\t\t<div class=\"elementor-widget-container\">\n\t\t\t\t\t\t\t\t\t<p>A regisztr\u00e1ci\u00f3s folyamat sikeres befejez\u00e9se ut\u00e1n a www.trianglesatisfaction.com weboldalon a Triangle elk\u00fcldi a garancia dokumentumot a v\u00e1s\u00e1rl\u00f3nak.<\/p>\t\t\t\t\t\t\t\t<\/div>\n\t\t\t\t<\/div>\n\t\t\t\t<div class=\"elementor-element elementor-element-55f2a3e elementor-widget elementor-widget-image\" data-id=\"55f2a3e\" data-element_type=\"widget\" data-widget_type=\"image.default\">\n\t\t\t\t<div class=\"elementor-widget-container\">\n\t\t\t\t\t\t\t\t\t\t\t\t\t\t\t<img decoding=\"async\" width=\"597\" height=\"256\" src=\"https:\/\/gumi.hu\/auto-gumi\/wp-content\/uploads\/2023\/04\/gumi.hulogo.png\" class=\"attachment-large size-large wp-image-10534\" alt=\"\" srcset=\"https:\/\/gumi.hu\/auto-gumi\/wp-content\/uploads\/2023\/04\/gumi.hulogo.png 597w, https:\/\/gumi.hu\/auto-gumi\/wp-content\/uploads\/2023\/04\/gumi.hulogo-300x129.png 300w\" sizes=\"(max-width: 597px) 100vw, 597px\" \/>\t\t\t\t\t\t\t\t\t\t\t\t\t\t\t<\/div>\n\t\t\t\t<\/div>\n\t\t\t\t\t<\/div>\n\t\t<\/div>\n\t\t\t\t\t<\/div>\n\t\t<\/section>\n\t\t\t\t<\/div>\n\t\t","protected":false},"excerpt":{"rendered":"<p>Triangle Tripla El\u00e9gedetts\u00e9g \u00dcdv\u00f6z\u00f6lj\u00fck a Triangle Tripla El\u00e9gedetts\u00e9gi programban Min\u0151s\u00e9gi Garancia 15 napos \u00e9s legfeljebb 1000 km-es vezet\u00e9si \u00e9lm\u00e9ny garancia V\u00e9letlen\u00fcl bek\u00f6vetkez\u0151 s\u00e9r\u00fcl\u00e9sekre vonatkoz\u00f3 \u00e9lettartam garancia Tudnival\u00f3k: A program szigor\u00faan a v\u00e1s\u00e1rl\u00f3ra szabott, a garancia nem ruh\u00e1zhat\u00f3 \u00e1t m\u00e1s szem\u00e9lyekre. A garancia program az al\u00e1bbi felt\u00e9telek mellett \u00e9rv\u00e9nyes a n\u00e9gy darab \u00faj Triangle aut\u00f3- vagy &#8230; <a title=\"Triangle Tripla El\u00e9gedetts\u00e9g\" class=\"read-more\" href=\"https:\/\/gumi.hu\/auto-gumi\/triange-tripla-elegedettseg\/\" aria-label=\"Read more about Triangle Tripla El\u00e9gedetts\u00e9g\">Olvass tov\u00e1bb<\/a><\/p>\n","protected":false},"author":1,"featured_media":0,"parent":0,"menu_order":0,"comment_status":"closed","ping_status":"closed","template":"elementor_canvas","meta":{"footnotes":""},"class_list":["post-9893","page","type-page","status-publish"],"yoast_head":"<!-- This site is optimized with the Yoast SEO plugin v26.7 - https:\/\/yoast.com\/wordpress\/plugins\/seo\/ -->\n<title>Triangle Tripla El\u00e9gedetts\u00e9g - Gumi.hu<\/title>\n<meta name=\"robots\" content=\"noindex, follow\" \/>\n<meta property=\"og:locale\" content=\"hu_HU\" \/>\n<meta property=\"og:type\" content=\"article\" \/>\n<meta property=\"og:title\" content=\"Triangle Tripla El\u00e9gedetts\u00e9g - Gumi.hu\" \/>\n<meta property=\"og:description\" content=\"Triangle Tripla El\u00e9gedetts\u00e9g \u00dcdv\u00f6z\u00f6lj\u00fck a Triangle Tripla El\u00e9gedetts\u00e9gi programban Min\u0151s\u00e9gi Garancia 15 napos \u00e9s legfeljebb 1000 km-es vezet\u00e9si \u00e9lm\u00e9ny garancia V\u00e9letlen\u00fcl bek\u00f6vetkez\u0151 s\u00e9r\u00fcl\u00e9sekre vonatkoz\u00f3 \u00e9lettartam garancia Tudnival\u00f3k: A program szigor\u00faan a v\u00e1s\u00e1rl\u00f3ra szabott, a garancia nem ruh\u00e1zhat\u00f3 \u00e1t m\u00e1s szem\u00e9lyekre. A garancia program az al\u00e1bbi felt\u00e9telek mellett \u00e9rv\u00e9nyes a n\u00e9gy darab \u00faj Triangle aut\u00f3- vagy ... Olvass tov\u00e1bb\" \/>\n<meta property=\"og:url\" content=\"https:\/\/gumi.hu\/auto-gumi\/triange-tripla-elegedettseg\/\" \/>\n<meta property=\"og:site_name\" content=\"Gumi.hu\" \/>\n<meta property=\"article:publisher\" content=\"https:\/\/www.facebook.com\/akhautoszerviz\/\" \/>\n<meta property=\"article:modified_time\" content=\"2024-11-13T09:32:02+00:00\" \/>\n<meta property=\"og:image\" content=\"https:\/\/gumi.hu\/auto-gumi\/wp-content\/uploads\/2021\/03\/TRIANGLE-1024x115.png\" \/>\n<meta name=\"twitter:card\" content=\"summary_large_image\" \/>\n<meta name=\"twitter:label1\" content=\"Becs\u00fclt olvas\u00e1si id\u0151\" \/>\n\t<meta name=\"twitter:data1\" content=\"2 perc\" \/>\n<script type=\"application\/ld+json\" class=\"yoast-schema-graph\">{\"@context\":\"https:\/\/schema.org\",\"@graph\":[{\"@type\":\"WebPage\",\"@id\":\"https:\/\/gumi.hu\/auto-gumi\/triange-tripla-elegedettseg\/\",\"url\":\"https:\/\/gumi.hu\/auto-gumi\/triange-tripla-elegedettseg\/\",\"name\":\"Triangle Tripla El\u00e9gedetts\u00e9g - Gumi.hu\",\"isPartOf\":{\"@id\":\"https:\/\/gumi.hu\/auto-gumi\/#website\"},\"primaryImageOfPage\":{\"@id\":\"https:\/\/gumi.hu\/auto-gumi\/triange-tripla-elegedettseg\/#primaryimage\"},\"image\":{\"@id\":\"https:\/\/gumi.hu\/auto-gumi\/triange-tripla-elegedettseg\/#primaryimage\"},\"thumbnailUrl\":\"https:\/\/gumi.hu\/auto-gumi\/wp-content\/uploads\/2021\/03\/TRIANGLE-1024x115.png\",\"datePublished\":\"2022-11-22T11:33:01+00:00\",\"dateModified\":\"2024-11-13T09:32:02+00:00\",\"breadcrumb\":{\"@id\":\"https:\/\/gumi.hu\/auto-gumi\/triange-tripla-elegedettseg\/#breadcrumb\"},\"inLanguage\":\"hu\",\"potentialAction\":[{\"@type\":\"ReadAction\",\"target\":[\"https:\/\/gumi.hu\/auto-gumi\/triange-tripla-elegedettseg\/\"]}]},{\"@type\":\"ImageObject\",\"inLanguage\":\"hu\",\"@id\":\"https:\/\/gumi.hu\/auto-gumi\/triange-tripla-elegedettseg\/#primaryimage\",\"url\":\"https:\/\/gumi.hu\/auto-gumi\/wp-content\/uploads\/2021\/03\/TRIANGLE.png\",\"contentUrl\":\"https:\/\/gumi.hu\/auto-gumi\/wp-content\/uploads\/2021\/03\/TRIANGLE.png\",\"width\":1845,\"height\":207,\"caption\":\"triangle\"},{\"@type\":\"BreadcrumbList\",\"@id\":\"https:\/\/gumi.hu\/auto-gumi\/triange-tripla-elegedettseg\/#breadcrumb\",\"itemListElement\":[{\"@type\":\"ListItem\",\"position\":1,\"name\":\"Kezd\u0151lap\",\"item\":\"https:\/\/gumi.hu\/auto-gumi\/\"},{\"@type\":\"ListItem\",\"position\":2,\"name\":\"Triangle Tripla El\u00e9gedetts\u00e9g\"}]},{\"@type\":\"WebSite\",\"@id\":\"https:\/\/gumi.hu\/auto-gumi\/#website\",\"url\":\"https:\/\/gumi.hu\/auto-gumi\/\",\"name\":\"Gumi.hu\",\"description\":\"\",\"publisher\":{\"@id\":\"https:\/\/gumi.hu\/auto-gumi\/#organization\"},\"potentialAction\":[{\"@type\":\"SearchAction\",\"target\":{\"@type\":\"EntryPoint\",\"urlTemplate\":\"https:\/\/gumi.hu\/auto-gumi\/?s={search_term_string}\"},\"query-input\":{\"@type\":\"PropertyValueSpecification\",\"valueRequired\":true,\"valueName\":\"search_term_string\"}}],\"inLanguage\":\"hu\"},{\"@type\":\"Organization\",\"@id\":\"https:\/\/gumi.hu\/auto-gumi\/#organization\",\"name\":\"Gumi.hu\",\"url\":\"https:\/\/gumi.hu\/auto-gumi\/\",\"logo\":{\"@type\":\"ImageObject\",\"inLanguage\":\"hu\",\"@id\":\"https:\/\/gumi.hu\/auto-gumi\/#\/schema\/logo\/image\/\",\"url\":\"https:\/\/gumi.hu\/auto-gumi\/wp-content\/uploads\/2021\/12\/cropped-gumi.hulogo.png\",\"contentUrl\":\"https:\/\/gumi.hu\/auto-gumi\/wp-content\/uploads\/2021\/12\/cropped-gumi.hulogo.png\",\"width\":597,\"height\":256,\"caption\":\"Gumi.hu\"},\"image\":{\"@id\":\"https:\/\/gumi.hu\/auto-gumi\/#\/schema\/logo\/image\/\"},\"sameAs\":[\"https:\/\/www.facebook.com\/akhautoszerviz\/\",\"https:\/\/www.instagram.com\/gumi.hu_poweredbyakh\/\",\"https:\/\/www.youtube.com\/channel\/UCyYJ0QGG6gLMXAADVRYY6_w\"]}]}<\/script>\n<!-- \/ Yoast SEO plugin. -->","yoast_head_json":{"title":"Triangle Tripla El\u00e9gedetts\u00e9g - Gumi.hu","robots":{"index":"noindex","follow":"follow"},"og_locale":"hu_HU","og_type":"article","og_title":"Triangle Tripla El\u00e9gedetts\u00e9g - Gumi.hu","og_description":"Triangle Tripla El\u00e9gedetts\u00e9g \u00dcdv\u00f6z\u00f6lj\u00fck a Triangle Tripla El\u00e9gedetts\u00e9gi programban Min\u0151s\u00e9gi Garancia 15 napos \u00e9s legfeljebb 1000 km-es vezet\u00e9si \u00e9lm\u00e9ny garancia V\u00e9letlen\u00fcl bek\u00f6vetkez\u0151 s\u00e9r\u00fcl\u00e9sekre vonatkoz\u00f3 \u00e9lettartam garancia Tudnival\u00f3k: A program szigor\u00faan a v\u00e1s\u00e1rl\u00f3ra szabott, a garancia nem ruh\u00e1zhat\u00f3 \u00e1t m\u00e1s szem\u00e9lyekre. A garancia program az al\u00e1bbi felt\u00e9telek mellett \u00e9rv\u00e9nyes a n\u00e9gy darab \u00faj Triangle aut\u00f3- vagy ... Olvass tov\u00e1bb","og_url":"https:\/\/gumi.hu\/auto-gumi\/triange-tripla-elegedettseg\/","og_site_name":"Gumi.hu","article_publisher":"https:\/\/www.facebook.com\/akhautoszerviz\/","article_modified_time":"2024-11-13T09:32:02+00:00","og_image":[{"url":"https:\/\/gumi.hu\/auto-gumi\/wp-content\/uploads\/2021\/03\/TRIANGLE-1024x115.png","type":"","width":"","height":""}],"twitter_card":"summary_large_image","twitter_misc":{"Becs\u00fclt olvas\u00e1si id\u0151":"2 perc"},"schema":{"@context":"https:\/\/schema.org","@graph":[{"@type":"WebPage","@id":"https:\/\/gumi.hu\/auto-gumi\/triange-tripla-elegedettseg\/","url":"https:\/\/gumi.hu\/auto-gumi\/triange-tripla-elegedettseg\/","name":"Triangle Tripla El\u00e9gedetts\u00e9g - Gumi.hu","isPartOf":{"@id":"https:\/\/gumi.hu\/auto-gumi\/#website"},"primaryImageOfPage":{"@id":"https:\/\/gumi.hu\/auto-gumi\/triange-tripla-elegedettseg\/#primaryimage"},"image":{"@id":"https:\/\/gumi.hu\/auto-gumi\/triange-tripla-elegedettseg\/#primaryimage"},"thumbnailUrl":"https:\/\/gumi.hu\/auto-gumi\/wp-content\/uploads\/2021\/03\/TRIANGLE-1024x115.png","datePublished":"2022-11-22T11:33:01+00:00","dateModified":"2024-11-13T09:32:02+00:00","breadcrumb":{"@id":"https:\/\/gumi.hu\/auto-gumi\/triange-tripla-elegedettseg\/#breadcrumb"},"inLanguage":"hu","potentialAction":[{"@type":"ReadAction","target":["https:\/\/gumi.hu\/auto-gumi\/triange-tripla-elegedettseg\/"]}]},{"@type":"ImageObject","inLanguage":"hu","@id":"https:\/\/gumi.hu\/auto-gumi\/triange-tripla-elegedettseg\/#primaryimage","url":"https:\/\/gumi.hu\/auto-gumi\/wp-content\/uploads\/2021\/03\/TRIANGLE.png","contentUrl":"https:\/\/gumi.hu\/auto-gumi\/wp-content\/uploads\/2021\/03\/TRIANGLE.png","width":1845,"height":207,"caption":"triangle"},{"@type":"BreadcrumbList","@id":"https:\/\/gumi.hu\/auto-gumi\/triange-tripla-elegedettseg\/#breadcrumb","itemListElement":[{"@type":"ListItem","position":1,"name":"Kezd\u0151lap","item":"https:\/\/gumi.hu\/auto-gumi\/"},{"@type":"ListItem","position":2,"name":"Triangle Tripla El\u00e9gedetts\u00e9g"}]},{"@type":"WebSite","@id":"https:\/\/gumi.hu\/auto-gumi\/#website","url":"https:\/\/gumi.hu\/auto-gumi\/","name":"Gumi.hu","description":"","publisher":{"@id":"https:\/\/gumi.hu\/auto-gumi\/#organization"},"potentialAction":[{"@type":"SearchAction","target":{"@type":"EntryPoint","urlTemplate":"https:\/\/gumi.hu\/auto-gumi\/?s={search_term_string}"},"query-input":{"@type":"PropertyValueSpecification","valueRequired":true,"valueName":"search_term_string"}}],"inLanguage":"hu"},{"@type":"Organization","@id":"https:\/\/gumi.hu\/auto-gumi\/#organization","name":"Gumi.hu","url":"https:\/\/gumi.hu\/auto-gumi\/","logo":{"@type":"ImageObject","inLanguage":"hu","@id":"https:\/\/gumi.hu\/auto-gumi\/#\/schema\/logo\/image\/","url":"https:\/\/gumi.hu\/auto-gumi\/wp-content\/uploads\/2021\/12\/cropped-gumi.hulogo.png","contentUrl":"https:\/\/gumi.hu\/auto-gumi\/wp-content\/uploads\/2021\/12\/cropped-gumi.hulogo.png","width":597,"height":256,"caption":"Gumi.hu"},"image":{"@id":"https:\/\/gumi.hu\/auto-gumi\/#\/schema\/logo\/image\/"},"sameAs":["https:\/\/www.facebook.com\/akhautoszerviz\/","https:\/\/www.instagram.com\/gumi.hu_poweredbyakh\/","https:\/\/www.youtube.com\/channel\/UCyYJ0QGG6gLMXAADVRYY6_w"]}]}},"_links":{"self":[{"href":"https:\/\/gumi.hu\/auto-gumi\/wp-json\/wp\/v2\/pages\/9893","targetHints":{"allow":["GET"]}}],"collection":[{"href":"https:\/\/gumi.hu\/auto-gumi\/wp-json\/wp\/v2\/pages"}],"about":[{"href":"https:\/\/gumi.hu\/auto-gumi\/wp-json\/wp\/v2\/types\/page"}],"author":[{"embeddable":true,"href":"https:\/\/gumi.hu\/auto-gumi\/wp-json\/wp\/v2\/users\/1"}],"replies":[{"embeddable":true,"href":"https:\/\/gumi.hu\/auto-gumi\/wp-json\/wp\/v2\/comments?post=9893"}],"version-history":[{"count":86,"href":"https:\/\/gumi.hu\/auto-gumi\/wp-json\/wp\/v2\/pages\/9893\/revisions"}],"predecessor-version":[{"id":15108,"href":"https:\/\/gumi.hu\/auto-gumi\/wp-json\/wp\/v2\/pages\/9893\/revisions\/15108"}],"wp:attachment":[{"href":"https:\/\/gumi.hu\/auto-gumi\/wp-json\/wp\/v2\/media?parent=9893"}],"curies":[{"name":"wp","href":"https:\/\/api.w.org\/{rel}","templated":true}]}}